{"id":8,"date":"2025-11-21T19:49:43","date_gmt":"2025-11-21T19:49:43","guid":{"rendered":"https:\/\/hosting-ai-terms.com\/?page_id=8"},"modified":"2025-12-03T17:08:17","modified_gmt":"2025-12-03T17:08:17","slug":"ai-powered-wordpress-tool-terms-of-service","status":"publish","type":"page","link":"https:\/\/hosting-ai-terms.com\/vi\/","title":{"rendered":"\u0110i\u1ec1u kho\u1ea3n d\u1ecbch v\u1ee5 c\u1ee7a c\u00f4ng c\u1ee5 WordPress \u0111\u01b0\u1ee3c h\u1ed7 tr\u1ee3 b\u1edfi tr\u00ed tu\u1ec7 nh\u00e2n t\u1ea1o (AI)"},"content":{"rendered":"<div class=\"wp-block-group has-global-padding is-layout-constrained wp-block-group-is-layout-constrained\"><\/p>\n<div class=\"notice-ai-translated\">\n<p><strong>L\u01b0u \u00fd:<\/strong> Trang n\u00e0y \u0111\u00e3 \u0111\u01b0\u1ee3c d\u1ecbch t\u1eeb phi\u00ean b\u1ea3n ti\u1ebfng Anh g\u1ed1c b\u1eb1ng tr\u00ed tu\u1ec7 nh\u00e2n t\u1ea1o (AI). <\/p>\n<p>\u0110\u1ec3 xem c\u00e1c thu\u1eadt ng\u1eef ti\u1ebfng Anh g\u1ed1c,<br \/>\n<a href=\"https:\/\/hosting-ai-terms.com\/en\/\" data-no-translation-href>Nh\u1ea5p v\u00e0o \u0111\u00e2y<\/a>.<\/p>\n<\/div>\n<p>\n<\/div>\n\n\n\n<h3 class=\"wp-block-heading is-style-default\" style=\"margin-top:var(--wp--preset--spacing--50);font-size:clamp(0.984rem, 0.984rem + ((1vw - 0.2rem) * 0.809), 1.5rem);\"><strong>S\u1eed d\u1ee5ng v\u00e0 \u1ee9ng d\u1ee5ng c\u1ee7a c\u00f4ng c\u1ee5 Tr\u00ed tu\u1ec7 Nh\u00e2n t\u1ea1o (AI)<\/strong><\/h3>\n\n\n\n<p>C\u00f4ng c\u1ee5 Tr\u00ed tu\u1ec7 Nh\u00e2n t\u1ea1o (sau \u0111\u00e2y g\u1ecdi t\u1eaft l\u00e0 \u201cC\u00f4ng c\u1ee5 AI\u201d) ch\u1ec9 \u0111\u01b0\u1ee3c s\u1eed d\u1ee5ng cho m\u1ee5c \u0111\u00edch \u0111\u00e3 \u0111\u1ecbnh, t\u1ee9c l\u00e0 \u0111\u1ec3 h\u1ed7 tr\u1ee3 vi\u1ec7c t\u1ea1o ho\u1eb7c ch\u1ec9nh s\u1eeda m\u1ed9t trang web \u0111\u01b0\u1ee3c \u1ee7y quy\u1ec1n. B\u1ea5t k\u1ef3 vi\u1ec7c s\u1eed d\u1ee5ng ho\u1eb7c khai th\u00e1c C\u00f4ng c\u1ee5 AI m\u1ed9t c\u00e1ch tr\u00e1i ph\u00e9p n\u00e0o c\u0169ng s\u1ebd vi ph\u1ea1m c\u00e1c h\u01b0\u1edbng d\u1eabn s\u1eed d\u1ee5ng C\u00f4ng c\u1ee5 AI c\u1ee7a ch\u00fang t\u00f4i v\u00e0 c\u00f3 th\u1ec3 d\u1eabn \u0111\u1ebfn vi\u1ec7c ch\u1ea5m d\u1ee9t quy\u1ec1n truy c\u1eadp c\u1ee7a b\u1ea1n v\u00e0o c\u00e1c t\u00ednh n\u0103ng c\u1ee7a C\u00f4ng c\u1ee5 AI.<\/p>\n\n\n\n<p>\u0110\u1ed1i v\u1edbi b\u1ea5t k\u1ef3 vi\u1ec7c s\u1eed d\u1ee5ng ho\u1eb7c khai th\u00e1c C\u00f4ng c\u1ee5 Tr\u00ed tu\u1ec7 Nh\u00e2n t\u1ea1o (AI Tool) n\u00e0o vi ph\u1ea1m c\u00e1c h\u01b0\u1edbng d\u1eabn c\u1ee7a ch\u00fang t\u00f4i, ph\u00e1p lu\u1eadt hi\u1ec7n h\u00e0nh ho\u1eb7c b\u1ea5t k\u1ef3 quy\u1ec1n s\u1edf h\u1eefu tr\u00ed tu\u1ec7 n\u00e0o c\u1ee7a b\u00ean th\u1ee9 ba, b\u1ea1n v\u1edbi t\u01b0 c\u00e1ch l\u00e0 ng\u01b0\u1eddi d\u00f9ng ho\u1eb7c c\u00f4ng ty c\u1ee7a b\u1ea1n s\u1ebd ph\u1ea3i ch\u1ecbu tr\u00e1ch nhi\u1ec7m ho\u00e0n to\u00e0n v\u00e0 b\u1ed3i th\u01b0\u1eddng cho b\u1ea5t k\u1ef3 thi\u1ec7t h\u1ea1i n\u00e0o m\u00e0 ch\u00fang t\u00f4i c\u00f3 th\u1ec3 ph\u1ea3i ch\u1ecbu li\u00ean quan \u0111\u1ebfn vi\u1ec7c \u0111\u00f3.<\/p>\n\n\n\n<p>C\u00f4ng c\u1ee5 AI t\u1ea1o ra m\u00e3 ho\u1eb7c \u0111\u1ec1 xu\u1ea5t v\u0103n b\u1ea3n. Do \u0111\u00f3, \u0111i\u1ec1u quan tr\u1ecdng l\u00e0 lu\u00f4n ki\u1ec3m tra v\u00e0 xem x\u00e9t k\u1ef9 l\u01b0\u1ee1ng c\u00e1c \u0111\u1ec1 xu\u1ea5t \u0111\u01b0\u1ee3c t\u1ea1o ra tr\u01b0\u1edbc khi b\u1ea1n ho\u1eb7c c\u00f4ng ty c\u1ee7a b\u1ea1n s\u1eed d\u1ee5ng k\u1ebft qu\u1ea3 \u0111\u00f3. K\u1ebft qu\u1ea3 \u0111\u1ea7u ra t\u1eeb C\u00f4ng c\u1ee5 AI \u0111\u01b0\u1ee3c d\u1ef1a tr\u00ean c\u00e1c m\u00f4 h\u00ecnh AI c\u1ee7a b\u00ean th\u1ee9 ba v\u00e0 ch\u00fang t\u00f4i kh\u00f4ng ch\u1ecbu tr\u00e1ch nhi\u1ec7m \u0111\u1ed1i v\u1edbi k\u1ebft qu\u1ea3 \u0111\u1ea7u ra do C\u00f4ng c\u1ee5 AI cung c\u1ea5p.<\/p>\n\n\n\n<h3 class=\"wp-block-heading\" style=\"margin-top:var(--wp--preset--spacing--60);font-size:clamp(0.984rem, 0.984rem + ((1vw - 0.2rem) * 0.809), 1.5rem);\"><strong>Tr\u00e1ch nhi\u1ec7m ph\u00e1p l\u00fd v\u00e0 tr\u00e1ch nhi\u1ec7m<\/strong><\/h3>\n\n\n\n<p>Ch\u00fang t\u00f4i v\u00e0 b\u1ea5t k\u1ef3 c\u00f4ng ty con n\u00e0o c\u1ee7a ch\u00fang t\u00f4i t\u1eeb ch\u1ed1i m\u1ecdi tr\u00e1ch nhi\u1ec7m v\u00e0 b\u1ed3i th\u01b0\u1eddng \u0111\u1ed1i v\u1edbi b\u1ea5t k\u1ef3 thi\u1ec7t h\u1ea1i n\u00e0o, d\u00f9 l\u00e0 tr\u1ef1c ti\u1ebfp, gi\u00e1n ti\u1ebfp, ng\u1eabu nhi\u00ean hay h\u1eadu qu\u1ea3, ph\u00e1t sinh t\u1eeb vi\u1ec7c s\u1eed d\u1ee5ng ho\u1eb7c khai th\u00e1c C\u00f4ng c\u1ee5 Tr\u00ed tu\u1ec7 Nh\u00e2n t\u1ea1o (AI Tool).<\/p>\n\n\n\n<p>Ch\u00fang t\u00f4i v\u00e0 b\u1ea5t k\u1ef3 c\u00f4ng ty con n\u00e0o c\u1ee7a ch\u00fang t\u00f4i kh\u00f4ng ch\u1ecbu tr\u00e1ch nhi\u1ec7m b\u1ed3i th\u01b0\u1eddng d\u01b0\u1edbi b\u1ea5t k\u1ef3 h\u00ecnh th\u1ee9c n\u00e0o cho c\u00e1c t\u1ed5n th\u1ea5t ho\u1eb7c th\u01b0\u01a1ng t\u00edch, bao g\u1ed3m c\u1ea3 b\u1ed3i th\u01b0\u1eddng tr\u1eebng ph\u1ea1t, ph\u00e1t sinh t\u1eeb vi\u1ec7c s\u1eed d\u1ee5ng ho\u1eb7c khai th\u00e1c AI Texts.<\/p>\n\n\n\n<h3 class=\"wp-block-heading\" style=\"margin-top:var(--wp--preset--spacing--50);font-size:clamp(0.984rem, 0.984rem + ((1vw - 0.2rem) * 0.809), 1.5rem);\"><strong>M\u00f4 h\u00ecnh AI c\u1ee7a b\u00ean th\u1ee9 ba<\/strong><\/h3>\n\n\n\n<p>C\u00f4ng c\u1ee5 AI s\u1eed d\u1ee5ng c\u00e1c m\u00f4 h\u00ecnh AI c\u1ee7a b\u00ean th\u1ee9 ba t\u1eeb nhi\u1ec1u nh\u00e0 cung c\u1ea5p kh\u00e1c nhau. D\u01b0\u1edbi \u0111\u00e2y l\u00e0 danh s\u00e1ch c\u00e1c nh\u00e0 cung c\u1ea5p hi\u1ec7n t\u1ea1i c\u00f9ng v\u1edbi \u0111i\u1ec1u kho\u1ea3n d\u1ecbch v\u1ee5 v\u00e0 ch\u00ednh s\u00e1ch b\u1ea3o m\u1eadt c\u1ee7a h\u1ecd. C\u00e1c m\u00f4 h\u00ecnh AI c\u1ee7a b\u00ean th\u1ee9 ba \u0111\u01b0\u1ee3c s\u1eed d\u1ee5ng c\u00f3 th\u1ec3 thay \u0111\u1ed5i b\u1ea5t c\u1ee9 l\u00fac n\u00e0o. Khi s\u1eed d\u1ee5ng C\u00f4ng c\u1ee5 AI, ngo\u00e0i vi\u1ec7c ch\u1ea5p nh\u1eadn c\u00e1c \u0111i\u1ec1u kho\u1ea3n n\u00e0y, b\u1ea1n c\u0169ng s\u1ebd ch\u1ea5p nh\u1eadn c\u00e1c \u0111i\u1ec1u kho\u1ea3n d\u1ecbch v\u1ee5 d\u01b0\u1edbi \u0111\u00e2y v\u00e0 c\u00e1c ch\u00ednh s\u00e1ch b\u1ea3o m\u1eadt d\u01b0\u1edbi \u0111\u00e2y s\u1ebd \u00e1p d\u1ee5ng cho b\u1ea5t k\u1ef3 d\u1eef li\u1ec7u n\u00e0o b\u1ea1n ho\u1eb7c c\u00f4ng ty c\u1ee7a b\u1ea1n nh\u1eadp v\u00e0o C\u00f4ng c\u1ee5 AI:<\/p>\n\n\n\n<ul class=\"wp-block-list\">\n<li>OpenAI\n<ul class=\"wp-block-list\">\n<li>\u0110i\u1ec1u kho\u1ea3n d\u1ecbch v\u1ee5: https:\/\/openai.com\/policies\/row-terms-of-use\/<\/li>\n\n\n\n<li>Ch\u00ednh s\u00e1ch b\u1ea3o m\u1eadt: https:\/\/openai.com\/policies\/row-privacy-policy\/<\/li>\n<\/ul>\n<\/li>\n\n\n\n<li>Microsoft Azure\n<ul class=\"wp-block-list\">\n<li>\u0110i\u1ec1u kho\u1ea3n d\u1ecbch v\u1ee5: https:\/\/www.microsoft.com\/en-us\/servicesagreement<\/li>\n\n\n\n<li>Ch\u00ednh s\u00e1ch b\u1ea3o m\u1eadt: https:\/\/www.microsoft.com\/en-us\/privacy\/privacystatement<\/li>\n<\/ul>\n<\/li>\n\n\n\n<li>Google\n<ul class=\"wp-block-list\">\n<li>\u0110i\u1ec1u kho\u1ea3n d\u1ecbch v\u1ee5: https:\/\/policies.google.com\/terms<\/li>\n\n\n\n<li>Ch\u00ednh s\u00e1ch b\u1ea3o m\u1eadt: https:\/\/policies.google.com\/privacy<\/li>\n<\/ul>\n<\/li>\n\n\n\n<li>Nh\u00e2n v\u0103n\n<ul class=\"wp-block-list\">\n<li>\u0110i\u1ec1u kho\u1ea3n d\u1ecbch v\u1ee5: https:\/\/www.anthropic.com\/legal\/commercial-terms<\/li>\n\n\n\n<li>Ch\u00ednh s\u00e1ch b\u1ea3o m\u1eadt: https:\/\/www.anthropic.com\/legal\/privacy<\/li>\n<\/ul>\n<\/li>\n\n\n\n<li>xAI\n<ul class=\"wp-block-list\">\n<li>\u0110i\u1ec1u kho\u1ea3n d\u1ecbch v\u1ee5: https:\/\/x.ai\/legal\/terms-of-service\/<\/li>\n\n\n\n<li>Ch\u00ednh s\u00e1ch b\u1ea3o m\u1eadt: https:\/\/x.ai\/legal\/privacy-policy\/<\/li>\n<\/ul>\n<\/li>\n<\/ul>\n\n\n\n<h3 class=\"wp-block-heading\" style=\"margin-top:var(--wp--preset--spacing--50);font-size:clamp(0.984rem, 0.984rem + ((1vw - 0.2rem) * 0.809), 1.5rem);\"><strong>S\u1ef1 ch\u1ea5p nh\u1eadn<\/strong><\/h3>\n\n\n\n<p>C\u00e1c \u0111i\u1ec1u kho\u1ea3n n\u00e0y ch\u1ec9 \u00e1p d\u1ee5ng cho l\u1ea7n \u0111\u1ea7u ti\u00ean b\u1ea1n s\u1eed d\u1ee5ng C\u00f4ng c\u1ee5 Tr\u00ed tu\u1ec7 Nh\u00e2n t\u1ea1o (AI Tool) v\u00e0 b\u1eb1ng vi\u1ec7c s\u1eed d\u1ee5ng C\u00f4ng c\u1ee5 Tr\u00ed tu\u1ec7 Nh\u00e2n t\u1ea1o, b\u1ea1n \u0111\u1ed3ng \u00fd v\u1edbi c\u00e1c \u0111i\u1ec1u kho\u1ea3n n\u00e0y. Sau khi \u0111\u1ed3ng \u00fd v\u1edbi c\u00e1c \u0111i\u1ec1u kho\u1ea3n, b\u1ea1n lu\u00f4n c\u00f3 th\u1ec3 t\u00ecm l\u1ea1i ch\u00fang t\u1eeb li\u00ean k\u1ebft n\u00e0y.<\/p>\n\n\n\n<p>B\u1ea5t k\u1ef3 tranh ch\u1ea5p n\u00e0o ph\u00e1t sinh t\u1eeb ho\u1eb7c li\u00ean quan \u0111\u1ebfn c\u00e1c \u0111i\u1ec1u kho\u1ea3n n\u00e0y s\u1ebd \u0111\u01b0\u1ee3c gi\u1ea3i quy\u1ebft theo c\u00e1c \u0111i\u1ec1u kho\u1ea3n v\u00e0 \u0111i\u1ec1u ki\u1ec7n chung \u00e1p d\u1ee5ng cho d\u1ecbch v\u1ee5 c\u1ee7a ch\u00fang t\u00f4i.<\/p>","protected":false},"excerpt":{"rendered":"<p>Use and application of AI Tool This AI tool (hereinafter &#8220;AI Tool&#8221;) may only be used for the intended purpose, i.e. to support creating or editing an authorized website. Any unauthorized use or utilization of AI Tool will violate our guidelines for the use of AI Tool and may result in termination of your access [&hellip;]<\/p>\n","protected":false},"author":3,"featured_media":0,"parent":0,"menu_order":0,"comment_status":"closed","ping_status":"closed","template":"","meta":{"footnotes":""},"class_list":["post-8","page","type-page","status-publish","hentry"],"_links":{"self":[{"href":"https:\/\/hosting-ai-terms.com\/vi\/wp-json\/wp\/v2\/pages\/8","targetHints":{"allow":["GET"]}}],"collection":[{"href":"https:\/\/hosting-ai-terms.com\/vi\/wp-json\/wp\/v2\/pages"}],"about":[{"href":"https:\/\/hosting-ai-terms.com\/vi\/wp-json\/wp\/v2\/types\/page"}],"author":[{"embeddable":true,"href":"https:\/\/hosting-ai-terms.com\/vi\/wp-json\/wp\/v2\/users\/3"}],"replies":[{"embeddable":true,"href":"https:\/\/hosting-ai-terms.com\/vi\/wp-json\/wp\/v2\/comments?post=8"}],"version-history":[{"count":21,"href":"https:\/\/hosting-ai-terms.com\/vi\/wp-json\/wp\/v2\/pages\/8\/revisions"}],"predecessor-version":[{"id":57,"href":"https:\/\/hosting-ai-terms.com\/vi\/wp-json\/wp\/v2\/pages\/8\/revisions\/57"}],"wp:attachment":[{"href":"https:\/\/hosting-ai-terms.com\/vi\/wp-json\/wp\/v2\/media?parent=8"}],"curies":[{"name":"wp","href":"https:\/\/api.w.org\/{rel}","templated":true}]}}