{"id":8,"date":"2025-11-21T19:49:43","date_gmt":"2025-11-21T19:49:43","guid":{"rendered":"https:\/\/hosting-ai-terms.com\/?page_id=8"},"modified":"2025-12-03T17:08:17","modified_gmt":"2025-12-03T17:08:17","slug":"ai-powered-wordpress-tool-terms-of-service","status":"publish","type":"page","link":"https:\/\/hosting-ai-terms.com\/tr\/","title":{"rendered":"Yapay zeka destekli WordPress arac\u0131 hizmet \u015fartlar\u0131"},"content":{"rendered":"<div class=\"wp-block-group has-global-padding is-layout-constrained wp-block-group-is-layout-constrained\"><\/p>\n<div class=\"notice-ai-translated\">\n<p><strong>Not:<\/strong> Bu sayfa orijinal \u0130ngilizce versiyonundan AI kullan\u0131larak \u00e7evrilmi\u015ftir. <\/p>\n<p>Orijinal \u0130ngilizce terimleri g\u00f6rmek i\u00e7in,<br \/>\n<a href=\"https:\/\/hosting-ai-terms.com\/en\/\" data-no-translation-href>buraya t\u0131klay\u0131n<\/a>.<\/p>\n<\/div>\n<p>\n<\/div>\n\n\n\n<h3 class=\"wp-block-heading is-style-default\" style=\"margin-top:var(--wp--preset--spacing--50);font-size:clamp(0.984rem, 0.984rem + ((1vw - 0.2rem) * 0.809), 1.5rem);\"><strong>Yapay zeka arac\u0131n\u0131n kullan\u0131m\u0131 ve uygulamas\u0131<\/strong><\/h3>\n\n\n\n<p>Bu AI arac\u0131 (bundan b\u00f6yle \u201cAI Arac\u0131\u201d olarak an\u0131lacakt\u0131r) yaln\u0131zca ama\u00e7lanan ama\u00e7 i\u00e7in, yani yetkili bir web sitesi olu\u015fturmay\u0131 veya d\u00fczenlemeyi desteklemek i\u00e7in kullan\u0131labilir. AI Arac\u0131n\u0131n herhangi bir yetkisiz kullan\u0131m\u0131 veya kullan\u0131m\u0131, AI Arac\u0131n\u0131n kullan\u0131m\u0131na ili\u015fkin y\u00f6nergelerimizi ihlal edecek ve i\u015flevselli\u011fe eri\u015fiminizin sonland\u0131r\u0131lmas\u0131na neden olabilir.<\/p>\n\n\n\n<p>AI Arac\u0131n\u0131n y\u00f6nergelerimizi, y\u00fcr\u00fcrl\u00fckteki yasalar\u0131 veya \u00fc\u00e7\u00fcnc\u00fc taraflar\u0131n fikri m\u00fclkiyet haklar\u0131n\u0131 ihlal eden herhangi bir kullan\u0131m\u0131 veya kullan\u0131m\u0131 i\u00e7in, bir kullan\u0131c\u0131 olarak siz veya \u015firketiniz, bununla ba\u011flant\u0131l\u0131 olarak maruz kalabilece\u011fimiz herhangi bir zarar\u0131 kar\u015f\u0131lamaktan tamamen sorumlu ve y\u00fck\u00fcml\u00fc tutulacaks\u0131n\u0131z.<\/p>\n\n\n\n<p>AI Arac\u0131 kod veya metin \u00f6nerileri olu\u015fturur. Bu nedenle, siz veya \u015firketiniz sonucu kullanmadan \u00f6nce bu t\u00fcr olu\u015fturulan \u00f6nerileri her zaman do\u011frulamak ve g\u00f6zden ge\u00e7irmek \u00f6nemlidir. AI Arac\u0131ndan \u00fcretilen \u00e7\u0131kt\u0131 \u00fc\u00e7\u00fcnc\u00fc taraf AI modellerine dayanmaktad\u0131r ve AI Arac\u0131 taraf\u0131ndan sa\u011flanan \u00e7\u0131kt\u0131 i\u00e7in herhangi bir sorumluluk kabul etmiyoruz.<\/p>\n\n\n\n<h3 class=\"wp-block-heading\" style=\"margin-top:var(--wp--preset--spacing--60);font-size:clamp(0.984rem, 0.984rem + ((1vw - 0.2rem) * 0.809), 1.5rem);\"><strong>Sorumluluk ve y\u00fck\u00fcml\u00fcl\u00fck<\/strong><\/h3>\n\n\n\n<p>Biz ve i\u015ftiraklerimizden herhangi biri, AI Arac\u0131n\u0131n kullan\u0131m\u0131 veya kullan\u0131m\u0131ndan kaynaklanan do\u011frudan veya dolayl\u0131, ar\u0131zi veya sonu\u00e7 olarak ortaya \u00e7\u0131kan herhangi bir kay\u0131p i\u00e7in herhangi bir sorumluluk ve y\u00fck\u00fcml\u00fcl\u00fck kabul etmiyoruz.<\/p>\n\n\n\n<p>Biz ve i\u015ftiraklerimizden herhangi biri, AI Metinlerinin kullan\u0131m\u0131 veya kullan\u0131m\u0131ndan kaynaklanan kay\u0131p veya yaralanmalar i\u00e7in cezai veya ba\u015fka t\u00fcrl\u00fc herhangi bir tazminat \u00f6demeyiz.<\/p>\n\n\n\n<h3 class=\"wp-block-heading\" style=\"margin-top:var(--wp--preset--spacing--50);font-size:clamp(0.984rem, 0.984rem + ((1vw - 0.2rem) * 0.809), 1.5rem);\"><strong>\u00dc\u00e7\u00fcnc\u00fc Taraf Yapay Zeka Modelleri<\/strong><\/h3>\n\n\n\n<p>AI Tool, farkl\u0131 sa\u011flay\u0131c\u0131lardan \u00e7e\u015fitli \u00fc\u00e7\u00fcnc\u00fc taraf AI modelleri kullan\u0131r. A\u015fa\u011f\u0131da, hizmet \u015fartlar\u0131 ve gizlilik politikalar\u0131 ile birlikte mevcut sa\u011flay\u0131c\u0131lar yer almaktad\u0131r. Kullan\u0131lan \u00fc\u00e7\u00fcnc\u00fc taraf yapay zeka modelleri herhangi bir zamanda de\u011fi\u015ftirilebilir. AI Ara\u00e7lar\u0131n\u0131 kulland\u0131\u011f\u0131n\u0131zda, bu \u015fartlar\u0131 kabul etmenin yan\u0131 s\u0131ra, a\u015fa\u011f\u0131daki hizmet \u015fartlar\u0131n\u0131 da kabul edeceksiniz ve a\u015fa\u011f\u0131daki gizlilik politikalar\u0131 sizin veya \u015firketinizin AI Arac\u0131na girdi\u011fi t\u00fcm veriler i\u00e7in ge\u00e7erli olacakt\u0131r:<\/p>\n\n\n\n<ul class=\"wp-block-list\">\n<li>OpenAI\n<ul class=\"wp-block-list\">\n<li>Hizmet Ko\u015fullar\u0131: https:\/\/openai.com\/policies\/row-terms-of-use\/<\/li>\n\n\n\n<li>Gizlilik Politikas\u0131: https:\/\/openai.com\/policies\/row-privacy-policy\/<\/li>\n<\/ul>\n<\/li>\n\n\n\n<li>Microsoft Azure\n<ul class=\"wp-block-list\">\n<li>Hizmet Ko\u015fullar\u0131: https:\/\/www.microsoft.com\/en-us\/servicesagreement<\/li>\n\n\n\n<li>Gizlilik Politikas\u0131: https:\/\/www.microsoft.com\/en-us\/privacy\/privacystatement<\/li>\n<\/ul>\n<\/li>\n\n\n\n<li>Google\n<ul class=\"wp-block-list\">\n<li>Hizmet Ko\u015fullar\u0131: https:\/\/policies.google.com\/terms<\/li>\n\n\n\n<li>Gizlilik Politikas\u0131: https:\/\/policies.google.com\/privacy<\/li>\n<\/ul>\n<\/li>\n\n\n\n<li>Anthropic\n<ul class=\"wp-block-list\">\n<li>Hizmet Ko\u015fullar\u0131: https:\/\/www.anthropic.com\/legal\/commercial-terms<\/li>\n\n\n\n<li>Gizlilik Politikas\u0131: https:\/\/www.anthropic.com\/legal\/privacy<\/li>\n<\/ul>\n<\/li>\n\n\n\n<li>xAI\n<ul class=\"wp-block-list\">\n<li>Hizmet Ko\u015fullar\u0131: https:\/\/x.ai\/legal\/terms-of-service\/<\/li>\n\n\n\n<li>Gizlilik Politikas\u0131: https:\/\/x.ai\/legal\/privacy-policy\/<\/li>\n<\/ul>\n<\/li>\n<\/ul>\n\n\n\n<h3 class=\"wp-block-heading\" style=\"margin-top:var(--wp--preset--spacing--50);font-size:clamp(0.984rem, 0.984rem + ((1vw - 0.2rem) * 0.809), 1.5rem);\"><strong>Kabullenme<\/strong><\/h3>\n\n\n\n<p>Bu ko\u015fullar yaln\u0131zca AI Tool'u ilk kez kullanmak istedi\u011finizde veya kullanmak istedi\u011finizde ba\u011flan\u0131r ve AI Tool'u kullanarak bu ko\u015fullar\u0131 kabul etmi\u015f olursunuz. \u015eartlar\u0131 kabul ettikten sonra, onlar\u0131 her zaman bu ba\u011flant\u0131dan tekrar bulabileceksiniz.<\/p>\n\n\n\n<p>Bu \u015fartlardan kaynaklanan veya bunlarla ba\u011flant\u0131l\u0131 olarak ortaya \u00e7\u0131kan herhangi bir anla\u015fmazl\u0131k, hizmetlerimiz i\u00e7in ge\u00e7erli olan genel h\u00fck\u00fcm ve ko\u015fullara uygun olarak \u00e7\u00f6z\u00fclecektir.<\/p>","protected":false},"excerpt":{"rendered":"<p>Use and application of AI Tool This AI tool (hereinafter &#8220;AI Tool&#8221;) may only be used for the intended purpose, i.e. to support creating or editing an authorized website. Any unauthorized use or utilization of AI Tool will violate our guidelines for the use of AI Tool and may result in termination of your access [&hellip;]<\/p>\n","protected":false},"author":3,"featured_media":0,"parent":0,"menu_order":0,"comment_status":"closed","ping_status":"closed","template":"","meta":{"footnotes":""},"class_list":["post-8","page","type-page","status-publish","hentry"],"_links":{"self":[{"href":"https:\/\/hosting-ai-terms.com\/tr\/wp-json\/wp\/v2\/pages\/8","targetHints":{"allow":["GET"]}}],"collection":[{"href":"https:\/\/hosting-ai-terms.com\/tr\/wp-json\/wp\/v2\/pages"}],"about":[{"href":"https:\/\/hosting-ai-terms.com\/tr\/wp-json\/wp\/v2\/types\/page"}],"author":[{"embeddable":true,"href":"https:\/\/hosting-ai-terms.com\/tr\/wp-json\/wp\/v2\/users\/3"}],"replies":[{"embeddable":true,"href":"https:\/\/hosting-ai-terms.com\/tr\/wp-json\/wp\/v2\/comments?post=8"}],"version-history":[{"count":21,"href":"https:\/\/hosting-ai-terms.com\/tr\/wp-json\/wp\/v2\/pages\/8\/revisions"}],"predecessor-version":[{"id":57,"href":"https:\/\/hosting-ai-terms.com\/tr\/wp-json\/wp\/v2\/pages\/8\/revisions\/57"}],"wp:attachment":[{"href":"https:\/\/hosting-ai-terms.com\/tr\/wp-json\/wp\/v2\/media?parent=8"}],"curies":[{"name":"wp","href":"https:\/\/api.w.org\/{rel}","templated":true}]}}