{"id":8,"date":"2025-11-21T19:49:43","date_gmt":"2025-11-21T19:49:43","guid":{"rendered":"https:\/\/hosting-ai-terms.com\/?page_id=8"},"modified":"2025-12-03T17:08:17","modified_gmt":"2025-12-03T17:08:17","slug":"ai-powered-wordpress-tool-terms-of-service","status":"publish","type":"page","link":"https:\/\/hosting-ai-terms.com\/sv\/","title":{"rendered":"Anv\u00e4ndarvillkor f\u00f6r AI-drivet WordPress-verktyg"},"content":{"rendered":"<div class=\"wp-block-group has-global-padding is-layout-constrained wp-block-group-is-layout-constrained\"><\/p>\n<div class=\"notice-ai-translated\">\n<p><strong>Obs!<\/strong> Denna sida har \u00f6versatts fr\u00e5n den engelska originalversionen med hj\u00e4lp av AI. <\/p>\n<p>F\u00f6r att se de engelska originalvillkoren,<br \/>\n<a href=\"https:\/\/hosting-ai-terms.com\/en\/\" data-no-translation-href>Klicka h\u00e4r<\/a>.<\/p>\n<\/div>\n<p>\n<\/div>\n\n\n\n<h3 class=\"wp-block-heading is-style-default\" style=\"margin-top:var(--wp--preset--spacing--50);font-size:clamp(0.984rem, 0.984rem + ((1vw - 0.2rem) * 0.809), 1.5rem);\"><strong>Anv\u00e4ndning och till\u00e4mpning av AI-verktyg<\/strong><\/h3>\n\n\n\n<p>Detta AI-verktyg (nedan kallat \u201cAI-verktyget\u201d) f\u00e5r endast anv\u00e4ndas f\u00f6r det avsedda \u00e4ndam\u00e5let, dvs. f\u00f6r att st\u00f6dja skapandet eller redigeringen av en auktoriserad webbplats. All obeh\u00f6rig anv\u00e4ndning eller utnyttjande av AI-verktyget bryter mot v\u00e5ra riktlinjer f\u00f6r anv\u00e4ndning av AI-verktyget och kan leda till att din \u00e5tkomst till funktionaliteten avslutas.<\/p>\n\n\n\n<p>F\u00f6r all anv\u00e4ndning eller utnyttjande av AI Tool som bryter mot v\u00e5ra riktlinjer, till\u00e4mplig lag eller tredje parts immateriella r\u00e4ttigheter, kommer du som anv\u00e4ndare eller ditt f\u00f6retag att h\u00e5llas fullt ansvarig och skyldig att t\u00e4cka eventuella f\u00f6rluster som vi kan \u00e5dra oss i samband med detta.<\/p>\n\n\n\n<p>AI Tool genererar kod- eller textf\u00f6rslag. Det \u00e4r d\u00e4rf\u00f6r viktigt att alltid verifiera och granska s\u00e5dana genererade f\u00f6rslag innan du eller ditt f\u00f6retag anv\u00e4nder resultatet. Utdata som genereras fr\u00e5n AI Tool baseras p\u00e5 AI-modeller fr\u00e5n tredje part och vi tar inget ansvar f\u00f6r utdata som tillhandah\u00e5lls av AI Tool.<\/p>\n\n\n\n<h3 class=\"wp-block-heading\" style=\"margin-top:var(--wp--preset--spacing--60);font-size:clamp(0.984rem, 0.984rem + ((1vw - 0.2rem) * 0.809), 1.5rem);\"><strong>Skadest\u00e5ndsskyldighet och ansvar<\/strong><\/h3>\n\n\n\n<p>Vi och v\u00e5ra dotterbolag fr\u00e5ns\u00e4ger oss allt ansvar f\u00f6r eventuella f\u00f6rluster, direkta eller indirekta, tillf\u00e4lliga eller f\u00f6ljdf\u00f6rluster, som uppst\u00e5r till f\u00f6ljd av anv\u00e4ndningen eller utnyttjandet av AI Tool.<\/p>\n\n\n\n<p>Vi, och v\u00e5ra dotterbolag, betalar inte n\u00e5gon form av ers\u00e4ttning f\u00f6r f\u00f6rlust eller skada, straff eller annat, som uppst\u00e5r till f\u00f6ljd av anv\u00e4ndningen eller utnyttjandet av AI Texts.<\/p>\n\n\n\n<h3 class=\"wp-block-heading\" style=\"margin-top:var(--wp--preset--spacing--50);font-size:clamp(0.984rem, 0.984rem + ((1vw - 0.2rem) * 0.809), 1.5rem);\"><strong>AI-modeller fr\u00e5n tredje part<\/strong><\/h3>\n\n\n\n<p>AI Tool anv\u00e4nder olika AI-modeller fr\u00e5n tredje part fr\u00e5n olika leverant\u00f6rer. Nedan visas de aktuella leverant\u00f6rerna tillsammans med deras anv\u00e4ndarvillkor och sekretesspolicyer. De AI-modeller fr\u00e5n tredje part som anv\u00e4nds kan \u00e4ndras n\u00e4r som helst. N\u00e4r du anv\u00e4nder AI Tools accepterar du, f\u00f6rutom dessa villkor, \u00e4ven nedanst\u00e5ende anv\u00e4ndarvillkor och integritetspolicyer som g\u00e4ller f\u00f6r alla uppgifter som du eller ditt f\u00f6retag l\u00e4mnar till AI Tool:<\/p>\n\n\n\n<ul class=\"wp-block-list\">\n<li>OpenAI\n<ul class=\"wp-block-list\">\n<li>Anv\u00e4ndarvillkor: https:\/\/openai.com\/policies\/row-terms-of-use\/<\/li>\n\n\n\n<li>Integritetspolicy: https:\/\/openai.com\/policies\/row-privacy-policy\/<\/li>\n<\/ul>\n<\/li>\n\n\n\n<li>Microsoft Azure\n<ul class=\"wp-block-list\">\n<li>Anv\u00e4ndarvillkor: https:\/\/www.microsoft.com\/en-us\/servicesagreement<\/li>\n\n\n\n<li>Integritetspolicy: https:\/\/www.microsoft.com\/en-us\/privacy\/privacystatement<\/li>\n<\/ul>\n<\/li>\n\n\n\n<li>Google\n<ul class=\"wp-block-list\">\n<li>Anv\u00e4ndarvillkor: https:\/\/policies.google.com\/terms<\/li>\n\n\n\n<li>Integritetspolicy: https:\/\/policies.google.com\/privacy<\/li>\n<\/ul>\n<\/li>\n\n\n\n<li>Anthropic\n<ul class=\"wp-block-list\">\n<li>Anv\u00e4ndarvillkor: https:\/\/www.anthropic.com\/legal\/commercial-terms<\/li>\n\n\n\n<li>Integritetspolicy: https:\/\/www.anthropic.com\/legal\/privacy<\/li>\n<\/ul>\n<\/li>\n\n\n\n<li>xAI\n<ul class=\"wp-block-list\">\n<li>Anv\u00e4ndarvillkor: https:\/\/x.ai\/legal\/terms-of-service\/<\/li>\n\n\n\n<li>Integritetspolicy: https:\/\/x.ai\/legal\/privacy-policy\/<\/li>\n<\/ul>\n<\/li>\n<\/ul>\n\n\n\n<h3 class=\"wp-block-heading\" style=\"margin-top:var(--wp--preset--spacing--50);font-size:clamp(0.984rem, 0.984rem + ((1vw - 0.2rem) * 0.809), 1.5rem);\"><strong>Acceptans<\/strong><\/h3>\n\n\n\n<p>Dessa villkor kommer endast att l\u00e4nkas till f\u00f6rsta g\u00e5ngen du vill anv\u00e4nda eller utnyttjar AI Tool och genom att anv\u00e4nda AI Tool godk\u00e4nner du dessa villkor. N\u00e4r du har godk\u00e4nt villkoren kommer du alltid att kunna hitta dem igen fr\u00e5n den h\u00e4r l\u00e4nken.<\/p>\n\n\n\n<p>Tvister som uppst\u00e5r p\u00e5 grund av eller i samband med dessa villkor ska avg\u00f6ras i enlighet med de allm\u00e4nna villkor som g\u00e4ller f\u00f6r v\u00e5ra tj\u00e4nster.<\/p>","protected":false},"excerpt":{"rendered":"<p>Use and application of AI Tool This AI tool (hereinafter &#8220;AI Tool&#8221;) may only be used for the intended purpose, i.e. to support creating or editing an authorized website. Any unauthorized use or utilization of AI Tool will violate our guidelines for the use of AI Tool and may result in termination of your access [&hellip;]<\/p>\n","protected":false},"author":3,"featured_media":0,"parent":0,"menu_order":0,"comment_status":"closed","ping_status":"closed","template":"","meta":{"footnotes":""},"class_list":["post-8","page","type-page","status-publish","hentry"],"_links":{"self":[{"href":"https:\/\/hosting-ai-terms.com\/sv\/wp-json\/wp\/v2\/pages\/8","targetHints":{"allow":["GET"]}}],"collection":[{"href":"https:\/\/hosting-ai-terms.com\/sv\/wp-json\/wp\/v2\/pages"}],"about":[{"href":"https:\/\/hosting-ai-terms.com\/sv\/wp-json\/wp\/v2\/types\/page"}],"author":[{"embeddable":true,"href":"https:\/\/hosting-ai-terms.com\/sv\/wp-json\/wp\/v2\/users\/3"}],"replies":[{"embeddable":true,"href":"https:\/\/hosting-ai-terms.com\/sv\/wp-json\/wp\/v2\/comments?post=8"}],"version-history":[{"count":21,"href":"https:\/\/hosting-ai-terms.com\/sv\/wp-json\/wp\/v2\/pages\/8\/revisions"}],"predecessor-version":[{"id":57,"href":"https:\/\/hosting-ai-terms.com\/sv\/wp-json\/wp\/v2\/pages\/8\/revisions\/57"}],"wp:attachment":[{"href":"https:\/\/hosting-ai-terms.com\/sv\/wp-json\/wp\/v2\/media?parent=8"}],"curies":[{"name":"wp","href":"https:\/\/api.w.org\/{rel}","templated":true}]}}