{"id":8,"date":"2025-11-21T19:49:43","date_gmt":"2025-11-21T19:49:43","guid":{"rendered":"https:\/\/hosting-ai-terms.com\/?page_id=8"},"modified":"2025-12-03T17:08:17","modified_gmt":"2025-12-03T17:08:17","slug":"ai-powered-wordpress-tool-terms-of-service","status":"publish","type":"page","link":"https:\/\/hosting-ai-terms.com\/sk\/","title":{"rendered":"Podmienky pou\u017e\u00edvania n\u00e1stroja WordPress poh\u00e1\u0148an\u00e9ho umelou inteligenciou"},"content":{"rendered":"<div class=\"wp-block-group has-global-padding is-layout-constrained wp-block-group-is-layout-constrained\"><\/p>\n<div class=\"notice-ai-translated\">\n<p><strong>Pozn\u00e1mka:<\/strong> T\u00e1to str\u00e1nka bola prelo\u017een\u00e1 z p\u00f4vodnej anglickej verzie pomocou AI. <\/p>\n<p>Ak chcete vidie\u0165 p\u00f4vodn\u00e9 anglick\u00e9 term\u00edny,<br \/>\n<a href=\"https:\/\/hosting-ai-terms.com\/en\/\" data-no-translation-href>kliknite sem<\/a>.<\/p>\n<\/div>\n<p>\n<\/div>\n\n\n\n<h3 class=\"wp-block-heading is-style-default\" style=\"margin-top:var(--wp--preset--spacing--50);font-size:clamp(0.984rem, 0.984rem + ((1vw - 0.2rem) * 0.809), 1.5rem);\"><strong>Pou\u017e\u00edvanie a aplik\u00e1cia n\u00e1stroja AI<\/strong><\/h3>\n\n\n\n<p>Tento n\u00e1stroj AI (\u010falej len \u201cn\u00e1stroj AI\u201d) sa m\u00f4\u017ee pou\u017e\u00edva\u0165 len na ur\u010den\u00fd \u00fa\u010del, t. j. na podporu tvorby alebo \u00fapravy autorizovanej webovej str\u00e1nky. Ak\u00e9ko\u013evek neopr\u00e1vnen\u00e9 pou\u017e\u00edvanie alebo vyu\u017e\u00edvanie n\u00e1stroja AI Tool bude v rozpore s na\u0161imi usmerneniami pre pou\u017e\u00edvanie n\u00e1stroja AI Tool a m\u00f4\u017ee ma\u0165 za n\u00e1sledok ukon\u010denie v\u00e1\u0161ho pr\u00edstupu k tejto funkcii.<\/p>\n\n\n\n<p>Za ak\u00e9ko\u013evek pou\u017e\u00edvanie alebo vyu\u017e\u00edvanie n\u00e1stroja AI Tool, ktor\u00e9 poru\u0161uje na\u0161e usmernenia, platn\u00e9 z\u00e1kony alebo ak\u00e9ko\u013evek pr\u00e1va du\u0161evn\u00e9ho vlastn\u00edctva tret\u00edch str\u00e1n, budete ako pou\u017e\u00edvate\u013e alebo va\u0161a spolo\u010dnos\u0165 nies\u0165 pln\u00fa zodpovednos\u0165 a ru\u010di\u0165 za pokrytie ak\u00fdchko\u013evek str\u00e1t, ktor\u00e9 n\u00e1m v tejto s\u00favislosti m\u00f4\u017eu vznikn\u00fa\u0165.<\/p>\n\n\n\n<p>N\u00e1stroj AI generuje n\u00e1vrhy k\u00f3du alebo textu. Preto je d\u00f4le\u017eit\u00e9 v\u017edy overi\u0165 a skontrolova\u0165 tak\u00e9to vygenerovan\u00e9 n\u00e1vrhy predt\u00fdm, ako vy alebo va\u0161a spolo\u010dnos\u0165 pou\u017eijete ich v\u00fdsledok. V\u00fdstupy vygenerovan\u00e9 n\u00e1strojom AI Tool s\u00fa zalo\u017een\u00e9 na modeloch umelej inteligencie tret\u00edch str\u00e1n a my nenesieme \u017eiadnu zodpovednos\u0165 za v\u00fdstupy poskytnut\u00e9 n\u00e1strojom AI Tool.<\/p>\n\n\n\n<h3 class=\"wp-block-heading\" style=\"margin-top:var(--wp--preset--spacing--60);font-size:clamp(0.984rem, 0.984rem + ((1vw - 0.2rem) * 0.809), 1.5rem);\"><strong>Zodpovednos\u0165 a zodpovednos\u0165<\/strong><\/h3>\n\n\n\n<p>My a v\u0161etky na\u0161e pridru\u017een\u00e9 spolo\u010dnosti sa zriekame akejko\u013evek zodpovednosti za ak\u00e9ko\u013evek straty, \u010di u\u017e priame alebo nepriame, n\u00e1hodn\u00e9 alebo n\u00e1sledn\u00e9, vypl\u00fdvaj\u00face z pou\u017e\u00edvania alebo vyu\u017e\u00edvania n\u00e1stroja AI Tool.<\/p>\n\n\n\n<p>My, ani \u017eiadna z na\u0161ich pridru\u017een\u00fdch spolo\u010dnost\u00ed, neposkytujeme \u017eiadnu n\u00e1hradu za straty alebo zranenia, trestn\u00e9 alebo in\u00e9, vypl\u00fdvaj\u00face z pou\u017e\u00edvania alebo vyu\u017e\u00edvania textov AI.<\/p>\n\n\n\n<h3 class=\"wp-block-heading\" style=\"margin-top:var(--wp--preset--spacing--50);font-size:clamp(0.984rem, 0.984rem + ((1vw - 0.2rem) * 0.809), 1.5rem);\"><strong>Modely AI tret\u00edch str\u00e1n<\/strong><\/h3>\n\n\n\n<p>N\u00e1stroj AI Tool pou\u017e\u00edva r\u00f4zne modely AI tret\u00edch str\u00e1n od r\u00f4znych poskytovate\u013eov. Ni\u017e\u0161ie s\u00fa uveden\u00ed aktu\u00e1lni poskytovatelia spolu s ich podmienkami slu\u017eby a z\u00e1sadami ochrany osobn\u00fdch \u00fadajov. Pou\u017e\u00edvan\u00e9 modely AI tret\u00edch str\u00e1n sa m\u00f4\u017eu kedyko\u013evek zmeni\u0165. Ke\u010f pou\u017e\u00edvate n\u00e1stroje AI Tool, okrem s\u00fahlasu s t\u00fdmito podmienkami prij\u00edmate aj ni\u017e\u0161ie uveden\u00e9 podmienky poskytovania slu\u017eieb a ni\u017e\u0161ie uveden\u00e9 z\u00e1sady ochrany osobn\u00fdch \u00fadajov sa vz\u0165ahuj\u00fa na v\u0161etky \u00fadaje, ktor\u00e9 vy alebo va\u0161a spolo\u010dnos\u0165 zad\u00e1te do n\u00e1stroja AI Tool:<\/p>\n\n\n\n<ul class=\"wp-block-list\">\n<li>OpenAI\n<ul class=\"wp-block-list\">\n<li>Podmienky slu\u017eby: https:\/\/openai.com\/policies\/row-terms-of-use\/<\/li>\n\n\n\n<li>Z\u00e1sady ochrany osobn\u00fdch \u00fadajov: https:\/\/openai.com\/policies\/row-privacy-policy\/<\/li>\n<\/ul>\n<\/li>\n\n\n\n<li>Microsoft Azure\n<ul class=\"wp-block-list\">\n<li>Podmienky slu\u017eby: https:\/\/www.microsoft.com\/en-us\/servicesagreement<\/li>\n\n\n\n<li>Z\u00e1sady ochrany osobn\u00fdch \u00fadajov: https:\/\/www.microsoft.com\/en-us\/privacy\/privacystatement<\/li>\n<\/ul>\n<\/li>\n\n\n\n<li>Google\n<ul class=\"wp-block-list\">\n<li>Podmienky slu\u017eby: https:\/\/policies.google.com\/terms<\/li>\n\n\n\n<li>Z\u00e1sady ochrany osobn\u00fdch \u00fadajov: https:\/\/policies.google.com\/privacy<\/li>\n<\/ul>\n<\/li>\n\n\n\n<li>Anthropic\n<ul class=\"wp-block-list\">\n<li>Podmienky slu\u017eby: https:\/\/www.anthropic.com\/legal\/commercial-terms<\/li>\n\n\n\n<li>Z\u00e1sady ochrany osobn\u00fdch \u00fadajov: https:\/\/www.anthropic.com\/legal\/privacy<\/li>\n<\/ul>\n<\/li>\n\n\n\n<li>xAI\n<ul class=\"wp-block-list\">\n<li>Podmienky slu\u017eby: https:\/\/x.ai\/legal\/terms-of-service\/<\/li>\n\n\n\n<li>Z\u00e1sady ochrany osobn\u00fdch \u00fadajov: https:\/\/x.ai\/legal\/privacy-policy\/<\/li>\n<\/ul>\n<\/li>\n<\/ul>\n\n\n\n<h3 class=\"wp-block-heading\" style=\"margin-top:var(--wp--preset--spacing--50);font-size:clamp(0.984rem, 0.984rem + ((1vw - 0.2rem) * 0.809), 1.5rem);\"><strong>Prijatie<\/strong><\/h3>\n\n\n\n<p>Tieto podmienky bud\u00fa prepojen\u00e9 iba s prv\u00fdm pou\u017eit\u00edm alebo vyu\u017eit\u00edm n\u00e1stroja AI Tool a pou\u017e\u00edvan\u00edm n\u00e1stroja AI Tool vyjadrujete svoj s\u00fahlas s t\u00fdmito podmienkami. Po vyjadren\u00ed s\u00fahlasu s podmienkami ich budete m\u00f4c\u0165 v\u017edy znova n\u00e1js\u0165 na tomto prepojen\u00ed.<\/p>\n\n\n\n<p>V\u0161etky spory vypl\u00fdvaj\u00face z t\u00fdchto podmienok alebo v s\u00favislosti s nimi sa rie\u0161ia v s\u00falade so v\u0161eobecn\u00fdmi podmienkami platn\u00fdmi pre na\u0161e slu\u017eby.<\/p>","protected":false},"excerpt":{"rendered":"<p>Use and application of AI Tool This AI tool (hereinafter &#8220;AI Tool&#8221;) may only be used for the intended purpose, i.e. to support creating or editing an authorized website. Any unauthorized use or utilization of AI Tool will violate our guidelines for the use of AI Tool and may result in termination of your access [&hellip;]<\/p>\n","protected":false},"author":3,"featured_media":0,"parent":0,"menu_order":0,"comment_status":"closed","ping_status":"closed","template":"","meta":{"footnotes":""},"class_list":["post-8","page","type-page","status-publish","hentry"],"_links":{"self":[{"href":"https:\/\/hosting-ai-terms.com\/sk\/wp-json\/wp\/v2\/pages\/8","targetHints":{"allow":["GET"]}}],"collection":[{"href":"https:\/\/hosting-ai-terms.com\/sk\/wp-json\/wp\/v2\/pages"}],"about":[{"href":"https:\/\/hosting-ai-terms.com\/sk\/wp-json\/wp\/v2\/types\/page"}],"author":[{"embeddable":true,"href":"https:\/\/hosting-ai-terms.com\/sk\/wp-json\/wp\/v2\/users\/3"}],"replies":[{"embeddable":true,"href":"https:\/\/hosting-ai-terms.com\/sk\/wp-json\/wp\/v2\/comments?post=8"}],"version-history":[{"count":21,"href":"https:\/\/hosting-ai-terms.com\/sk\/wp-json\/wp\/v2\/pages\/8\/revisions"}],"predecessor-version":[{"id":57,"href":"https:\/\/hosting-ai-terms.com\/sk\/wp-json\/wp\/v2\/pages\/8\/revisions\/57"}],"wp:attachment":[{"href":"https:\/\/hosting-ai-terms.com\/sk\/wp-json\/wp\/v2\/media?parent=8"}],"curies":[{"name":"wp","href":"https:\/\/api.w.org\/{rel}","templated":true}]}}