{"id":8,"date":"2025-11-21T19:49:43","date_gmt":"2025-11-21T19:49:43","guid":{"rendered":"https:\/\/hosting-ai-terms.com\/?page_id=8"},"modified":"2025-12-03T17:08:17","modified_gmt":"2025-12-03T17:08:17","slug":"ai-powered-wordpress-tool-terms-of-service","status":"publish","type":"page","link":"https:\/\/hosting-ai-terms.com\/ro\/","title":{"rendered":"Termeni de utilizare a instrumentului WordPress bazat pe inteligen\u021b\u0103 artificial\u0103"},"content":{"rendered":"<div class=\"wp-block-group has-global-padding is-layout-constrained wp-block-group-is-layout-constrained\"><\/p>\n<div class=\"notice-ai-translated\">\n<p><strong>Not\u0103:<\/strong> Aceast\u0103 pagin\u0103 a fost tradus\u0103 din versiunea original\u0103 \u00een limba englez\u0103 folosind AI. <\/p>\n<p>Pentru a vedea termenii originali \u00een limba englez\u0103,<br \/>\n<a href=\"https:\/\/hosting-ai-terms.com\/en\/\" data-no-translation-href>face\u021bi clic aici<\/a>.<\/p>\n<\/div>\n<p>\n<\/div>\n\n\n\n<h3 class=\"wp-block-heading is-style-default\" style=\"margin-top:var(--wp--preset--spacing--50);font-size:clamp(0.984rem, 0.984rem + ((1vw - 0.2rem) * 0.809), 1.5rem);\"><strong>Utilizarea \u0219i aplicarea instrumentului AI<\/strong><\/h3>\n\n\n\n<p>Acest instrument AI (denumit \u00een continuare \u201cAI Tool\u201d) poate fi utilizat numai \u00een scopul prev\u0103zut, \u0219i anume pentru a sprijini crearea sau editarea unui site web autorizat. Orice utilizare sau utilizare neautorizat\u0103 a AI Tool va \u00eenc\u0103lca liniile noastre directoare pentru utilizarea AI Tool \u0219i poate duce la \u00eencetarea accesului dvs. la func\u021bionalitate.<\/p>\n\n\n\n<p>Pentru orice utilizare sau utilizare a AI Tool care \u00eencalc\u0103 liniile noastre directoare, legisla\u021bia aplicabil\u0103 sau orice drepturi de proprietate intelectual\u0103 ale ter\u021bilor, dvs. ca utilizator sau compania dvs. ve\u021bi fi considerat pe deplin responsabil \u0219i r\u0103spunz\u0103tor pentru a acoperi orice pierdere pe care o putem suferi \u00een leg\u0103tur\u0103 cu aceasta.<\/p>\n\n\n\n<p>AI Tool genereaz\u0103 sugestii de cod sau text. Prin urmare, este important s\u0103 verifica\u021bi \u0219i s\u0103 analiza\u021bi \u00eentotdeauna astfel de sugestii generate \u00eenainte ca dvs. sau compania dvs. s\u0103 utiliza\u021bi rezultatul. Rezultatul generat de Instrumentul AI se bazeaz\u0103 pe modele AI ter\u021be \u0219i nu ne asum\u0103m nicio responsabilitate pentru rezultatul furnizat de Instrumentul AI.<\/p>\n\n\n\n<h3 class=\"wp-block-heading\" style=\"margin-top:var(--wp--preset--spacing--60);font-size:clamp(0.984rem, 0.984rem + ((1vw - 0.2rem) * 0.809), 1.5rem);\"><strong>R\u0103spundere \u0219i responsabilitate<\/strong><\/h3>\n\n\n\n<p>Noi \u0219i oricare dintre afilia\u021bii no\u0219tri declin\u0103m orice responsabilitate \u0219i r\u0103spundere pentru orice pierdere, fie direct\u0103 sau indirect\u0103, incidental\u0103 sau consecvent\u0103, care rezult\u0103 din utilizarea sau utilizarea AI Tool.<\/p>\n\n\n\n<p>Noi, \u0219i oricare dintre afilia\u021bii no\u0219tri, nu pl\u0103tim niciun fel de compensa\u021bie pentru pierderi sau v\u0103t\u0103m\u0103ri, punitive sau de alt\u0103 natur\u0103, care rezult\u0103 din utilizarea sau utilizarea textelor AI.<\/p>\n\n\n\n<h3 class=\"wp-block-heading\" style=\"margin-top:var(--wp--preset--spacing--50);font-size:clamp(0.984rem, 0.984rem + ((1vw - 0.2rem) * 0.809), 1.5rem);\"><strong>Modele AI ter\u021be<\/strong><\/h3>\n\n\n\n<p>AI Tool utilizeaz\u0103 diverse modele AI ter\u021be de la diferi\u021bi furnizori. Mai jos sunt prezenta\u021bi furnizorii actuali, \u00eempreun\u0103 cu termenii lor de serviciu \u0219i politicile de confiden\u021bialitate. Modelele AI ale ter\u021bilor care sunt utilizate pot fi modificate \u00een orice moment. Atunci c\u00e2nd utiliza\u021bi AI Tools, pe l\u00e2ng\u0103 acceptarea acestor termeni, ve\u021bi accepta \u0219i termenii de serviciu de mai jos, iar politicile de confiden\u021bialitate de mai jos se vor aplica oric\u0103ror date pe care dumneavoastr\u0103 sau compania dumneavoastr\u0103 le introduce\u021bi \u00een AI Tool:<\/p>\n\n\n\n<ul class=\"wp-block-list\">\n<li>OpenAI\n<ul class=\"wp-block-list\">\n<li>Termeni de utilizare: https:\/\/openai.com\/policies\/row-terms-of-use\/<\/li>\n\n\n\n<li>Politica de confiden\u021bialitate: https:\/\/openai.com\/policies\/row-privacy-policy\/<\/li>\n<\/ul>\n<\/li>\n\n\n\n<li>Microsoft Azure\n<ul class=\"wp-block-list\">\n<li>Termeni de utilizare: https:\/\/www.microsoft.com\/en-us\/servicesagreement<\/li>\n\n\n\n<li>Politica de confiden\u021bialitate: https:\/\/www.microsoft.com\/en-us\/privacy\/privacystatement<\/li>\n<\/ul>\n<\/li>\n\n\n\n<li>Google\n<ul class=\"wp-block-list\">\n<li>Termeni de utilizare: https:\/\/policies.google.com\/terms<\/li>\n\n\n\n<li>Politica de confiden\u021bialitate: https:\/\/policies.google.com\/privacy<\/li>\n<\/ul>\n<\/li>\n\n\n\n<li>Anthropic\n<ul class=\"wp-block-list\">\n<li>Termeni de utilizare: https:\/\/www.anthropic.com\/legal\/commercial-terms<\/li>\n\n\n\n<li>Politica de confiden\u021bialitate: https:\/\/www.anthropic.com\/legal\/privacy<\/li>\n<\/ul>\n<\/li>\n\n\n\n<li>xAI\n<ul class=\"wp-block-list\">\n<li>Termeni de utilizare: https:\/\/x.ai\/legal\/terms-of-service\/<\/li>\n\n\n\n<li>Politica de confiden\u021bialitate: https:\/\/x.ai\/legal\/privacy-policy\/<\/li>\n<\/ul>\n<\/li>\n<\/ul>\n\n\n\n<h3 class=\"wp-block-heading\" style=\"margin-top:var(--wp--preset--spacing--50);font-size:clamp(0.984rem, 0.984rem + ((1vw - 0.2rem) * 0.809), 1.5rem);\"><strong>Acceptare<\/strong><\/h3>\n\n\n\n<p>Ace\u0219ti termeni vor fi lega\u021bi doar prima dat\u0103 c\u00e2nd dori\u021bi s\u0103 utiliza\u021bi sau s\u0103 utiliza\u021bi AI Tool, iar prin utilizarea AI Tool, sunte\u021bi de acord cu ace\u0219ti termeni. Odat\u0103 ce a\u021bi fost de acord cu termenii, \u00eei ve\u021bi putea g\u0103si \u00eentotdeauna din nou de la acest link.<\/p>\n\n\n\n<p>Orice litigiu care decurge din sau \u00een leg\u0103tur\u0103 cu ace\u0219ti termeni va fi solu\u021bionat \u00een conformitate cu termenii \u0219i condi\u021biile generale aplicabile serviciilor noastre.<\/p>","protected":false},"excerpt":{"rendered":"<p>Use and application of AI Tool This AI tool (hereinafter &#8220;AI Tool&#8221;) may only be used for the intended purpose, i.e. to support creating or editing an authorized website. Any unauthorized use or utilization of AI Tool will violate our guidelines for the use of AI Tool and may result in termination of your access [&hellip;]<\/p>\n","protected":false},"author":3,"featured_media":0,"parent":0,"menu_order":0,"comment_status":"closed","ping_status":"closed","template":"","meta":{"footnotes":""},"class_list":["post-8","page","type-page","status-publish","hentry"],"_links":{"self":[{"href":"https:\/\/hosting-ai-terms.com\/ro\/wp-json\/wp\/v2\/pages\/8","targetHints":{"allow":["GET"]}}],"collection":[{"href":"https:\/\/hosting-ai-terms.com\/ro\/wp-json\/wp\/v2\/pages"}],"about":[{"href":"https:\/\/hosting-ai-terms.com\/ro\/wp-json\/wp\/v2\/types\/page"}],"author":[{"embeddable":true,"href":"https:\/\/hosting-ai-terms.com\/ro\/wp-json\/wp\/v2\/users\/3"}],"replies":[{"embeddable":true,"href":"https:\/\/hosting-ai-terms.com\/ro\/wp-json\/wp\/v2\/comments?post=8"}],"version-history":[{"count":21,"href":"https:\/\/hosting-ai-terms.com\/ro\/wp-json\/wp\/v2\/pages\/8\/revisions"}],"predecessor-version":[{"id":57,"href":"https:\/\/hosting-ai-terms.com\/ro\/wp-json\/wp\/v2\/pages\/8\/revisions\/57"}],"wp:attachment":[{"href":"https:\/\/hosting-ai-terms.com\/ro\/wp-json\/wp\/v2\/media?parent=8"}],"curies":[{"name":"wp","href":"https:\/\/api.w.org\/{rel}","templated":true}]}}