{"id":8,"date":"2025-11-21T19:49:43","date_gmt":"2025-11-21T19:49:43","guid":{"rendered":"https:\/\/hosting-ai-terms.com\/?page_id=8"},"modified":"2025-12-03T17:08:17","modified_gmt":"2025-12-03T17:08:17","slug":"ai-powered-wordpress-tool-terms-of-service","status":"publish","type":"page","link":"https:\/\/hosting-ai-terms.com\/pt_pt\/","title":{"rendered":"Termos de servi\u00e7o da ferramenta WordPress alimentada por IA"},"content":{"rendered":"<div class=\"wp-block-group has-global-padding is-layout-constrained wp-block-group-is-layout-constrained\"><\/p>\n<div class=\"notice-ai-translated\">\n<p><strong>Nota:<\/strong> Esta p\u00e1gina foi traduzida da vers\u00e3o original em ingl\u00eas usando IA. <\/p>\n<p>Para ver os termos originais em ingl\u00eas,<br \/>\n<a href=\"https:\/\/hosting-ai-terms.com\/en\/\" data-no-translation-href>clique aqui<\/a>.<\/p>\n<\/div>\n<p>\n<\/div>\n\n\n\n<h3 class=\"wp-block-heading is-style-default\" style=\"margin-top:var(--wp--preset--spacing--50);font-size:clamp(0.984rem, 0.984rem + ((1vw - 0.2rem) * 0.809), 1.5rem);\"><strong>Utiliza\u00e7\u00e3o e aplica\u00e7\u00e3o da ferramenta de IA<\/strong><\/h3>\n\n\n\n<p>Esta ferramenta de IA (a seguir designada por \u201cFerramenta de IA\u201d) s\u00f3 pode ser utilizada para o fim a que se destina, ou seja, para apoiar a cria\u00e7\u00e3o ou edi\u00e7\u00e3o de um s\u00edtio Web autorizado. Qualquer uso ou utiliza\u00e7\u00e3o n\u00e3o autorizada da AI Tool violar\u00e1 as nossas diretrizes para a utiliza\u00e7\u00e3o da AI Tool e poder\u00e1 resultar na cessa\u00e7\u00e3o do seu acesso \u00e0 funcionalidade.<\/p>\n\n\n\n<p>Para qualquer uso ou utiliza\u00e7\u00e3o da AI Tool que viole as nossas diretrizes, a lei aplic\u00e1vel ou quaisquer direitos de propriedade intelectual de terceiros, o utilizador ou a sua empresa ser\u00e3o considerados totalmente respons\u00e1veis e obrigados a cobrir quaisquer perdas em que possamos incorrer em rela\u00e7\u00e3o a isso.<\/p>\n\n\n\n<p>A AI Tool gera sugest\u00f5es de c\u00f3digo ou de texto. Por conseguinte, \u00e9 importante verificar e rever sempre essas sugest\u00f5es geradas antes de o utilizador ou a sua empresa utilizarem o resultado. O resultado gerado pela Ferramenta de IA baseia-se em modelos de IA de terceiros e n\u00e3o assumimos qualquer responsabilidade pelo resultado fornecido pela Ferramenta de IA.<\/p>\n\n\n\n<h3 class=\"wp-block-heading\" style=\"margin-top:var(--wp--preset--spacing--60);font-size:clamp(0.984rem, 0.984rem + ((1vw - 0.2rem) * 0.809), 1.5rem);\"><strong>Responsabilidade e obriga\u00e7\u00e3o<\/strong><\/h3>\n\n\n\n<p>N\u00f3s, e qualquer um dos nossos afiliados, declinamos qualquer responsabilidade por qualquer perda, direta ou indireta, incidental ou consequente, resultante da utiliza\u00e7\u00e3o da AI Tool.<\/p>\n\n\n\n<p>N\u00f3s, e qualquer um dos nossos afiliados, n\u00e3o pagamos qualquer tipo de indemniza\u00e7\u00e3o por perdas ou danos, punitivos ou outros, decorrentes da utiliza\u00e7\u00e3o dos Textos AI.<\/p>\n\n\n\n<h3 class=\"wp-block-heading\" style=\"margin-top:var(--wp--preset--spacing--50);font-size:clamp(0.984rem, 0.984rem + ((1vw - 0.2rem) * 0.809), 1.5rem);\"><strong>Modelos de IA de terceiros<\/strong><\/h3>\n\n\n\n<p>A AI Tool utiliza v\u00e1rios modelos de IA de terceiros de diferentes fornecedores. Abaixo est\u00e3o os fornecedores actuais, juntamente com os respectivos termos de servi\u00e7o e pol\u00edticas de privacidade. Os modelos de IA de terceiros utilizados est\u00e3o sujeitos a altera\u00e7\u00f5es em qualquer altura. Quando utiliza o AI Tools, para al\u00e9m de aceitar estes termos, aceita tamb\u00e9m os termos de servi\u00e7o abaixo e as pol\u00edticas de privacidade abaixo aplicam-se a quaisquer dados que o utilizador ou a sua empresa introduzam no AI Tool:<\/p>\n\n\n\n<ul class=\"wp-block-list\">\n<li>OpenAI\n<ul class=\"wp-block-list\">\n<li>Termos de servi\u00e7o: https:\/\/openai.com\/policies\/row-terms-of-use\/<\/li>\n\n\n\n<li>Pol\u00edtica de privacidade: https:\/\/openai.com\/policies\/row-privacy-policy\/<\/li>\n<\/ul>\n<\/li>\n\n\n\n<li>Microsoft Azure\n<ul class=\"wp-block-list\">\n<li>Termos de servi\u00e7o: https:\/\/www.microsoft.com\/en-us\/servicesagreement<\/li>\n\n\n\n<li>Pol\u00edtica de privacidade: https:\/\/www.microsoft.com\/en-us\/privacy\/privacystatement<\/li>\n<\/ul>\n<\/li>\n\n\n\n<li>Google\n<ul class=\"wp-block-list\">\n<li>Termos de servi\u00e7o: https:\/\/policies.google.com\/terms<\/li>\n\n\n\n<li>Pol\u00edtica de privacidade: https:\/\/policies.google.com\/privacy<\/li>\n<\/ul>\n<\/li>\n\n\n\n<li>Anthropic\n<ul class=\"wp-block-list\">\n<li>Termos de servi\u00e7o: https:\/\/www.anthropic.com\/legal\/commercial-terms<\/li>\n\n\n\n<li>Pol\u00edtica de privacidade: https:\/\/www.anthropic.com\/legal\/privacy<\/li>\n<\/ul>\n<\/li>\n\n\n\n<li>xAI\n<ul class=\"wp-block-list\">\n<li>Termos de servi\u00e7o: https:\/\/x.ai\/legal\/terms-of-service\/<\/li>\n\n\n\n<li>Pol\u00edtica de privacidade: https:\/\/x.ai\/legal\/privacy-policy\/<\/li>\n<\/ul>\n<\/li>\n<\/ul>\n\n\n\n<h3 class=\"wp-block-heading\" style=\"margin-top:var(--wp--preset--spacing--50);font-size:clamp(0.984rem, 0.984rem + ((1vw - 0.2rem) * 0.809), 1.5rem);\"><strong>Aceita\u00e7\u00e3o<\/strong><\/h3>\n\n\n\n<p>Estes termos s\u00f3 ser\u00e3o ligados \u00e0 primeira vez que o utilizador pretender utilizar ou usar a AI Tool e, ao utilizar a AI Tool, o utilizador concorda com estes termos. Depois de concordar com os termos, poder\u00e1 sempre voltar a encontr\u00e1-los a partir desta liga\u00e7\u00e3o.<\/p>\n\n\n\n<p>Qualquer lit\u00edgio decorrente ou relacionado com as presentes condi\u00e7\u00f5es ser\u00e1 resolvido em conformidade com as condi\u00e7\u00f5es gerais aplic\u00e1veis aos nossos servi\u00e7os.<\/p>","protected":false},"excerpt":{"rendered":"<p>Use and application of AI Tool This AI tool (hereinafter &#8220;AI Tool&#8221;) may only be used for the intended purpose, i.e. to support creating or editing an authorized website. Any unauthorized use or utilization of AI Tool will violate our guidelines for the use of AI Tool and may result in termination of your access [&hellip;]<\/p>\n","protected":false},"author":3,"featured_media":0,"parent":0,"menu_order":0,"comment_status":"closed","ping_status":"closed","template":"","meta":{"footnotes":""},"class_list":["post-8","page","type-page","status-publish","hentry"],"_links":{"self":[{"href":"https:\/\/hosting-ai-terms.com\/pt_pt\/wp-json\/wp\/v2\/pages\/8","targetHints":{"allow":["GET"]}}],"collection":[{"href":"https:\/\/hosting-ai-terms.com\/pt_pt\/wp-json\/wp\/v2\/pages"}],"about":[{"href":"https:\/\/hosting-ai-terms.com\/pt_pt\/wp-json\/wp\/v2\/types\/page"}],"author":[{"embeddable":true,"href":"https:\/\/hosting-ai-terms.com\/pt_pt\/wp-json\/wp\/v2\/users\/3"}],"replies":[{"embeddable":true,"href":"https:\/\/hosting-ai-terms.com\/pt_pt\/wp-json\/wp\/v2\/comments?post=8"}],"version-history":[{"count":21,"href":"https:\/\/hosting-ai-terms.com\/pt_pt\/wp-json\/wp\/v2\/pages\/8\/revisions"}],"predecessor-version":[{"id":57,"href":"https:\/\/hosting-ai-terms.com\/pt_pt\/wp-json\/wp\/v2\/pages\/8\/revisions\/57"}],"wp:attachment":[{"href":"https:\/\/hosting-ai-terms.com\/pt_pt\/wp-json\/wp\/v2\/media?parent=8"}],"curies":[{"name":"wp","href":"https:\/\/api.w.org\/{rel}","templated":true}]}}