{"id":8,"date":"2025-11-21T19:49:43","date_gmt":"2025-11-21T19:49:43","guid":{"rendered":"https:\/\/hosting-ai-terms.com\/?page_id=8"},"modified":"2025-12-03T17:08:17","modified_gmt":"2025-12-03T17:08:17","slug":"ai-powered-wordpress-tool-terms-of-service","status":"publish","type":"page","link":"https:\/\/hosting-ai-terms.com\/pt\/","title":{"rendered":"Termos de servi\u00e7o da ferramenta WordPress baseada em IA"},"content":{"rendered":"<div class=\"wp-block-group has-global-padding is-layout-constrained wp-block-group-is-layout-constrained\"><\/p>\n<div class=\"notice-ai-translated\">\n<p><strong>Observa\u00e7\u00e3o:<\/strong> Esta p\u00e1gina foi traduzida da vers\u00e3o original em ingl\u00eas usando IA. <\/p>\n<p>Para ver os termos originais em ingl\u00eas,<br \/>\n<a href=\"https:\/\/hosting-ai-terms.com\/en\/\" data-no-translation-href>clique aqui<\/a>.<\/p>\n<\/div>\n<p>\n<\/div>\n\n\n\n<h3 class=\"wp-block-heading is-style-default\" style=\"margin-top:var(--wp--preset--spacing--50);font-size:clamp(0.984rem, 0.984rem + ((1vw - 0.2rem) * 0.809), 1.5rem);\"><strong>Uso e aplica\u00e7\u00e3o da ferramenta de IA<\/strong><\/h3>\n\n\n\n<p>Esta ferramenta de IA (doravante denominada \u201cAI Tool\u201d) s\u00f3 pode ser usada para a finalidade pretendida, ou seja, para apoiar a cria\u00e7\u00e3o ou a edi\u00e7\u00e3o de um site autorizado. Qualquer uso ou utiliza\u00e7\u00e3o n\u00e3o autorizada da AI Tool violar\u00e1 nossas diretrizes para o uso da AI Tool e poder\u00e1 resultar no cancelamento de seu acesso \u00e0 funcionalidade.<\/p>\n\n\n\n<p>Para qualquer uso ou utiliza\u00e7\u00e3o da AI Tool que viole nossas diretrizes, a legisla\u00e7\u00e3o aplic\u00e1vel ou quaisquer direitos de propriedade intelectual de terceiros, voc\u00ea, como usu\u00e1rio ou sua empresa, ser\u00e1 considerado totalmente respons\u00e1vel e obrigado a cobrir qualquer perda que possamos incorrer em rela\u00e7\u00e3o a isso.<\/p>\n\n\n\n<p>A AI Tool gera sugest\u00f5es de c\u00f3digo ou texto. Portanto, \u00e9 importante sempre verificar e revisar essas sugest\u00f5es geradas antes que voc\u00ea ou sua empresa fa\u00e7am uso do resultado. A sa\u00edda gerada pela AI Tool \u00e9 baseada em modelos de IA de terceiros e n\u00e3o assumimos nenhuma responsabilidade pela sa\u00edda fornecida pela AI Tool.<\/p>\n\n\n\n<h3 class=\"wp-block-heading\" style=\"margin-top:var(--wp--preset--spacing--60);font-size:clamp(0.984rem, 0.984rem + ((1vw - 0.2rem) * 0.809), 1.5rem);\"><strong>Obriga\u00e7\u00e3o e responsabilidade<\/strong><\/h3>\n\n\n\n<p>N\u00f3s e qualquer uma de nossas afiliadas nos isentamos de qualquer responsabilidade e obriga\u00e7\u00e3o por qualquer perda, direta ou indireta, incidental ou consequencial, decorrente do uso ou da utiliza\u00e7\u00e3o do AI Tool.<\/p>\n\n\n\n<p>N\u00f3s, e qualquer uma de nossas afiliadas, n\u00e3o pagamos nenhum tipo de indeniza\u00e7\u00e3o por perdas ou danos, punitivos ou n\u00e3o, decorrentes do uso ou da utiliza\u00e7\u00e3o dos Textos de IA.<\/p>\n\n\n\n<h3 class=\"wp-block-heading\" style=\"margin-top:var(--wp--preset--spacing--50);font-size:clamp(0.984rem, 0.984rem + ((1vw - 0.2rem) * 0.809), 1.5rem);\"><strong>Modelos de IA de terceiros<\/strong><\/h3>\n\n\n\n<p>O AI Tool usa v\u00e1rios modelos de IA de terceiros de diferentes fornecedores. Abaixo est\u00e3o os provedores atuais, juntamente com seus termos de servi\u00e7o e pol\u00edticas de privacidade. Os modelos de IA de terceiros utilizados est\u00e3o sujeitos a altera\u00e7\u00f5es a qualquer momento. Ao usar o AI Tools, al\u00e9m de aceitar estes termos, voc\u00ea tamb\u00e9m aceitar\u00e1 os termos de servi\u00e7o abaixo e as pol\u00edticas de privacidade abaixo se aplicar\u00e3o a todos os dados que voc\u00ea ou sua empresa inserir no AI Tool:<\/p>\n\n\n\n<ul class=\"wp-block-list\">\n<li>OpenAI\n<ul class=\"wp-block-list\">\n<li>Termos de Servi\u00e7o: https:\/\/openai.com\/policies\/row-terms-of-use\/<\/li>\n\n\n\n<li>Pol\u00edtica de privacidade: https:\/\/openai.com\/policies\/row-privacy-policy\/<\/li>\n<\/ul>\n<\/li>\n\n\n\n<li>Microsoft Azure\n<ul class=\"wp-block-list\">\n<li>Termos de Servi\u00e7o: https:\/\/www.microsoft.com\/en-us\/servicesagreement<\/li>\n\n\n\n<li>Pol\u00edtica de privacidade: https:\/\/www.microsoft.com\/en-us\/privacy\/privacystatement<\/li>\n<\/ul>\n<\/li>\n\n\n\n<li>Google\n<ul class=\"wp-block-list\">\n<li>Termos de Servi\u00e7o: https:\/\/policies.google.com\/terms<\/li>\n\n\n\n<li>Pol\u00edtica de privacidade: https:\/\/policies.google.com\/privacy<\/li>\n<\/ul>\n<\/li>\n\n\n\n<li>Anthropic\n<ul class=\"wp-block-list\">\n<li>Termos de Servi\u00e7o: https:\/\/www.anthropic.com\/legal\/commercial-terms<\/li>\n\n\n\n<li>Pol\u00edtica de privacidade: https:\/\/www.anthropic.com\/legal\/privacy<\/li>\n<\/ul>\n<\/li>\n\n\n\n<li>xAI\n<ul class=\"wp-block-list\">\n<li>Termos de Servi\u00e7o: https:\/\/x.ai\/legal\/terms-of-service\/<\/li>\n\n\n\n<li>Pol\u00edtica de privacidade: https:\/\/x.ai\/legal\/privacy-policy\/<\/li>\n<\/ul>\n<\/li>\n<\/ul>\n\n\n\n<h3 class=\"wp-block-heading\" style=\"margin-top:var(--wp--preset--spacing--50);font-size:clamp(0.984rem, 0.984rem + ((1vw - 0.2rem) * 0.809), 1.5rem);\"><strong>Aceita\u00e7\u00e3o<\/strong><\/h3>\n\n\n\n<p>Esses termos s\u00f3 ser\u00e3o vinculados na primeira vez em que voc\u00ea desejar fazer uso ou utilizar a AI Tool e, ao usar a AI Tool, voc\u00ea concorda com esses termos. Depois de concordar com os termos, voc\u00ea sempre poder\u00e1 encontr\u00e1-los novamente nesse link.<\/p>\n\n\n\n<p>Qualquer disputa decorrente ou relacionada a estes termos dever\u00e1 ser resolvida de acordo com os termos e condi\u00e7\u00f5es gerais aplic\u00e1veis aos nossos servi\u00e7os.<\/p>","protected":false},"excerpt":{"rendered":"<p>Use and application of AI Tool This AI tool (hereinafter &#8220;AI Tool&#8221;) may only be used for the intended purpose, i.e. to support creating or editing an authorized website. Any unauthorized use or utilization of AI Tool will violate our guidelines for the use of AI Tool and may result in termination of your access [&hellip;]<\/p>\n","protected":false},"author":3,"featured_media":0,"parent":0,"menu_order":0,"comment_status":"closed","ping_status":"closed","template":"","meta":{"footnotes":""},"class_list":["post-8","page","type-page","status-publish","hentry"],"_links":{"self":[{"href":"https:\/\/hosting-ai-terms.com\/pt\/wp-json\/wp\/v2\/pages\/8","targetHints":{"allow":["GET"]}}],"collection":[{"href":"https:\/\/hosting-ai-terms.com\/pt\/wp-json\/wp\/v2\/pages"}],"about":[{"href":"https:\/\/hosting-ai-terms.com\/pt\/wp-json\/wp\/v2\/types\/page"}],"author":[{"embeddable":true,"href":"https:\/\/hosting-ai-terms.com\/pt\/wp-json\/wp\/v2\/users\/3"}],"replies":[{"embeddable":true,"href":"https:\/\/hosting-ai-terms.com\/pt\/wp-json\/wp\/v2\/comments?post=8"}],"version-history":[{"count":21,"href":"https:\/\/hosting-ai-terms.com\/pt\/wp-json\/wp\/v2\/pages\/8\/revisions"}],"predecessor-version":[{"id":57,"href":"https:\/\/hosting-ai-terms.com\/pt\/wp-json\/wp\/v2\/pages\/8\/revisions\/57"}],"wp:attachment":[{"href":"https:\/\/hosting-ai-terms.com\/pt\/wp-json\/wp\/v2\/media?parent=8"}],"curies":[{"name":"wp","href":"https:\/\/api.w.org\/{rel}","templated":true}]}}