{"id":8,"date":"2025-11-21T19:49:43","date_gmt":"2025-11-21T19:49:43","guid":{"rendered":"https:\/\/hosting-ai-terms.com\/?page_id=8"},"modified":"2025-12-03T17:08:17","modified_gmt":"2025-12-03T17:08:17","slug":"ai-powered-wordpress-tool-terms-of-service","status":"publish","type":"page","link":"https:\/\/hosting-ai-terms.com\/pl\/","title":{"rendered":"Warunki korzystania z narz\u0119dzia WordPress opartego na sztucznej inteligencji"},"content":{"rendered":"<div class=\"wp-block-group has-global-padding is-layout-constrained wp-block-group-is-layout-constrained\"><\/p>\n<div class=\"notice-ai-translated\">\n<p><strong>Uwaga:<\/strong> Ta strona zosta\u0142a przet\u0142umaczona z oryginalnej wersji angielskiej przy u\u017cyciu sztucznej inteligencji. <\/p>\n<p>Aby zobaczy\u0107 oryginalne angielskie terminy,<br \/>\n<a href=\"https:\/\/hosting-ai-terms.com\/en\/\" data-no-translation-href>kliknij tutaj<\/a>.<\/p>\n<\/div>\n<p>\n<\/div>\n\n\n\n<h3 class=\"wp-block-heading is-style-default\" style=\"margin-top:var(--wp--preset--spacing--50);font-size:clamp(0.984rem, 0.984rem + ((1vw - 0.2rem) * 0.809), 1.5rem);\"><strong>Wykorzystanie i zastosowanie narz\u0119dzia AI<\/strong><\/h3>\n\n\n\n<p>To narz\u0119dzie AI (zwane dalej \u201cNarz\u0119dziem AI\u201d) mo\u017ce by\u0107 u\u017cywane wy\u0142\u0105cznie zgodnie z przeznaczeniem, tj. do wspierania tworzenia lub edytowania autoryzowanej strony internetowej. Jakiekolwiek nieautoryzowane u\u017cycie lub wykorzystanie AI Tool naruszy nasze wytyczne dotycz\u0105ce korzystania z AI Tool i mo\u017ce skutkowa\u0107 utrat\u0105 dost\u0119pu do funkcji.<\/p>\n\n\n\n<p>Za ka\u017cde u\u017cycie lub wykorzystanie AI Tool, kt\u00f3re narusza nasze wytyczne, obowi\u0105zuj\u0105ce prawo lub jakiekolwiek prawa w\u0142asno\u015bci intelektualnej stron trzecich, u\u017cytkownik lub jego firma b\u0119d\u0105 w pe\u0142ni odpowiedzialni i zobowi\u0105zani do pokrycia wszelkich strat, kt\u00f3re mo\u017cemy ponie\u015b\u0107 w zwi\u0105zku z tym.<\/p>\n\n\n\n<p>Narz\u0119dzie AI generuje sugestie dotycz\u0105ce kodu lub tekstu. Dlatego wa\u017cne jest, aby zawsze zweryfikowa\u0107 i przejrze\u0107 takie wygenerowane sugestie, zanim u\u017cytkownik lub jego firma wykorzysta wynik. Dane wyj\u015bciowe generowane przez AI Tool s\u0105 oparte na modelach sztucznej inteligencji stron trzecich i nie ponosimy \u017cadnej odpowiedzialno\u015bci za dane wyj\u015bciowe dostarczane przez AI Tool.<\/p>\n\n\n\n<h3 class=\"wp-block-heading\" style=\"margin-top:var(--wp--preset--spacing--60);font-size:clamp(0.984rem, 0.984rem + ((1vw - 0.2rem) * 0.809), 1.5rem);\"><strong>Odpowiedzialno\u015b\u0107<\/strong><\/h3>\n\n\n\n<p>My i ka\u017cdy z naszych podmiot\u00f3w stowarzyszonych zrzekamy si\u0119 wszelkiej odpowiedzialno\u015bci za jakiekolwiek straty, bezpo\u015brednie lub po\u015brednie, przypadkowe lub wynikowe, wynikaj\u0105ce z u\u017cytkowania lub korzystania z AI Tool.<\/p>\n\n\n\n<p>Ani my, ani \u017caden z naszych podmiot\u00f3w stowarzyszonych, nie wyp\u0142acamy \u017cadnych odszkodowa\u0144 za straty lub obra\u017cenia, karne lub inne, wynikaj\u0105ce z u\u017cywania lub korzystania z AI Texts.<\/p>\n\n\n\n<h3 class=\"wp-block-heading\" style=\"margin-top:var(--wp--preset--spacing--50);font-size:clamp(0.984rem, 0.984rem + ((1vw - 0.2rem) * 0.809), 1.5rem);\"><strong>Modele sztucznej inteligencji innych firm<\/strong><\/h3>\n\n\n\n<p>AI Tool korzysta z r\u00f3\u017cnych zewn\u0119trznych modeli AI od r\u00f3\u017cnych dostawc\u00f3w. Poni\u017cej znajduj\u0105 si\u0119 aktualni dostawcy wraz z ich warunkami \u015bwiadczenia us\u0142ug i polityk\u0105 prywatno\u015bci. U\u017cywane modele AI stron trzecich mog\u0105 ulec zmianie w dowolnym momencie. Korzystaj\u0105c z Narz\u0119dzi AI, opr\u00f3cz akceptacji niniejszych warunk\u00f3w, u\u017cytkownik akceptuje r\u00f3wnie\u017c poni\u017csze warunki \u015bwiadczenia us\u0142ug, a poni\u017csze polityki prywatno\u015bci b\u0119d\u0105 mia\u0142y zastosowanie do wszelkich danych wprowadzanych do Narz\u0119dzi AI przez u\u017cytkownika lub jego firm\u0119:<\/p>\n\n\n\n<ul class=\"wp-block-list\">\n<li>OpenAI\n<ul class=\"wp-block-list\">\n<li>Warunki korzystania z serwisu: https:\/\/openai.com\/policies\/row-terms-of-use\/<\/li>\n\n\n\n<li>Polityka prywatno\u015bci: https:\/\/openai.com\/policies\/row-privacy-policy\/<\/li>\n<\/ul>\n<\/li>\n\n\n\n<li>Microsoft Azure\n<ul class=\"wp-block-list\">\n<li>Warunki korzystania z serwisu: https:\/\/www.microsoft.com\/en-us\/servicesagreement<\/li>\n\n\n\n<li>Polityka prywatno\u015bci: https:\/\/www.microsoft.com\/en-us\/privacy\/privacystatement<\/li>\n<\/ul>\n<\/li>\n\n\n\n<li>Google\n<ul class=\"wp-block-list\">\n<li>Warunki korzystania z serwisu: https:\/\/policies.google.com\/terms<\/li>\n\n\n\n<li>Polityka prywatno\u015bci: https:\/\/policies.google.com\/privacy<\/li>\n<\/ul>\n<\/li>\n\n\n\n<li>Anthropic\n<ul class=\"wp-block-list\">\n<li>Warunki korzystania z serwisu: https:\/\/www.anthropic.com\/legal\/commercial-terms<\/li>\n\n\n\n<li>Polityka prywatno\u015bci: https:\/\/www.anthropic.com\/legal\/privacy<\/li>\n<\/ul>\n<\/li>\n\n\n\n<li>xAI\n<ul class=\"wp-block-list\">\n<li>Warunki korzystania z serwisu: https:\/\/x.ai\/legal\/terms-of-service\/<\/li>\n\n\n\n<li>Polityka prywatno\u015bci: https:\/\/x.ai\/legal\/privacy-policy\/<\/li>\n<\/ul>\n<\/li>\n<\/ul>\n\n\n\n<h3 class=\"wp-block-heading\" style=\"margin-top:var(--wp--preset--spacing--50);font-size:clamp(0.984rem, 0.984rem + ((1vw - 0.2rem) * 0.809), 1.5rem);\"><strong>Akceptacja<\/strong><\/h3>\n\n\n\n<p>Warunki te b\u0119d\u0105 dost\u0119pne tylko przy pierwszym u\u017cyciu lub wykorzystaniu AI Tool, a korzystaj\u0105c z AI Tool, u\u017cytkownik wyra\u017ca zgod\u0119 na te warunki. Po wyra\u017ceniu zgody na warunki, zawsze b\u0119dzie mo\u017cna znale\u017a\u0107 je ponownie za pomoc\u0105 tego linku.<\/p>\n\n\n\n<p>Wszelkie spory wynikaj\u0105ce z niniejszych warunk\u00f3w lub w zwi\u0105zku z nimi b\u0119d\u0105 rozstrzygane zgodnie z og\u00f3lnymi warunkami maj\u0105cymi zastosowanie do naszych us\u0142ug.<\/p>","protected":false},"excerpt":{"rendered":"<p>Use and application of AI Tool This AI tool (hereinafter &#8220;AI Tool&#8221;) may only be used for the intended purpose, i.e. to support creating or editing an authorized website. Any unauthorized use or utilization of AI Tool will violate our guidelines for the use of AI Tool and may result in termination of your access [&hellip;]<\/p>\n","protected":false},"author":3,"featured_media":0,"parent":0,"menu_order":0,"comment_status":"closed","ping_status":"closed","template":"","meta":{"footnotes":""},"class_list":["post-8","page","type-page","status-publish","hentry"],"_links":{"self":[{"href":"https:\/\/hosting-ai-terms.com\/pl\/wp-json\/wp\/v2\/pages\/8","targetHints":{"allow":["GET"]}}],"collection":[{"href":"https:\/\/hosting-ai-terms.com\/pl\/wp-json\/wp\/v2\/pages"}],"about":[{"href":"https:\/\/hosting-ai-terms.com\/pl\/wp-json\/wp\/v2\/types\/page"}],"author":[{"embeddable":true,"href":"https:\/\/hosting-ai-terms.com\/pl\/wp-json\/wp\/v2\/users\/3"}],"replies":[{"embeddable":true,"href":"https:\/\/hosting-ai-terms.com\/pl\/wp-json\/wp\/v2\/comments?post=8"}],"version-history":[{"count":21,"href":"https:\/\/hosting-ai-terms.com\/pl\/wp-json\/wp\/v2\/pages\/8\/revisions"}],"predecessor-version":[{"id":57,"href":"https:\/\/hosting-ai-terms.com\/pl\/wp-json\/wp\/v2\/pages\/8\/revisions\/57"}],"wp:attachment":[{"href":"https:\/\/hosting-ai-terms.com\/pl\/wp-json\/wp\/v2\/media?parent=8"}],"curies":[{"name":"wp","href":"https:\/\/api.w.org\/{rel}","templated":true}]}}