{"id":8,"date":"2025-11-21T19:49:43","date_gmt":"2025-11-21T19:49:43","guid":{"rendered":"https:\/\/hosting-ai-terms.com\/?page_id=8"},"modified":"2025-12-03T17:08:17","modified_gmt":"2025-12-03T17:08:17","slug":"ai-powered-wordpress-tool-terms-of-service","status":"publish","type":"page","link":"https:\/\/hosting-ai-terms.com\/nb\/","title":{"rendered":"Vilk\u00e5r for bruk av AI-drevet WordPress-verkt\u00f8y"},"content":{"rendered":"<div class=\"wp-block-group has-global-padding is-layout-constrained wp-block-group-is-layout-constrained\"><\/p>\n<div class=\"notice-ai-translated\">\n<p><strong>Merk:<\/strong> Denne siden er oversatt fra den engelske originalversjonen ved hjelp av AI. <\/p>\n<p>For \u00e5 se de engelske originalbetegnelsene,<br \/>\n<a href=\"https:\/\/hosting-ai-terms.com\/en\/\" data-no-translation-href>klikk her<\/a>.<\/p>\n<\/div>\n<p>\n<\/div>\n\n\n\n<h3 class=\"wp-block-heading is-style-default\" style=\"margin-top:var(--wp--preset--spacing--50);font-size:clamp(0.984rem, 0.984rem + ((1vw - 0.2rem) * 0.809), 1.5rem);\"><strong>Bruk og anvendelse av AI-verkt\u00f8y<\/strong><\/h3>\n\n\n\n<p>Dette AI-verkt\u00f8yet (heretter kalt \u201cAI-verkt\u00f8yet\u201d) kan kun brukes til det tiltenkte form\u00e5let, dvs. til \u00e5 st\u00f8tte oppretting eller redigering av et autorisert nettsted. Enhver uautorisert bruk eller utnyttelse av AI-verkt\u00f8yet vil v\u00e6re i strid med v\u00e5re retningslinjer for bruk av AI-verkt\u00f8yet og kan f\u00f8re til at tilgangen din til funksjonaliteten avsluttes.<\/p>\n\n\n\n<p>For enhver bruk eller utnyttelse av AI-verkt\u00f8yet som bryter med v\u00e5re retningslinjer, gjeldende lov eller tredjeparts immaterielle rettigheter, vil du som bruker eller ditt selskap bli holdt fullt ut ansvarlig og erstatningspliktig for eventuelle tap vi m\u00e5tte p\u00e5dra oss i forbindelse med dette.<\/p>\n\n\n\n<p>AI Tool genererer forslag til kode eller tekst. Det er derfor viktig at du alltid verifiserer og gjennomg\u00e5r slike genererte forslag f\u00f8r du eller din bedrift tar i bruk resultatet. Resultatet som genereres fra AI-verkt\u00f8yet, er basert p\u00e5 AI-modeller fra tredjeparter, og vi tar ikke ansvar for resultatet som leveres av AI-verkt\u00f8yet.<\/p>\n\n\n\n<h3 class=\"wp-block-heading\" style=\"margin-top:var(--wp--preset--spacing--60);font-size:clamp(0.984rem, 0.984rem + ((1vw - 0.2rem) * 0.809), 1.5rem);\"><strong>Ansvar og forpliktelser<\/strong><\/h3>\n\n\n\n<p>Vi og v\u00e5re tilknyttede selskaper fraskriver oss ethvert ansvar for tap, enten direkte eller indirekte, tilfeldige eller f\u00f8lgeskader, som oppst\u00e5r som f\u00f8lge av bruk eller utnyttelse av AI-verkt\u00f8yet.<\/p>\n\n\n\n<p>Vi og v\u00e5re tilknyttede selskaper betaler ikke noen form for erstatning for tap eller skade, strafferettslig eller p\u00e5 annen m\u00e5te, som oppst\u00e5r som f\u00f8lge av bruk eller utnyttelse av AI Texts.<\/p>\n\n\n\n<h3 class=\"wp-block-heading\" style=\"margin-top:var(--wp--preset--spacing--50);font-size:clamp(0.984rem, 0.984rem + ((1vw - 0.2rem) * 0.809), 1.5rem);\"><strong>AI-modeller fra tredjeparter<\/strong><\/h3>\n\n\n\n<p>AI Tool bruker ulike tredjeparts AI-modeller fra forskjellige leverand\u00f8rer. Nedenfor finner du de aktuelle leverand\u00f8rene sammen med deres tjenestevilk\u00e5r og personvernerkl\u00e6ringer. Tredjeparts AI-modeller som brukes, kan endres n\u00e5r som helst. N\u00e5r du bruker AI-verkt\u00f8y, godtar du i tillegg til disse vilk\u00e5rene ogs\u00e5 tjenestevilk\u00e5rene nedenfor, og personvernerkl\u00e6ringene nedenfor vil gjelde for alle data du eller bedriften din legger inn i AI-verkt\u00f8yet:<\/p>\n\n\n\n<ul class=\"wp-block-list\">\n<li>OpenAI\n<ul class=\"wp-block-list\">\n<li>Vilk\u00e5r for bruk: https:\/\/openai.com\/policies\/row-terms-of-use\/<\/li>\n\n\n\n<li>Retningslinjer for personvern: https:\/\/openai.com\/policies\/row-privacy-policy\/<\/li>\n<\/ul>\n<\/li>\n\n\n\n<li>Microsoft Azure\n<ul class=\"wp-block-list\">\n<li>Vilk\u00e5r for bruk: https:\/\/www.microsoft.com\/en-us\/servicesagreement<\/li>\n\n\n\n<li>Retningslinjer for personvern: https:\/\/www.microsoft.com\/en-us\/privacy\/privacystatement<\/li>\n<\/ul>\n<\/li>\n\n\n\n<li>Google\n<ul class=\"wp-block-list\">\n<li>Vilk\u00e5r for bruk: https:\/\/policies.google.com\/terms<\/li>\n\n\n\n<li>Retningslinjer for personvern: https:\/\/policies.google.com\/privacy<\/li>\n<\/ul>\n<\/li>\n\n\n\n<li>Anthropic\n<ul class=\"wp-block-list\">\n<li>Vilk\u00e5r for bruk: https:\/\/www.anthropic.com\/legal\/commercial-terms<\/li>\n\n\n\n<li>Retningslinjer for personvern: https:\/\/www.anthropic.com\/legal\/privacy<\/li>\n<\/ul>\n<\/li>\n\n\n\n<li>xAI\n<ul class=\"wp-block-list\">\n<li>Vilk\u00e5r for bruk: https:\/\/x.ai\/legal\/terms-of-service\/<\/li>\n\n\n\n<li>Retningslinjer for personvern: https:\/\/x.ai\/legal\/privacy-policy\/<\/li>\n<\/ul>\n<\/li>\n<\/ul>\n\n\n\n<h3 class=\"wp-block-heading\" style=\"margin-top:var(--wp--preset--spacing--50);font-size:clamp(0.984rem, 0.984rem + ((1vw - 0.2rem) * 0.809), 1.5rem);\"><strong>Aksept<\/strong><\/h3>\n\n\n\n<p>Disse vilk\u00e5rene vil bare bli lenket til f\u00f8rste gang du \u00f8nsker \u00e5 benytte deg av AI Tool, og ved \u00e5 bruke AI Tool godtar du disse vilk\u00e5rene. N\u00e5r du har godtatt vilk\u00e5rene, vil du alltid kunne finne dem igjen fra denne lenken.<\/p>\n\n\n\n<p>Enhver tvist som oppst\u00e5r som f\u00f8lge av eller i forbindelse med disse vilk\u00e5rene, skal avgj\u00f8res i henhold til de generelle vilk\u00e5rene som gjelder for v\u00e5re tjenester.<\/p>","protected":false},"excerpt":{"rendered":"<p>Use and application of AI Tool This AI tool (hereinafter &#8220;AI Tool&#8221;) may only be used for the intended purpose, i.e. to support creating or editing an authorized website. Any unauthorized use or utilization of AI Tool will violate our guidelines for the use of AI Tool and may result in termination of your access [&hellip;]<\/p>\n","protected":false},"author":3,"featured_media":0,"parent":0,"menu_order":0,"comment_status":"closed","ping_status":"closed","template":"","meta":{"footnotes":""},"class_list":["post-8","page","type-page","status-publish","hentry"],"_links":{"self":[{"href":"https:\/\/hosting-ai-terms.com\/nb\/wp-json\/wp\/v2\/pages\/8","targetHints":{"allow":["GET"]}}],"collection":[{"href":"https:\/\/hosting-ai-terms.com\/nb\/wp-json\/wp\/v2\/pages"}],"about":[{"href":"https:\/\/hosting-ai-terms.com\/nb\/wp-json\/wp\/v2\/types\/page"}],"author":[{"embeddable":true,"href":"https:\/\/hosting-ai-terms.com\/nb\/wp-json\/wp\/v2\/users\/3"}],"replies":[{"embeddable":true,"href":"https:\/\/hosting-ai-terms.com\/nb\/wp-json\/wp\/v2\/comments?post=8"}],"version-history":[{"count":21,"href":"https:\/\/hosting-ai-terms.com\/nb\/wp-json\/wp\/v2\/pages\/8\/revisions"}],"predecessor-version":[{"id":57,"href":"https:\/\/hosting-ai-terms.com\/nb\/wp-json\/wp\/v2\/pages\/8\/revisions\/57"}],"wp:attachment":[{"href":"https:\/\/hosting-ai-terms.com\/nb\/wp-json\/wp\/v2\/media?parent=8"}],"curies":[{"name":"wp","href":"https:\/\/api.w.org\/{rel}","templated":true}]}}