{"id":8,"date":"2025-11-21T19:49:43","date_gmt":"2025-11-21T19:49:43","guid":{"rendered":"https:\/\/hosting-ai-terms.com\/?page_id=8"},"modified":"2025-12-03T17:08:17","modified_gmt":"2025-12-03T17:08:17","slug":"ai-powered-wordpress-tool-terms-of-service","status":"publish","type":"page","link":"https:\/\/hosting-ai-terms.com\/lv\/","title":{"rendered":"Ar m\u0101ksl\u012bgo intelektu darbin\u0101m\u0101 WordPress r\u012bka lieto\u0161anas noteikumi"},"content":{"rendered":"<div class=\"wp-block-group has-global-padding is-layout-constrained wp-block-group-is-layout-constrained\"><\/p>\n<div class=\"notice-ai-translated\">\n<p><strong>Piez\u012bme:<\/strong> \u0160\u012b lapa tika tulkota no ori\u0123in\u0101l\u0101s ang\u013cu valodas versijas, izmantojot AI. <\/p>\n<p>Lai skat\u012btu ori\u0123in\u0101los ang\u013cu valodas terminus,<br \/>\n<a href=\"https:\/\/hosting-ai-terms.com\/en\/\" data-no-translation-href>klik\u0161\u0137iniet \u0161eit<\/a>.<\/p>\n<\/div>\n<p>\n<\/div>\n\n\n\n<h3 class=\"wp-block-heading is-style-default\" style=\"margin-top:var(--wp--preset--spacing--50);font-size:clamp(0.984rem, 0.984rem + ((1vw - 0.2rem) * 0.809), 1.5rem);\"><strong>M\u0101ksl\u012bg\u0101 intelekta r\u012bka izmanto\u0161ana un piem\u0113ro\u0161ana<\/strong><\/h3>\n\n\n\n<p>\u0160o AI r\u012bku (turpm\u0101k \u201cAI r\u012bks\u201d) dr\u012bkst izmantot tikai paredz\u0113tajam m\u0113r\u0137im, t. i., lai pal\u012bdz\u0113tu izveidot vai redi\u0123\u0113t autoriz\u0113tu t\u012bmek\u013ca vietni. Jebk\u0101da neat\u013cauta AI r\u012bka lieto\u0161ana vai izmanto\u0161ana b\u016bs pretrun\u0101 ar m\u016bsu pamatnost\u0101dn\u0113m par AI r\u012bka lieto\u0161anu, un t\u0101s rezult\u0101t\u0101 var tikt p\u0101rtraukta j\u016bsu piek\u013cuve \u0161ai funkcionalit\u0101tei.<\/p>\n\n\n\n<p>Par jebk\u0101du AI r\u012bka izmanto\u0161anu vai izmanto\u0161anu, kas p\u0101rk\u0101pj m\u016bsu vadl\u012bnijas, piem\u0113rojamos ties\u012bbu aktus vai tre\u0161o personu intelektu\u0101l\u0101 \u012bpa\u0161uma ties\u012bbas, j\u016bs k\u0101 lietot\u0101js vai j\u016bsu uz\u0146\u0113mums b\u016bsiet piln\u012bb\u0101 atbild\u012bgs un uz\u0146emsieties atbild\u012bbu, lai segtu jebk\u0101dus zaud\u0113jumus, kas mums var rasties saist\u012bb\u0101 ar to.<\/p>\n\n\n\n<p>AI r\u012bks \u0123ener\u0113 koda vai teksta ieteikumus. T\u0101p\u0113c ir svar\u012bgi vienm\u0113r p\u0101rbaud\u012bt un p\u0101rskat\u012bt \u0161\u0101dus \u0123ener\u0113tos ieteikumus, pirms j\u016bs vai j\u016bsu uz\u0146\u0113mums izmanto to rezult\u0101tus. AI r\u012bka \u0123ener\u0113to rezult\u0101tu pamat\u0101 ir tre\u0161\u0101s puses AI mode\u013ci, un m\u0113s neuz\u0146emamies nek\u0101du atbild\u012bbu par AI r\u012bka sniegtajiem rezult\u0101tiem.<\/p>\n\n\n\n<h3 class=\"wp-block-heading\" style=\"margin-top:var(--wp--preset--spacing--60);font-size:clamp(0.984rem, 0.984rem + ((1vw - 0.2rem) * 0.809), 1.5rem);\"><strong>Atbild\u012bba un pien\u0101kumi<\/strong><\/h3>\n\n\n\n<p>M\u0113s un visi m\u016bsu saist\u012btie uz\u0146\u0113mumi atsak\u0101mies no jebk\u0101das atbild\u012bbas par jebk\u0101diem tie\u0161iem vai netie\u0161iem, nejau\u0161iem vai izrieto\u0161iem zaud\u0113jumiem, kas radu\u0161ies AI r\u012bka lieto\u0161anas vai izmanto\u0161anas rezult\u0101t\u0101.<\/p>\n\n\n\n<p>M\u0113s un m\u016bsu saist\u012btie uz\u0146\u0113mumi nemaks\u0101jam nek\u0101da veida kompens\u0101ciju par zaud\u0113jumiem vai traum\u0101m, sodanaudu vai cita veida kompens\u0101ciju, kas izriet no AI Texts lieto\u0161anas vai izmanto\u0161anas.<\/p>\n\n\n\n<h3 class=\"wp-block-heading\" style=\"margin-top:var(--wp--preset--spacing--50);font-size:clamp(0.984rem, 0.984rem + ((1vw - 0.2rem) * 0.809), 1.5rem);\"><strong>Tre\u0161o pu\u0161u AI mode\u013ci<\/strong><\/h3>\n\n\n\n<p>AI r\u012bks izmanto da\u017e\u0101dus tre\u0161o pu\u0161u AI mode\u013cus no da\u017e\u0101diem pakalpojumu sniedz\u0113jiem. Zem\u0101k ir nor\u0101d\u012bti pa\u0161reiz\u0113jie pakalpojumu sniedz\u0113ji un to pakalpojumu snieg\u0161anas noteikumi un priv\u0101tuma politika. Izmantotie tre\u0161o pu\u0161u AI mode\u013ci jebkur\u0101 laik\u0101 var main\u012bties. Kad izmantojat AI r\u012bkus, papildus \u0161o noteikumu pie\u0146em\u0161anai j\u016bs piekr\u012btat ar\u012b turpm\u0101k izkl\u0101st\u012btajiem pakalpojumu snieg\u0161anas noteikumiem, un turpm\u0101k izkl\u0101st\u012bt\u0101s priv\u0101tuma politikas tiks piem\u0113rotas visiem datiem, kurus j\u016bs vai j\u016bsu uz\u0146\u0113mums ievad\u012bs AI r\u012bk\u0101:<\/p>\n\n\n\n<ul class=\"wp-block-list\">\n<li>OpenAI\n<ul class=\"wp-block-list\">\n<li>Pakalpojumu snieg\u0161anas noteikumi: https:\/\/openai.com\/policies\/row-terms-of-use\/<\/li>\n\n\n\n<li>Konfidencialit\u0101tes politika: https:\/\/openai.com\/policies\/row-privacy-policy\/<\/li>\n<\/ul>\n<\/li>\n\n\n\n<li>Microsoft Azure\n<ul class=\"wp-block-list\">\n<li>Pakalpojumu snieg\u0161anas noteikumi: https:\/\/www.microsoft.com\/en-us\/servicesagreement<\/li>\n\n\n\n<li>Konfidencialit\u0101tes politika: https:\/\/www.microsoft.com\/en-us\/privacy\/privacystatement<\/li>\n<\/ul>\n<\/li>\n\n\n\n<li>Google\n<ul class=\"wp-block-list\">\n<li>Pakalpojumu snieg\u0161anas noteikumi: https:\/\/policies.google.com\/terms<\/li>\n\n\n\n<li>Konfidencialit\u0101tes politika: https:\/\/policies.google.com\/privacy<\/li>\n<\/ul>\n<\/li>\n\n\n\n<li>Anthropic\n<ul class=\"wp-block-list\">\n<li>Pakalpojumu snieg\u0161anas noteikumi: https:\/\/www.anthropic.com\/legal\/commercial-terms<\/li>\n\n\n\n<li>Konfidencialit\u0101tes politika: https:\/\/www.anthropic.com\/legal\/privacy<\/li>\n<\/ul>\n<\/li>\n\n\n\n<li>xAI\n<ul class=\"wp-block-list\">\n<li>Pakalpojumu snieg\u0161anas noteikumi: https:\/\/x.ai\/legal\/terms-of-service\/<\/li>\n\n\n\n<li>Konfidencialit\u0101tes politika: https:\/\/x.ai\/legal\/privacy-policy\/<\/li>\n<\/ul>\n<\/li>\n<\/ul>\n\n\n\n<h3 class=\"wp-block-heading\" style=\"margin-top:var(--wp--preset--spacing--50);font-size:clamp(0.984rem, 0.984rem + ((1vw - 0.2rem) * 0.809), 1.5rem);\"><strong>Pie\u0146em\u0161ana<\/strong><\/h3>\n\n\n\n<p>\u0160ie noteikumi tiks saist\u012bti tikai ar pirmo reizi, kad v\u0113l\u0113sieties izmantot vai izmantot AI r\u012bku, un, izmantojot AI r\u012bku, j\u016bs piekr\u012btat \u0161iem noteikumiem. Kad esat piekritis noteikumiem, j\u016bs vienm\u0113r var\u0113siet tos atkal atrast, izmantojot \u0161o saiti.<\/p>\n\n\n\n<p>Jebkur\u0161 str\u012bds, kas izriet no \u0161iem noteikumiem vai ir ar tiem saist\u012bts, tiek risin\u0101ts saska\u0146\u0101 ar m\u016bsu pakalpojumiem piem\u0113rojamajiem visp\u0101r\u012bgajiem noteikumiem un nosac\u012bjumiem.<\/p>","protected":false},"excerpt":{"rendered":"<p>Use and application of AI Tool This AI tool (hereinafter &#8220;AI Tool&#8221;) may only be used for the intended purpose, i.e. to support creating or editing an authorized website. Any unauthorized use or utilization of AI Tool will violate our guidelines for the use of AI Tool and may result in termination of your access [&hellip;]<\/p>\n","protected":false},"author":3,"featured_media":0,"parent":0,"menu_order":0,"comment_status":"closed","ping_status":"closed","template":"","meta":{"footnotes":""},"class_list":["post-8","page","type-page","status-publish","hentry"],"_links":{"self":[{"href":"https:\/\/hosting-ai-terms.com\/lv\/wp-json\/wp\/v2\/pages\/8","targetHints":{"allow":["GET"]}}],"collection":[{"href":"https:\/\/hosting-ai-terms.com\/lv\/wp-json\/wp\/v2\/pages"}],"about":[{"href":"https:\/\/hosting-ai-terms.com\/lv\/wp-json\/wp\/v2\/types\/page"}],"author":[{"embeddable":true,"href":"https:\/\/hosting-ai-terms.com\/lv\/wp-json\/wp\/v2\/users\/3"}],"replies":[{"embeddable":true,"href":"https:\/\/hosting-ai-terms.com\/lv\/wp-json\/wp\/v2\/comments?post=8"}],"version-history":[{"count":21,"href":"https:\/\/hosting-ai-terms.com\/lv\/wp-json\/wp\/v2\/pages\/8\/revisions"}],"predecessor-version":[{"id":57,"href":"https:\/\/hosting-ai-terms.com\/lv\/wp-json\/wp\/v2\/pages\/8\/revisions\/57"}],"wp:attachment":[{"href":"https:\/\/hosting-ai-terms.com\/lv\/wp-json\/wp\/v2\/media?parent=8"}],"curies":[{"name":"wp","href":"https:\/\/api.w.org\/{rel}","templated":true}]}}