{"id":8,"date":"2025-11-21T19:49:43","date_gmt":"2025-11-21T19:49:43","guid":{"rendered":"https:\/\/hosting-ai-terms.com\/?page_id=8"},"modified":"2025-12-03T17:08:17","modified_gmt":"2025-12-03T17:08:17","slug":"ai-powered-wordpress-tool-terms-of-service","status":"publish","type":"page","link":"https:\/\/hosting-ai-terms.com\/lt\/","title":{"rendered":"\"WordPress\" \u012frankio, paremto dirbtiniu intelektu, paslaug\u0173 teikimo s\u0105lygos"},"content":{"rendered":"<div class=\"wp-block-group has-global-padding is-layout-constrained wp-block-group-is-layout-constrained\"><\/p>\n<div class=\"notice-ai-translated\">\n<p><strong>Pastaba:<\/strong> \u0160is puslapis buvo i\u0161verstas i\u0161 originalios angl\u0173 kalbos versijos naudojant AI. <\/p>\n<p>Nor\u0117dami pamatyti originalius angli\u0161kus terminus,<br \/>\n<a href=\"https:\/\/hosting-ai-terms.com\/en\/\" data-no-translation-href>Spauskite \u010dia<\/a>.<\/p>\n<\/div>\n<p>\n<\/div>\n\n\n\n<h3 class=\"wp-block-heading is-style-default\" style=\"margin-top:var(--wp--preset--spacing--50);font-size:clamp(0.984rem, 0.984rem + ((1vw - 0.2rem) * 0.809), 1.5rem);\"><strong>AI \u012frankio naudojimas ir taikymas<\/strong><\/h3>\n\n\n\n<p>\u0160i AI priemon\u0117 (toliau - AI priemon\u0117) gali b\u016bti naudojama tik numatytu tikslu, t. y. pad\u0117ti kurti arba redaguoti autorizuot\u0105 svetain\u0119. Bet koks neleistinas AI priemon\u0117s naudojimas ar naudojimas pa\u017eeid\u017eia m\u016bs\u0173 AI priemon\u0117s naudojimo gaires ir d\u0117l to gali b\u016bti nutraukta j\u016bs\u0173 prieiga prie \u0161ios funkcijos.<\/p>\n\n\n\n<p>U\u017e bet kok\u012f AI \u012frankio naudojim\u0105 ar naudojim\u0105, pa\u017eeid\u017eiant\u012f m\u016bs\u0173 gaires, taikomus \u012fstatymus ar tre\u010di\u0173j\u0173 \u0161ali\u0173 intelektin\u0117s nuosavyb\u0117s teises, j\u016bs, kaip naudotojas ar j\u016bs\u0173 \u012fmon\u0117, b\u016bsite visi\u0161kai atsakingi ir prival\u0117site padengti bet kokius nuostolius, kuriuos galime patirti d\u0117l to.<\/p>\n\n\n\n<p>AI \u012frankis generuoja kodo arba teksto pasi\u016blymus. Tod\u0117l svarbu visada patikrinti ir per\u017ei\u016br\u0117ti tokius sugeneruotus pasi\u016blymus prie\u0161 jums ar j\u016bs\u0173 \u012fmonei pasinaudojant rezultatais. AI \u012frankio generuojami rezultatai yra pagr\u012fsti tre\u010di\u0173j\u0173 \u0161ali\u0173 AI modeliais ir mes neprisiimame jokios atsakomyb\u0117s u\u017e AI \u012frankio teikiamus rezultatus.<\/p>\n\n\n\n<h3 class=\"wp-block-heading\" style=\"margin-top:var(--wp--preset--spacing--60);font-size:clamp(0.984rem, 0.984rem + ((1vw - 0.2rem) * 0.809), 1.5rem);\"><strong>Atsakomyb\u0117 ir atsakomyb\u0117<\/strong><\/h3>\n\n\n\n<p>Mes ir bet kuris i\u0161 m\u016bs\u0173 filial\u0173 atsisakome bet kokios atsakomyb\u0117s u\u017e bet kokius tiesioginius ar netiesioginius, atsitiktinius ar netiesioginius nuostolius, atsirandan\u010dius d\u0117l AI \u012frankio naudojimo ar naudojimo.<\/p>\n\n\n\n<p>Mes ir bet kuris i\u0161 m\u016bs\u0173 filial\u0173 nemokame jokios kompensacijos u\u017e nuostolius ar \u017eal\u0105, baud\u017eiam\u0105j\u0105 ar kitoki\u0105 \u017eal\u0105, atsiradusi\u0105 d\u0117l AI tekst\u0173 naudojimo ar naudojimo.<\/p>\n\n\n\n<h3 class=\"wp-block-heading\" style=\"margin-top:var(--wp--preset--spacing--50);font-size:clamp(0.984rem, 0.984rem + ((1vw - 0.2rem) * 0.809), 1.5rem);\"><strong>Tre\u010di\u0173j\u0173 \u0161ali\u0173 dirbtinio intelekto modeliai<\/strong><\/h3>\n\n\n\n<p>\"AI Tool\" naudoja \u012fvairius tre\u010di\u0173j\u0173 \u0161ali\u0173 AI modelius i\u0161 skirting\u0173 paslaug\u0173 teik\u0117j\u0173. Toliau pateikiami dabartiniai paslaug\u0173 teik\u0117jai ir j\u0173 paslaug\u0173 teikimo s\u0105lygos bei privatumo politika. Naudojami tre\u010di\u0173j\u0173 \u0161ali\u0173 dirbtinio intelekto modeliai gali b\u016bti bet kada pakeisti. Naudodamiesi AI \u012frankiais, be \u0161i\u0173 s\u0105lyg\u0173, taip pat sutinkate su toliau nurodytomis paslaug\u0173 teikimo s\u0105lygomis, o toliau nurodytos privatumo politikos nuostatos bus taikomos visiems duomenims, kuriuos j\u016bs arba j\u016bs\u0173 \u012fmon\u0117 \u012fvesite \u012f AI \u012frankius:<\/p>\n\n\n\n<ul class=\"wp-block-list\">\n<li>\"OpenAI\"\n<ul class=\"wp-block-list\">\n<li>Paslaug\u0173 teikimo s\u0105lygos: https:\/\/openai.com\/policies\/row-terms-of-use\/<\/li>\n\n\n\n<li>Privatumo politika: https:\/\/openai.com\/policies\/row-privacy-policy\/<\/li>\n<\/ul>\n<\/li>\n\n\n\n<li>\"Microsoft Azure\n<ul class=\"wp-block-list\">\n<li>Paslaug\u0173 teikimo s\u0105lygos: https:\/\/www.microsoft.com\/en-us\/servicesagreement<\/li>\n\n\n\n<li>Privatumo politika: https:\/\/www.microsoft.com\/en-us\/privacy\/privacystatement<\/li>\n<\/ul>\n<\/li>\n\n\n\n<li>\"Google\"\n<ul class=\"wp-block-list\">\n<li>Paslaug\u0173 teikimo s\u0105lygos: https:\/\/policies.google.com\/terms<\/li>\n\n\n\n<li>Privatumo politika: https:\/\/policies.google.com\/privacy<\/li>\n<\/ul>\n<\/li>\n\n\n\n<li>Anthropic\n<ul class=\"wp-block-list\">\n<li>Paslaug\u0173 teikimo s\u0105lygos: https:\/\/www.anthropic.com\/legal\/commercial-terms<\/li>\n\n\n\n<li>Privatumo politika: https:\/\/www.anthropic.com\/legal\/privacy<\/li>\n<\/ul>\n<\/li>\n\n\n\n<li>xAI\n<ul class=\"wp-block-list\">\n<li>Paslaug\u0173 teikimo s\u0105lygos: https:\/\/x.ai\/legal\/terms-of-service\/<\/li>\n\n\n\n<li>Privatumo politika: https:\/\/x.ai\/legal\/privacy-policy\/<\/li>\n<\/ul>\n<\/li>\n<\/ul>\n\n\n\n<h3 class=\"wp-block-heading\" style=\"margin-top:var(--wp--preset--spacing--50);font-size:clamp(0.984rem, 0.984rem + ((1vw - 0.2rem) * 0.809), 1.5rem);\"><strong>Pri\u0117mimas<\/strong><\/h3>\n\n\n\n<p>\u0160ios s\u0105lygos bus susietos tik tada, kai pirm\u0105 kart\u0105 nor\u0117site naudotis AI priemone arba j\u0105 naudoti, o naudodamiesi AI priemone su \u0161iomis s\u0105lygomis sutinkate. Sutik\u0119 su s\u0105lygomis, visada gal\u0117site jas v\u0117l rasti naudodamiesi \u0161ia nuoroda.<\/p>\n\n\n\n<p>Bet kokie gin\u010dai, kylantys d\u0117l \u0161i\u0173 s\u0105lyg\u0173 ar su jomis susij\u0119, sprend\u017eiami pagal m\u016bs\u0173 paslaugoms taikomas bendr\u0105sias s\u0105lygas.<\/p>","protected":false},"excerpt":{"rendered":"<p>Use and application of AI Tool This AI tool (hereinafter &#8220;AI Tool&#8221;) may only be used for the intended purpose, i.e. to support creating or editing an authorized website. Any unauthorized use or utilization of AI Tool will violate our guidelines for the use of AI Tool and may result in termination of your access [&hellip;]<\/p>\n","protected":false},"author":3,"featured_media":0,"parent":0,"menu_order":0,"comment_status":"closed","ping_status":"closed","template":"","meta":{"footnotes":""},"class_list":["post-8","page","type-page","status-publish","hentry"],"_links":{"self":[{"href":"https:\/\/hosting-ai-terms.com\/lt\/wp-json\/wp\/v2\/pages\/8","targetHints":{"allow":["GET"]}}],"collection":[{"href":"https:\/\/hosting-ai-terms.com\/lt\/wp-json\/wp\/v2\/pages"}],"about":[{"href":"https:\/\/hosting-ai-terms.com\/lt\/wp-json\/wp\/v2\/types\/page"}],"author":[{"embeddable":true,"href":"https:\/\/hosting-ai-terms.com\/lt\/wp-json\/wp\/v2\/users\/3"}],"replies":[{"embeddable":true,"href":"https:\/\/hosting-ai-terms.com\/lt\/wp-json\/wp\/v2\/comments?post=8"}],"version-history":[{"count":21,"href":"https:\/\/hosting-ai-terms.com\/lt\/wp-json\/wp\/v2\/pages\/8\/revisions"}],"predecessor-version":[{"id":57,"href":"https:\/\/hosting-ai-terms.com\/lt\/wp-json\/wp\/v2\/pages\/8\/revisions\/57"}],"wp:attachment":[{"href":"https:\/\/hosting-ai-terms.com\/lt\/wp-json\/wp\/v2\/media?parent=8"}],"curies":[{"name":"wp","href":"https:\/\/api.w.org\/{rel}","templated":true}]}}