{"id":8,"date":"2025-11-21T19:49:43","date_gmt":"2025-11-21T19:49:43","guid":{"rendered":"https:\/\/hosting-ai-terms.com\/?page_id=8"},"modified":"2025-12-03T17:08:17","modified_gmt":"2025-12-03T17:08:17","slug":"ai-powered-wordpress-tool-terms-of-service","status":"publish","type":"page","link":"https:\/\/hosting-ai-terms.com\/it\/","title":{"rendered":"Termini di servizio dello strumento WordPress potenziato dall'intelligenza artificiale"},"content":{"rendered":"<div class=\"wp-block-group has-global-padding is-layout-constrained wp-block-group-is-layout-constrained\"><\/p>\n<div class=\"notice-ai-translated\">\n<p><strong>Nota:<\/strong> Questa pagina \u00e8 stata tradotta dalla versione originale inglese utilizzando l'AI. <\/p>\n<p>Per vedere i termini originali in inglese,<br \/>\n<a href=\"https:\/\/hosting-ai-terms.com\/en\/\" data-no-translation-href>clicca qui<\/a>.<\/p>\n<\/div>\n<p>\n<\/div>\n\n\n\n<h3 class=\"wp-block-heading is-style-default\" style=\"margin-top:var(--wp--preset--spacing--50);font-size:clamp(0.984rem, 0.984rem + ((1vw - 0.2rem) * 0.809), 1.5rem);\"><strong>Uso e applicazione dello strumento AI<\/strong><\/h3>\n\n\n\n<p>Questo strumento AI (di seguito \u201cAI Tool\u201d) pu\u00f2 essere utilizzato solo per lo scopo previsto, ovvero per supportare la creazione o la modifica di un sito web autorizzato. Qualsiasi uso o utilizzo non autorizzato di AI Tool violer\u00e0 le nostre linee guida per l'utilizzo di AI Tool e potr\u00e0 comportare la cessazione del vostro accesso alla funzionalit\u00e0.<\/p>\n\n\n\n<p>Per qualsiasi uso o utilizzo di AI Tool che violi le nostre linee guida, le leggi vigenti o qualsiasi diritto di propriet\u00e0 intellettuale di terzi, l'utente o la sua azienda saranno ritenuti pienamente responsabili e tenuti a coprire qualsiasi perdita che potremmo subire in relazione a ci\u00f2.<\/p>\n\n\n\n<p>AI Tool genera suggerimenti di codice o di testo. \u00c8 quindi importante verificare ed esaminare sempre i suggerimenti generati prima che voi o la vostra azienda ne facciate uso. I risultati generati da AI Tool si basano su modelli AI di terze parti e non ci assumiamo alcuna responsabilit\u00e0 per i risultati forniti da AI Tool.<\/p>\n\n\n\n<h3 class=\"wp-block-heading\" style=\"margin-top:var(--wp--preset--spacing--60);font-size:clamp(0.984rem, 0.984rem + ((1vw - 0.2rem) * 0.809), 1.5rem);\"><strong>Responsabilit\u00e0<\/strong><\/h3>\n\n\n\n<p>Noi, e tutti i nostri affiliati, decliniamo ogni responsabilit\u00e0 per qualsiasi perdita, diretta o indiretta, incidentale o consequenziale, derivante dall'uso o dall'utilizzo di AI Tool.<\/p>\n\n\n\n<p>Noi, e qualsiasi nostra affiliata, non paghiamo alcun tipo di risarcimento per perdite o lesioni, punitive o di altro tipo, derivanti dall'uso o dall'utilizzo di AI Texts.<\/p>\n\n\n\n<h3 class=\"wp-block-heading\" style=\"margin-top:var(--wp--preset--spacing--50);font-size:clamp(0.984rem, 0.984rem + ((1vw - 0.2rem) * 0.809), 1.5rem);\"><strong>Modelli di intelligenza artificiale di terze parti<\/strong><\/h3>\n\n\n\n<p>AI Tool utilizza vari modelli di intelligenza artificiale di terze parti di diversi fornitori. Di seguito sono riportati i fornitori attuali e le loro condizioni di servizio e politiche sulla privacy. I modelli di intelligenza artificiale di terze parti utilizzati sono soggetti a modifiche in qualsiasi momento. Quando si utilizza AI Tool, oltre ad accettare i presenti termini, si accettano anche i termini di servizio sotto riportati e le politiche sulla privacy sotto riportate, che si applicano a tutti i dati che l'utente o la sua azienda inserisce in AI Tool:<\/p>\n\n\n\n<ul class=\"wp-block-list\">\n<li>OpenAI\n<ul class=\"wp-block-list\">\n<li>Termini di servizio: https:\/\/openai.com\/policies\/row-terms-of-use\/<\/li>\n\n\n\n<li>Informativa sulla privacy: https:\/\/openai.com\/policies\/row-privacy-policy\/<\/li>\n<\/ul>\n<\/li>\n\n\n\n<li>Microsoft Azure\n<ul class=\"wp-block-list\">\n<li>Termini di servizio: https:\/\/www.microsoft.com\/en-us\/servicesagreement<\/li>\n\n\n\n<li>Informativa sulla privacy: https:\/\/www.microsoft.com\/en-us\/privacy\/privacystatement<\/li>\n<\/ul>\n<\/li>\n\n\n\n<li>Google\n<ul class=\"wp-block-list\">\n<li>Termini di servizio: https:\/\/policies.google.com\/terms<\/li>\n\n\n\n<li>Informativa sulla privacy: https:\/\/policies.google.com\/privacy<\/li>\n<\/ul>\n<\/li>\n\n\n\n<li>Antropico\n<ul class=\"wp-block-list\">\n<li>Termini di servizio: https:\/\/www.anthropic.com\/legal\/commercial-terms<\/li>\n\n\n\n<li>Informativa sulla privacy: https:\/\/www.anthropic.com\/legal\/privacy<\/li>\n<\/ul>\n<\/li>\n\n\n\n<li>xAI\n<ul class=\"wp-block-list\">\n<li>Termini di servizio: https:\/\/x.ai\/legal\/terms-of-service\/<\/li>\n\n\n\n<li>Informativa sulla privacy: https:\/\/x.ai\/legal\/privacy-policy\/<\/li>\n<\/ul>\n<\/li>\n<\/ul>\n\n\n\n<h3 class=\"wp-block-heading\" style=\"margin-top:var(--wp--preset--spacing--50);font-size:clamp(0.984rem, 0.984rem + ((1vw - 0.2rem) * 0.809), 1.5rem);\"><strong>Accettazione<\/strong><\/h3>\n\n\n\n<p>Questi termini saranno collegati solo la prima volta che si desidera utilizzare o utilizzare AI Tool e, utilizzando AI Tool, si accettano questi termini. Una volta accettati i termini, sar\u00e0 sempre possibile ritrovarli da questo link.<\/p>\n\n\n\n<p>Qualsiasi controversia derivante da o in relazione ai presenti termini sar\u00e0 risolta in conformit\u00e0 con i termini e le condizioni generali applicabili ai nostri servizi.<\/p>","protected":false},"excerpt":{"rendered":"<p>Use and application of AI Tool This AI tool (hereinafter &#8220;AI Tool&#8221;) may only be used for the intended purpose, i.e. to support creating or editing an authorized website. Any unauthorized use or utilization of AI Tool will violate our guidelines for the use of AI Tool and may result in termination of your access [&hellip;]<\/p>\n","protected":false},"author":3,"featured_media":0,"parent":0,"menu_order":0,"comment_status":"closed","ping_status":"closed","template":"","meta":{"footnotes":""},"class_list":["post-8","page","type-page","status-publish","hentry"],"_links":{"self":[{"href":"https:\/\/hosting-ai-terms.com\/it\/wp-json\/wp\/v2\/pages\/8","targetHints":{"allow":["GET"]}}],"collection":[{"href":"https:\/\/hosting-ai-terms.com\/it\/wp-json\/wp\/v2\/pages"}],"about":[{"href":"https:\/\/hosting-ai-terms.com\/it\/wp-json\/wp\/v2\/types\/page"}],"author":[{"embeddable":true,"href":"https:\/\/hosting-ai-terms.com\/it\/wp-json\/wp\/v2\/users\/3"}],"replies":[{"embeddable":true,"href":"https:\/\/hosting-ai-terms.com\/it\/wp-json\/wp\/v2\/comments?post=8"}],"version-history":[{"count":21,"href":"https:\/\/hosting-ai-terms.com\/it\/wp-json\/wp\/v2\/pages\/8\/revisions"}],"predecessor-version":[{"id":57,"href":"https:\/\/hosting-ai-terms.com\/it\/wp-json\/wp\/v2\/pages\/8\/revisions\/57"}],"wp:attachment":[{"href":"https:\/\/hosting-ai-terms.com\/it\/wp-json\/wp\/v2\/media?parent=8"}],"curies":[{"name":"wp","href":"https:\/\/api.w.org\/{rel}","templated":true}]}}