{"id":8,"date":"2025-11-21T19:49:43","date_gmt":"2025-11-21T19:49:43","guid":{"rendered":"https:\/\/hosting-ai-terms.com\/?page_id=8"},"modified":"2025-12-03T17:08:17","modified_gmt":"2025-12-03T17:08:17","slug":"ai-powered-wordpress-tool-terms-of-service","status":"publish","type":"page","link":"https:\/\/hosting-ai-terms.com\/hu\/","title":{"rendered":"AI-alap\u00fa WordPress eszk\u00f6z szolg\u00e1ltat\u00e1si felt\u00e9telek"},"content":{"rendered":"<div class=\"wp-block-group has-global-padding is-layout-constrained wp-block-group-is-layout-constrained\"><\/p>\n<div class=\"notice-ai-translated\">\n<p><strong>Megjegyz\u00e9s:<\/strong> Ez az oldal az eredeti angol nyelv\u0171 v\u00e1ltozatb\u00f3l lett leford\u00edtva az AI seg\u00edts\u00e9g\u00e9vel. <\/p>\n<p>Az eredeti angol kifejez\u00e9sek megtekint\u00e9s\u00e9hez,<br \/>\n<a href=\"https:\/\/hosting-ai-terms.com\/en\/\" data-no-translation-href>kattintson ide<\/a>.<\/p>\n<\/div>\n<p>\n<\/div>\n\n\n\n<h3 class=\"wp-block-heading is-style-default\" style=\"margin-top:var(--wp--preset--spacing--50);font-size:clamp(0.984rem, 0.984rem + ((1vw - 0.2rem) * 0.809), 1.5rem);\"><strong>Az AI eszk\u00f6z haszn\u00e1lata \u00e9s alkalmaz\u00e1sa<\/strong><\/h3>\n\n\n\n<p>Ez az AI eszk\u00f6z (a tov\u00e1bbiakban: AI eszk\u00f6z) kiz\u00e1r\u00f3lag a rendeltet\u00e9sszer\u0171 haszn\u00e1latra, azaz egy enged\u00e9lyezett weboldal l\u00e9trehoz\u00e1s\u00e1nak vagy szerkeszt\u00e9s\u00e9nek t\u00e1mogat\u00e1s\u00e1ra haszn\u00e1lhat\u00f3. Az AI Tool b\u00e1rmilyen jogosulatlan haszn\u00e1lata vagy felhaszn\u00e1l\u00e1sa s\u00e9rti az AI Tool haszn\u00e1lat\u00e1ra vonatkoz\u00f3 ir\u00e1nyelveinket, \u00e9s a funkci\u00f3hoz val\u00f3 hozz\u00e1f\u00e9r\u00e9s\u00e9nek megsz\u00fcntet\u00e9s\u00e9t eredm\u00e9nyezheti.<\/p>\n\n\n\n<p>Az AI Tool b\u00e1rmilyen olyan haszn\u00e1lata vagy felhaszn\u00e1l\u00e1sa eset\u00e9n, amely s\u00e9rti az ir\u00e1nyelveinket, a vonatkoz\u00f3 t\u00f6rv\u00e9nyeket vagy harmadik felek szellemi tulajdonjogait, \u00d6n, mint felhaszn\u00e1l\u00f3 vagy c\u00e9ge teljes m\u00e9rt\u00e9kben felel\u0151s \u00e9s felel\u0151ss\u00e9ggel tartozik az ezzel kapcsolatban esetlegesen felmer\u00fcl\u0151 vesztes\u00e9gek fedez\u00e9s\u00e9\u00e9rt.<\/p>\n\n\n\n<p>Az AI Tool k\u00f3dot vagy sz\u00f6veges javaslatokat gener\u00e1l. Ez\u00e9rt fontos, hogy mindig ellen\u0151rizze \u00e9s fel\u00fclvizsg\u00e1lja az ilyen gener\u00e1lt javaslatokat, miel\u0151tt \u00d6n vagy c\u00e9ge felhaszn\u00e1ln\u00e1 az eredm\u00e9nyt. Az AI Tool \u00e1ltal gener\u00e1lt kimenet harmadik f\u00e9l AI modelljein alapul, \u00e9s nem v\u00e1llalunk felel\u0151ss\u00e9get az AI Tool \u00e1ltal biztos\u00edtott kimenet\u00e9rt.<\/p>\n\n\n\n<h3 class=\"wp-block-heading\" style=\"margin-top:var(--wp--preset--spacing--60);font-size:clamp(0.984rem, 0.984rem + ((1vw - 0.2rem) * 0.809), 1.5rem);\"><strong>Felel\u0151ss\u00e9g \u00e9s felel\u0151ss\u00e9g<\/strong><\/h3>\n\n\n\n<p>Mi \u00e9s b\u00e1rmelyik t\u00e1rsv\u00e1llalatunk kiz\u00e1runk minden felel\u0151ss\u00e9get \u00e9s felel\u0151ss\u00e9get az AI Tool haszn\u00e1lat\u00e1b\u00f3l vagy felhaszn\u00e1l\u00e1s\u00e1b\u00f3l ered\u0151 k\u00f6zvetlen vagy k\u00f6zvetett, v\u00e9letlen vagy k\u00f6vetkezm\u00e9nyes vesztes\u00e9gek\u00e9rt.<\/p>\n\n\n\n<p>Mi \u00e9s b\u00e1rmelyik t\u00e1rsv\u00e1llalatunk nem fizet semmilyen k\u00e1rt\u00e9r\u00edt\u00e9st az AI Texts haszn\u00e1lat\u00e1b\u00f3l vagy felhaszn\u00e1l\u00e1s\u00e1b\u00f3l ered\u0151 vesztes\u00e9gek\u00e9rt vagy s\u00e9r\u00fcl\u00e9sek\u00e9rt, b\u00fcntet\u0151 jelleg\u0171 vagy m\u00e1s m\u00f3don.<\/p>\n\n\n\n<h3 class=\"wp-block-heading\" style=\"margin-top:var(--wp--preset--spacing--50);font-size:clamp(0.984rem, 0.984rem + ((1vw - 0.2rem) * 0.809), 1.5rem);\"><strong>Harmadik f\u00e9l AI modellek<\/strong><\/h3>\n\n\n\n<p>Az AI Tool k\u00fcl\u00f6nb\u00f6z\u0151 harmadik f\u00e9lt\u0151l sz\u00e1rmaz\u00f3, k\u00fcl\u00f6nb\u00f6z\u0151 szolg\u00e1ltat\u00f3kt\u00f3l sz\u00e1rmaz\u00f3 AI-modelleket haszn\u00e1l. Az al\u00e1bbiakban a jelenlegi szolg\u00e1ltat\u00f3kat, valamint azok szolg\u00e1ltat\u00e1si felt\u00e9teleit \u00e9s adatv\u00e9delmi ir\u00e1nyelveit mutatjuk be. A harmadik f\u00e9l \u00e1ltal haszn\u00e1lt mesters\u00e9ges intelligencia modellek b\u00e1rmikor megv\u00e1ltozhatnak. Amikor \u00d6n az AI Tools-t haszn\u00e1lja, a jelen felt\u00e9telek elfogad\u00e1s\u00e1n t\u00falmen\u0151en elfogadja az al\u00e1bbi szolg\u00e1ltat\u00e1si felt\u00e9teleket is, \u00e9s az al\u00e1bbi adatv\u00e9delmi ir\u00e1nyelvek vonatkoznak az \u00d6n vagy c\u00e9ge \u00e1ltal az AI Tool-ba bevitt adatokra:<\/p>\n\n\n\n<ul class=\"wp-block-list\">\n<li>OpenAI\n<ul class=\"wp-block-list\">\n<li>Szolg\u00e1ltat\u00e1si felt\u00e9telek: https:\/\/openai.com\/policies\/row-terms-of-use\/<\/li>\n\n\n\n<li>Adatv\u00e9delmi szab\u00e1lyzat: https:\/\/openai.com\/policies\/row-privacy-policy\/<\/li>\n<\/ul>\n<\/li>\n\n\n\n<li>Microsoft Azure\n<ul class=\"wp-block-list\">\n<li>Szolg\u00e1ltat\u00e1si felt\u00e9telek: https:\/\/www.microsoft.com\/en-us\/servicesagreement<\/li>\n\n\n\n<li>Adatv\u00e9delmi szab\u00e1lyzat: https:\/\/www.microsoft.com\/en-us\/privacy\/privacystatement<\/li>\n<\/ul>\n<\/li>\n\n\n\n<li>Google\n<ul class=\"wp-block-list\">\n<li>Szolg\u00e1ltat\u00e1si felt\u00e9telek: https:\/\/policies.google.com\/terms<\/li>\n\n\n\n<li>Adatv\u00e9delmi szab\u00e1lyzat: https:\/\/policies.google.com\/privacy<\/li>\n<\/ul>\n<\/li>\n\n\n\n<li>Anthropic\n<ul class=\"wp-block-list\">\n<li>Szolg\u00e1ltat\u00e1si felt\u00e9telek: https:\/\/www.anthropic.com\/legal\/commercial-terms<\/li>\n\n\n\n<li>Adatv\u00e9delmi szab\u00e1lyzat: https:\/\/www.anthropic.com\/legal\/privacy<\/li>\n<\/ul>\n<\/li>\n\n\n\n<li>xAI\n<ul class=\"wp-block-list\">\n<li>Szolg\u00e1ltat\u00e1si felt\u00e9telek: https:\/\/x.ai\/legal\/terms-of-service\/<\/li>\n\n\n\n<li>Adatv\u00e9delmi szab\u00e1lyzat: https:\/\/x.ai\/legal\/privacy-policy\/<\/li>\n<\/ul>\n<\/li>\n<\/ul>\n\n\n\n<h3 class=\"wp-block-heading\" style=\"margin-top:var(--wp--preset--spacing--50);font-size:clamp(0.984rem, 0.984rem + ((1vw - 0.2rem) * 0.809), 1.5rem);\"><strong>Elfogad\u00e1s<\/strong><\/h3>\n\n\n\n<p>Ezek a felt\u00e9telek csak akkor kapcsol\u00f3dnak, amikor \u00d6n el\u0151sz\u00f6r k\u00edv\u00e1nja haszn\u00e1lni vagy felhaszn\u00e1lni az AI Toolt, \u00e9s az AI Tool haszn\u00e1lat\u00e1val \u00d6n elfogadja ezeket a felt\u00e9teleket. Ha egyszer m\u00e1r elfogadta a felt\u00e9teleket, akkor azokat mindig \u00fajra megtal\u00e1lhatja ezen a linken.<\/p>\n\n\n\n<p>A jelen felt\u00e9telekb\u0151l ered\u0151 vagy azokkal kapcsolatos vit\u00e1kat a szolg\u00e1ltat\u00e1sainkra vonatkoz\u00f3 \u00e1ltal\u00e1nos szerz\u0151d\u00e9si felt\u00e9telek szerint kell rendezni.<\/p>","protected":false},"excerpt":{"rendered":"<p>Use and application of AI Tool This AI tool (hereinafter &#8220;AI Tool&#8221;) may only be used for the intended purpose, i.e. to support creating or editing an authorized website. Any unauthorized use or utilization of AI Tool will violate our guidelines for the use of AI Tool and may result in termination of your access [&hellip;]<\/p>\n","protected":false},"author":3,"featured_media":0,"parent":0,"menu_order":0,"comment_status":"closed","ping_status":"closed","template":"","meta":{"footnotes":""},"class_list":["post-8","page","type-page","status-publish","hentry"],"_links":{"self":[{"href":"https:\/\/hosting-ai-terms.com\/hu\/wp-json\/wp\/v2\/pages\/8","targetHints":{"allow":["GET"]}}],"collection":[{"href":"https:\/\/hosting-ai-terms.com\/hu\/wp-json\/wp\/v2\/pages"}],"about":[{"href":"https:\/\/hosting-ai-terms.com\/hu\/wp-json\/wp\/v2\/types\/page"}],"author":[{"embeddable":true,"href":"https:\/\/hosting-ai-terms.com\/hu\/wp-json\/wp\/v2\/users\/3"}],"replies":[{"embeddable":true,"href":"https:\/\/hosting-ai-terms.com\/hu\/wp-json\/wp\/v2\/comments?post=8"}],"version-history":[{"count":21,"href":"https:\/\/hosting-ai-terms.com\/hu\/wp-json\/wp\/v2\/pages\/8\/revisions"}],"predecessor-version":[{"id":57,"href":"https:\/\/hosting-ai-terms.com\/hu\/wp-json\/wp\/v2\/pages\/8\/revisions\/57"}],"wp:attachment":[{"href":"https:\/\/hosting-ai-terms.com\/hu\/wp-json\/wp\/v2\/media?parent=8"}],"curies":[{"name":"wp","href":"https:\/\/api.w.org\/{rel}","templated":true}]}}