{"id":8,"date":"2025-11-21T19:49:43","date_gmt":"2025-11-21T19:49:43","guid":{"rendered":"https:\/\/hosting-ai-terms.com\/?page_id=8"},"modified":"2025-12-03T17:08:17","modified_gmt":"2025-12-03T17:08:17","slug":"ai-powered-wordpress-tool-terms-of-service","status":"publish","type":"page","link":"https:\/\/hosting-ai-terms.com\/fr_ca\/","title":{"rendered":"Conditions d'utilisation de l'outil WordPress aliment\u00e9 par l'IA"},"content":{"rendered":"<div class=\"wp-block-group has-global-padding is-layout-constrained wp-block-group-is-layout-constrained\"><\/p>\n<div class=\"notice-ai-translated\">\n<p><strong>Remarque :<\/strong> Cette page a \u00e9t\u00e9 traduite \u00e0 partir de la version originale anglaise \u00e0 l'aide de l'IA. <\/p>\n<p>Pour voir les termes originaux en anglais,<br \/>\n<a href=\"https:\/\/hosting-ai-terms.com\/en\/\" data-no-translation-href>cliquez ici<\/a>.<\/p>\n<\/div>\n<p>\n<\/div>\n\n\n\n<h3 class=\"wp-block-heading is-style-default\" style=\"margin-top:var(--wp--preset--spacing--50);font-size:clamp(0.984rem, 0.984rem + ((1vw - 0.2rem) * 0.809), 1.5rem);\"><strong>Utilisation et application de l'outil d'IA<\/strong><\/h3>\n\n\n\n<p>Cet outil d'IA (ci-apr\u00e8s \u201cl'outil d'IA\u201d) ne peut \u00eatre utilis\u00e9 qu'aux fins pr\u00e9vues, c'est-\u00e0-dire pour faciliter la cr\u00e9ation ou la modification d'un site web autoris\u00e9. Toute utilisation non autoris\u00e9e de l'outil AI constitue une violation de nos lignes directrices relatives \u00e0 l'utilisation de l'outil AI et peut entra\u00eener la r\u00e9siliation de votre acc\u00e8s \u00e0 la fonctionnalit\u00e9.<\/p>\n\n\n\n<p>En cas d'utilisation de l'AI Tool en violation de nos lignes directrices, de la l\u00e9gislation applicable ou des droits de propri\u00e9t\u00e9 intellectuelle de tiers, vous, en tant qu'utilisateur, ou votre entreprise, serez tenus pour enti\u00e8rement responsables de toute perte que nous pourrions subir \u00e0 cet \u00e9gard.<\/p>\n\n\n\n<p>AI Tool g\u00e9n\u00e8re des suggestions de code ou de texte. Il est donc important de toujours v\u00e9rifier et examiner les suggestions g\u00e9n\u00e9r\u00e9es avant que vous ou votre entreprise n'utilisiez le r\u00e9sultat. Les r\u00e9sultats g\u00e9n\u00e9r\u00e9s par l'outil d'IA sont bas\u00e9s sur des mod\u00e8les d'IA de tiers et nous n'assumons aucune responsabilit\u00e9 quant aux r\u00e9sultats fournis par l'outil d'IA.<\/p>\n\n\n\n<h3 class=\"wp-block-heading\" style=\"margin-top:var(--wp--preset--spacing--60);font-size:clamp(0.984rem, 0.984rem + ((1vw - 0.2rem) * 0.809), 1.5rem);\"><strong>Responsabilit\u00e9 et obligations<\/strong><\/h3>\n\n\n\n<p>Nous, ainsi que nos affili\u00e9s, d\u00e9clinons toute responsabilit\u00e9 pour toute perte, directe ou indirecte, accessoire ou cons\u00e9cutive, r\u00e9sultant de l'utilisation de l'outil AI.<\/p>\n\n\n\n<p>Nous, et l'un de nos affili\u00e9s, ne payons aucun type de compensation pour perte ou blessure, punitive ou autre, r\u00e9sultant de l'utilisation ou de l'emploi des AI Texts.<\/p>\n\n\n\n<h3 class=\"wp-block-heading\" style=\"margin-top:var(--wp--preset--spacing--50);font-size:clamp(0.984rem, 0.984rem + ((1vw - 0.2rem) * 0.809), 1.5rem);\"><strong>Mod\u00e8les d'IA de tiers<\/strong><\/h3>\n\n\n\n<p>AI Tool utilise divers mod\u00e8les d'IA de tiers provenant de diff\u00e9rents fournisseurs. Vous trouverez ci-dessous les fournisseurs actuels ainsi que leurs conditions de service et leurs politiques de confidentialit\u00e9. Les mod\u00e8les d'IA de tiers qui sont utilis\u00e9s sont susceptibles d'\u00eatre modifi\u00e9s \u00e0 tout moment. Lorsque vous utilisez AI Tools, en plus d'accepter les pr\u00e9sentes conditions, vous acceptez \u00e9galement les conditions de service ci-dessous et les politiques de confidentialit\u00e9 ci-dessous qui s'appliquent \u00e0 toutes les donn\u00e9es que vous ou votre entreprise entrez dans AI Tool :<\/p>\n\n\n\n<ul class=\"wp-block-list\">\n<li>OpenAI\n<ul class=\"wp-block-list\">\n<li>Conditions d'utilisation : https:\/\/openai.com\/policies\/row-terms-of-use\/<\/li>\n\n\n\n<li>Politique de confidentialit\u00e9 : https:\/\/openai.com\/policies\/row-privacy-policy\/<\/li>\n<\/ul>\n<\/li>\n\n\n\n<li>Microsoft Azure\n<ul class=\"wp-block-list\">\n<li>Conditions d'utilisation : https:\/\/www.microsoft.com\/en-us\/servicesagreement<\/li>\n\n\n\n<li>Politique de confidentialit\u00e9 : https:\/\/www.microsoft.com\/en-us\/privacy\/privacystatement<\/li>\n<\/ul>\n<\/li>\n\n\n\n<li>Google\n<ul class=\"wp-block-list\">\n<li>Conditions d'utilisation : https:\/\/policies.google.com\/terms<\/li>\n\n\n\n<li>Politique de confidentialit\u00e9 : https:\/\/policies.google.com\/privacy<\/li>\n<\/ul>\n<\/li>\n\n\n\n<li>Anthropic\n<ul class=\"wp-block-list\">\n<li>Conditions d'utilisation : https:\/\/www.anthropic.com\/legal\/commercial-terms<\/li>\n\n\n\n<li>Politique de confidentialit\u00e9 : https:\/\/www.anthropic.com\/legal\/privacy<\/li>\n<\/ul>\n<\/li>\n\n\n\n<li>xAI\n<ul class=\"wp-block-list\">\n<li>Conditions d'utilisation : https:\/\/x.ai\/legal\/terms-of-service\/<\/li>\n\n\n\n<li>Politique de confidentialit\u00e9 : https:\/\/x.ai\/legal\/privacy-policy\/<\/li>\n<\/ul>\n<\/li>\n<\/ul>\n\n\n\n<h3 class=\"wp-block-heading\" style=\"margin-top:var(--wp--preset--spacing--50);font-size:clamp(0.984rem, 0.984rem + ((1vw - 0.2rem) * 0.809), 1.5rem);\"><strong>Acceptation<\/strong><\/h3>\n\n\n\n<p>Le lien vers ces conditions n'appara\u00eet que la premi\u00e8re fois que vous souhaitez utiliser l'AI Tool et, en utilisant l'AI Tool, vous acceptez ces conditions. Une fois que vous avez accept\u00e9 les conditions, vous pourrez toujours les retrouver \u00e0 partir de ce lien.<\/p>\n\n\n\n<p>Tout litige d\u00e9coulant des pr\u00e9sentes conditions ou en rapport avec celles-ci sera r\u00e9gl\u00e9 conform\u00e9ment aux conditions g\u00e9n\u00e9rales applicables \u00e0 nos services.<\/p>","protected":false},"excerpt":{"rendered":"<p>Use and application of AI Tool This AI tool (hereinafter &#8220;AI Tool&#8221;) may only be used for the intended purpose, i.e. to support creating or editing an authorized website. Any unauthorized use or utilization of AI Tool will violate our guidelines for the use of AI Tool and may result in termination of your access [&hellip;]<\/p>\n","protected":false},"author":3,"featured_media":0,"parent":0,"menu_order":0,"comment_status":"closed","ping_status":"closed","template":"","meta":{"footnotes":""},"class_list":["post-8","page","type-page","status-publish","hentry"],"_links":{"self":[{"href":"https:\/\/hosting-ai-terms.com\/fr_ca\/wp-json\/wp\/v2\/pages\/8","targetHints":{"allow":["GET"]}}],"collection":[{"href":"https:\/\/hosting-ai-terms.com\/fr_ca\/wp-json\/wp\/v2\/pages"}],"about":[{"href":"https:\/\/hosting-ai-terms.com\/fr_ca\/wp-json\/wp\/v2\/types\/page"}],"author":[{"embeddable":true,"href":"https:\/\/hosting-ai-terms.com\/fr_ca\/wp-json\/wp\/v2\/users\/3"}],"replies":[{"embeddable":true,"href":"https:\/\/hosting-ai-terms.com\/fr_ca\/wp-json\/wp\/v2\/comments?post=8"}],"version-history":[{"count":21,"href":"https:\/\/hosting-ai-terms.com\/fr_ca\/wp-json\/wp\/v2\/pages\/8\/revisions"}],"predecessor-version":[{"id":57,"href":"https:\/\/hosting-ai-terms.com\/fr_ca\/wp-json\/wp\/v2\/pages\/8\/revisions\/57"}],"wp:attachment":[{"href":"https:\/\/hosting-ai-terms.com\/fr_ca\/wp-json\/wp\/v2\/media?parent=8"}],"curies":[{"name":"wp","href":"https:\/\/api.w.org\/{rel}","templated":true}]}}