{"id":8,"date":"2025-11-21T19:49:43","date_gmt":"2025-11-21T19:49:43","guid":{"rendered":"https:\/\/hosting-ai-terms.com\/?page_id=8"},"modified":"2025-12-03T17:08:17","modified_gmt":"2025-12-03T17:08:17","slug":"ai-powered-wordpress-tool-terms-of-service","status":"publish","type":"page","link":"https:\/\/hosting-ai-terms.com\/fi\/","title":{"rendered":"Teko\u00e4lyk\u00e4ytt\u00f6inen WordPress-ty\u00f6kalu k\u00e4ytt\u00f6ehdot"},"content":{"rendered":"<div class=\"wp-block-group has-global-padding is-layout-constrained wp-block-group-is-layout-constrained\"><\/p>\n<div class=\"notice-ai-translated\">\n<p><strong>Huom:<\/strong> T\u00e4m\u00e4 sivu on k\u00e4\u00e4nnetty alkuper\u00e4isest\u00e4 englanninkielisest\u00e4 versiosta AI:n avulla. <\/p>\n<p>N\u00e4hd\u00e4ksesi alkuper\u00e4iset englanninkieliset termit,<br \/>\n<a href=\"https:\/\/hosting-ai-terms.com\/en\/\" data-no-translation-href>klikkaa t\u00e4st\u00e4<\/a>.<\/p>\n<\/div>\n<p>\n<\/div>\n\n\n\n<h3 class=\"wp-block-heading is-style-default\" style=\"margin-top:var(--wp--preset--spacing--50);font-size:clamp(0.984rem, 0.984rem + ((1vw - 0.2rem) * 0.809), 1.5rem);\"><strong>Teko\u00e4lyty\u00f6kalun k\u00e4ytt\u00f6 ja soveltaminen<\/strong><\/h3>\n\n\n\n<p>T\u00e4t\u00e4 teko\u00e4lyty\u00f6kalua (j\u00e4ljemp\u00e4n\u00e4 \u201cteko\u00e4lyty\u00f6kalu\u201d) saa k\u00e4ytt\u00e4\u00e4 vain aiottuun tarkoitukseen eli valtuutetun verkkosivuston luomisen tai muokkaamisen tukemiseen. AI Toolin luvaton k\u00e4ytt\u00f6 tai hy\u00f6dynt\u00e4minen rikkoo AI Toolin k\u00e4ytt\u00f6\u00e4 koskevia ohjeistuksiamme ja voi johtaa toimintojen k\u00e4ytt\u00f6oikeuden lakkauttamiseen.<\/p>\n\n\n\n<p>Jos teko\u00e4lyty\u00f6kalun k\u00e4ytt\u00f6 tai hy\u00f6dynt\u00e4minen rikkoo ohjeitamme, sovellettavaa lakia tai kolmansien osapuolten immateriaalioikeuksia, sin\u00e4 k\u00e4ytt\u00e4j\u00e4n\u00e4 tai yrityksesi olet t\u00e4ysin vastuussa kaikista tappioista, joita meille voi aiheutua t\u00e4st\u00e4.<\/p>\n\n\n\n<p>Teko\u00e4lyty\u00f6kalu luo koodi- tai tekstiehdotuksia. Siksi on t\u00e4rke\u00e4\u00e4 aina tarkistaa ja tarkastaa t\u00e4llaiset tuotetut ehdotukset, ennen kuin sin\u00e4 tai yrityksesi k\u00e4yt\u00e4tte tuloksia. AI Toolin tuottamat tuotokset perustuvat kolmannen osapuolen teko\u00e4lymalleihin, emmek\u00e4 ota vastuuta AI Toolin tuottamista tuotoksista.<\/p>\n\n\n\n<h3 class=\"wp-block-heading\" style=\"margin-top:var(--wp--preset--spacing--60);font-size:clamp(0.984rem, 0.984rem + ((1vw - 0.2rem) * 0.809), 1.5rem);\"><strong>Vastuu ja vastuu<\/strong><\/h3>\n\n\n\n<p>Me ja kaikki tyt\u00e4ryhti\u00f6mme pid\u00e4tt\u00e4ytymme kaikesta vastuusta ja korvausvastuusta kaikista AI-ty\u00f6kalun k\u00e4yt\u00f6st\u00e4 tai hy\u00f6dynt\u00e4misest\u00e4 aiheutuvista tappioista, olivatpa ne suoria tai ep\u00e4suoria, satunnaisia tai v\u00e4lillisi\u00e4.<\/p>\n\n\n\n<p>Me ja kumppanimme emme maksa mink\u00e4\u00e4nlaista korvausta AI-tekstien k\u00e4yt\u00f6st\u00e4 tai hy\u00f6dynt\u00e4misest\u00e4 aiheutuneista menetyksist\u00e4 tai vammoista, rangaistusluonteisista tai muista vahingoista.<\/p>\n\n\n\n<h3 class=\"wp-block-heading\" style=\"margin-top:var(--wp--preset--spacing--50);font-size:clamp(0.984rem, 0.984rem + ((1vw - 0.2rem) * 0.809), 1.5rem);\"><strong>Kolmannen osapuolen teko\u00e4lymallit<\/strong><\/h3>\n\n\n\n<p>AI Tool k\u00e4ytt\u00e4\u00e4 useita kolmannen osapuolen teko\u00e4lymalleja eri palveluntarjoajilta. Alla on lueteltu nykyiset palveluntarjoajat sek\u00e4 niiden k\u00e4ytt\u00f6ehdot ja tietosuojak\u00e4yt\u00e4nn\u00f6t. K\u00e4ytett\u00e4v\u00e4t kolmannen osapuolen teko\u00e4lymallit voivat muuttua milloin tahansa. Kun k\u00e4yt\u00e4t AI Toolia, hyv\u00e4ksyt n\u00e4iden ehtojen lis\u00e4ksi my\u00f6s alla olevat k\u00e4ytt\u00f6ehdot ja alla olevat tietosuojak\u00e4yt\u00e4nn\u00f6t, joita sovelletaan kaikkiin sinun tai yrityksesi AI Tooliin sy\u00f6tt\u00e4miin tietoihin:<\/p>\n\n\n\n<ul class=\"wp-block-list\">\n<li>OpenAI\n<ul class=\"wp-block-list\">\n<li>K\u00e4ytt\u00f6ehdot: https:\/\/openai.com\/policies\/row-terms-of-use\/<\/li>\n\n\n\n<li>Tietosuojak\u00e4yt\u00e4nt\u00f6: https:\/\/openai.com\/policies\/row-privacy-policy\/<\/li>\n<\/ul>\n<\/li>\n\n\n\n<li>Microsoft Azure\n<ul class=\"wp-block-list\">\n<li>K\u00e4ytt\u00f6ehdot: https:\/\/www.microsoft.com\/en-us\/servicesagreement<\/li>\n\n\n\n<li>Tietosuojak\u00e4yt\u00e4nt\u00f6: https:\/\/www.microsoft.com\/en-us\/privacy\/privacystatement<\/li>\n<\/ul>\n<\/li>\n\n\n\n<li>Google\n<ul class=\"wp-block-list\">\n<li>K\u00e4ytt\u00f6ehdot: https:\/\/policies.google.com\/terms<\/li>\n\n\n\n<li>Tietosuojak\u00e4yt\u00e4nt\u00f6: https:\/\/policies.google.com\/privacy<\/li>\n<\/ul>\n<\/li>\n\n\n\n<li>Anthropic\n<ul class=\"wp-block-list\">\n<li>K\u00e4ytt\u00f6ehdot: https:\/\/www.anthropic.com\/legal\/commercial-terms<\/li>\n\n\n\n<li>Tietosuojak\u00e4yt\u00e4nt\u00f6: https:\/\/www.anthropic.com\/legal\/privacy<\/li>\n<\/ul>\n<\/li>\n\n\n\n<li>xAI\n<ul class=\"wp-block-list\">\n<li>K\u00e4ytt\u00f6ehdot: https:\/\/x.ai\/legal\/terms-of-service\/<\/li>\n\n\n\n<li>Tietosuojak\u00e4yt\u00e4nt\u00f6: https:\/\/x.ai\/legal\/privacy-policy\/<\/li>\n<\/ul>\n<\/li>\n<\/ul>\n\n\n\n<h3 class=\"wp-block-heading\" style=\"margin-top:var(--wp--preset--spacing--50);font-size:clamp(0.984rem, 0.984rem + ((1vw - 0.2rem) * 0.809), 1.5rem);\"><strong>Hyv\u00e4ksyminen<\/strong><\/h3>\n\n\n\n<p>N\u00e4ihin ehtoihin linkitet\u00e4\u00e4n vasta, kun haluat k\u00e4ytt\u00e4\u00e4 tai hy\u00f6dynt\u00e4\u00e4 AI Toolia ensimm\u00e4ist\u00e4 kertaa, ja k\u00e4ytt\u00e4m\u00e4ll\u00e4 AI Toolia hyv\u00e4ksyt n\u00e4m\u00e4 ehdot. Kun olet hyv\u00e4ksynyt ehdot, l\u00f6yd\u00e4t ne aina uudelleen t\u00e4st\u00e4 linkist\u00e4.<\/p>\n\n\n\n<p>N\u00e4ist\u00e4 ehdoista johtuvat tai niihin liittyv\u00e4t riidat ratkaistaan palveluihimme sovellettavien yleisten ehtojen mukaisesti.<\/p>","protected":false},"excerpt":{"rendered":"<p>Use and application of AI Tool This AI tool (hereinafter &#8220;AI Tool&#8221;) may only be used for the intended purpose, i.e. to support creating or editing an authorized website. Any unauthorized use or utilization of AI Tool will violate our guidelines for the use of AI Tool and may result in termination of your access [&hellip;]<\/p>\n","protected":false},"author":3,"featured_media":0,"parent":0,"menu_order":0,"comment_status":"closed","ping_status":"closed","template":"","meta":{"footnotes":""},"class_list":["post-8","page","type-page","status-publish","hentry"],"_links":{"self":[{"href":"https:\/\/hosting-ai-terms.com\/fi\/wp-json\/wp\/v2\/pages\/8","targetHints":{"allow":["GET"]}}],"collection":[{"href":"https:\/\/hosting-ai-terms.com\/fi\/wp-json\/wp\/v2\/pages"}],"about":[{"href":"https:\/\/hosting-ai-terms.com\/fi\/wp-json\/wp\/v2\/types\/page"}],"author":[{"embeddable":true,"href":"https:\/\/hosting-ai-terms.com\/fi\/wp-json\/wp\/v2\/users\/3"}],"replies":[{"embeddable":true,"href":"https:\/\/hosting-ai-terms.com\/fi\/wp-json\/wp\/v2\/comments?post=8"}],"version-history":[{"count":21,"href":"https:\/\/hosting-ai-terms.com\/fi\/wp-json\/wp\/v2\/pages\/8\/revisions"}],"predecessor-version":[{"id":57,"href":"https:\/\/hosting-ai-terms.com\/fi\/wp-json\/wp\/v2\/pages\/8\/revisions\/57"}],"wp:attachment":[{"href":"https:\/\/hosting-ai-terms.com\/fi\/wp-json\/wp\/v2\/media?parent=8"}],"curies":[{"name":"wp","href":"https:\/\/api.w.org\/{rel}","templated":true}]}}