{"id":8,"date":"2025-11-21T19:49:43","date_gmt":"2025-11-21T19:49:43","guid":{"rendered":"https:\/\/hosting-ai-terms.com\/?page_id=8"},"modified":"2025-12-03T17:08:17","modified_gmt":"2025-12-03T17:08:17","slug":"ai-powered-wordpress-tool-terms-of-service","status":"publish","type":"page","link":"https:\/\/hosting-ai-terms.com\/et\/","title":{"rendered":"Tehisintellektiga WordPressi t\u00f6\u00f6riista kasutustingimused"},"content":{"rendered":"<div class=\"wp-block-group has-global-padding is-layout-constrained wp-block-group-is-layout-constrained\"><\/p>\n<div class=\"notice-ai-translated\">\n<p><strong>M\u00e4rkus:<\/strong> See lehek\u00fclg on t\u00f5lgitud ingliskeelsest originaalversioonist AI abil. <\/p>\n<p>Et n\u00e4ha ingliskeelseid originaaltermineid,<br \/>\n<a href=\"https:\/\/hosting-ai-terms.com\/en\/\" data-no-translation-href>kliki siia<\/a>.<\/p>\n<\/div>\n<p>\n<\/div>\n\n\n\n<h3 class=\"wp-block-heading is-style-default\" style=\"margin-top:var(--wp--preset--spacing--50);font-size:clamp(0.984rem, 0.984rem + ((1vw - 0.2rem) * 0.809), 1.5rem);\"><strong>AI-vahendi kasutamine ja kohaldamine<\/strong><\/h3>\n\n\n\n<p>Seda AI-vahendit (edaspidi \u201cAI-vahend\u201d) tohib kasutada ainult etten\u00e4htud eesm\u00e4rgil, st selleks, et toetada volitatud veebisaidi loomist v\u00f5i redigeerimist. AI Tool'i mis tahes loata kasutamine v\u00f5i kasutamine rikub meie AI Tool'i kasutamise suuniseid ja v\u00f5ib kaasa tuua teie juurdep\u00e4\u00e4su l\u00f5petamise funktsioonile.<\/p>\n\n\n\n<p>Mis tahes AI Tool'i kasutamise v\u00f5i kasutamise eest, mis rikub meie suuniseid, kehtivat seadust v\u00f5i kolmandate isikute intellektuaalomandi \u00f5igusi, olete te kasutajana v\u00f5i teie ettev\u00f5te t\u00e4ielikult vastutav ja vastutate mis tahes kahju eest, mis v\u00f5ib meile sellega seoses tekkida.<\/p>\n\n\n\n<p>AI Tool genereerib koodi v\u00f5i tekstisoovitusi. Seet\u00f5ttu on oluline alati kontrollida ja l\u00e4bi vaadata sellised genereeritud ettepanekud, enne kui te v\u00f5i teie ettev\u00f5te kasutate tulemust. AI Tool'i poolt genereeritud v\u00e4ljund p\u00f5hineb kolmandate osapoolte AI-mudelitel ja me ei v\u00f5ta mingit vastutust AI Tool'i poolt pakutavate v\u00e4ljundite eest.<\/p>\n\n\n\n<h3 class=\"wp-block-heading\" style=\"margin-top:var(--wp--preset--spacing--60);font-size:clamp(0.984rem, 0.984rem + ((1vw - 0.2rem) * 0.809), 1.5rem);\"><strong>Vastutus ja vastutus<\/strong><\/h3>\n\n\n\n<p>Meie ja k\u00f5ik meie sidusettev\u00f5tted ei v\u00f5ta vastutust ega v\u00f5ta vastutust mis tahes otsese v\u00f5i kaudse, juhusliku v\u00f5i kaudse kahju eest, mis tuleneb AI Tool'i kasutamisest v\u00f5i kasutamisest.<\/p>\n\n\n\n<p>Meie ja meie sidusettev\u00f5tjad ei maksa mingit h\u00fcvitist AI tekstide kasutamisest v\u00f5i kasutamisest tulenevate kahjude v\u00f5i vigastuste eest, ei karistus\u00f5iguslikke ega muid h\u00fcvitisi.<\/p>\n\n\n\n<h3 class=\"wp-block-heading\" style=\"margin-top:var(--wp--preset--spacing--50);font-size:clamp(0.984rem, 0.984rem + ((1vw - 0.2rem) * 0.809), 1.5rem);\"><strong>Kolmanda osapoole tehisintellekti mudelid<\/strong><\/h3>\n\n\n\n<p>AI Tool kasutab erinevaid kolmandate osapoolte AI-mudeleid erinevatelt pakkujatelt. Allpool on esitatud praegused teenusepakkujad koos nende teenusetingimuste ja privaatsuspoliitikaga. Kasutatavad kolmanda osapoole tehisintellekti mudelid v\u00f5ivad igal ajal muutuda. Kui te kasutate AI Toolsi, n\u00f5ustute lisaks nende tingimuste aktsepteerimisele ka allpool esitatud teenusetingimustega ja allpool esitatud privaatsuspoliitikaga, mida kohaldatakse k\u00f5igi teie v\u00f5i teie ettev\u00f5tte poolt AI Toolsi sisestatud andmete suhtes:<\/p>\n\n\n\n<ul class=\"wp-block-list\">\n<li>OpenAI\n<ul class=\"wp-block-list\">\n<li>Kasutustingimused: https:\/\/openai.com\/policies\/row-terms-of-use\/<\/li>\n\n\n\n<li>Privaatsuspoliitika: https:\/\/openai.com\/policies\/row-privacy-policy\/<\/li>\n<\/ul>\n<\/li>\n\n\n\n<li>Microsoft Azure\n<ul class=\"wp-block-list\">\n<li>Kasutustingimused: https:\/\/www.microsoft.com\/en-us\/servicesagreement<\/li>\n\n\n\n<li>Privaatsuspoliitika: https:\/\/www.microsoft.com\/en-us\/privacy\/privacystatement<\/li>\n<\/ul>\n<\/li>\n\n\n\n<li>Google\n<ul class=\"wp-block-list\">\n<li>Kasutustingimused: https:\/\/policies.google.com\/terms<\/li>\n\n\n\n<li>Privaatsuspoliitika: https:\/\/policies.google.com\/privacy<\/li>\n<\/ul>\n<\/li>\n\n\n\n<li>Anthropic\n<ul class=\"wp-block-list\">\n<li>Kasutustingimused: https:\/\/www.anthropic.com\/legal\/commercial-terms<\/li>\n\n\n\n<li>Privaatsuspoliitika: https:\/\/www.anthropic.com\/legal\/privacy<\/li>\n<\/ul>\n<\/li>\n\n\n\n<li>xAI\n<ul class=\"wp-block-list\">\n<li>Kasutustingimused: https:\/\/x.ai\/legal\/terms-of-service\/<\/li>\n\n\n\n<li>Privaatsuspoliitika: https:\/\/x.ai\/legal\/privacy-policy\/<\/li>\n<\/ul>\n<\/li>\n<\/ul>\n\n\n\n<h3 class=\"wp-block-heading\" style=\"margin-top:var(--wp--preset--spacing--50);font-size:clamp(0.984rem, 0.984rem + ((1vw - 0.2rem) * 0.809), 1.5rem);\"><strong>Vastuv\u00f5tmine<\/strong><\/h3>\n\n\n\n<p>Need tingimused on seotud ainult siis, kui soovite AI Tool'i esimest korda kasutada v\u00f5i kasutada AI Tool'i. AI Tool'i kasutades n\u00f5ustute te nende tingimustega. Kui olete tingimustega n\u00f5ustunud, leiate need alati uuesti sellelt lingilt.<\/p>\n\n\n\n<p>K\u00f5ik k\u00e4esolevatest tingimustest tulenevad v\u00f5i nendega seotud vaidlused lahendatakse vastavalt meie teenuste suhtes kohaldatavatele \u00fcldtingimustele.<\/p>","protected":false},"excerpt":{"rendered":"<p>Use and application of AI Tool This AI tool (hereinafter &#8220;AI Tool&#8221;) may only be used for the intended purpose, i.e. to support creating or editing an authorized website. Any unauthorized use or utilization of AI Tool will violate our guidelines for the use of AI Tool and may result in termination of your access [&hellip;]<\/p>\n","protected":false},"author":3,"featured_media":0,"parent":0,"menu_order":0,"comment_status":"closed","ping_status":"closed","template":"","meta":{"footnotes":""},"class_list":["post-8","page","type-page","status-publish","hentry"],"_links":{"self":[{"href":"https:\/\/hosting-ai-terms.com\/et\/wp-json\/wp\/v2\/pages\/8","targetHints":{"allow":["GET"]}}],"collection":[{"href":"https:\/\/hosting-ai-terms.com\/et\/wp-json\/wp\/v2\/pages"}],"about":[{"href":"https:\/\/hosting-ai-terms.com\/et\/wp-json\/wp\/v2\/types\/page"}],"author":[{"embeddable":true,"href":"https:\/\/hosting-ai-terms.com\/et\/wp-json\/wp\/v2\/users\/3"}],"replies":[{"embeddable":true,"href":"https:\/\/hosting-ai-terms.com\/et\/wp-json\/wp\/v2\/comments?post=8"}],"version-history":[{"count":21,"href":"https:\/\/hosting-ai-terms.com\/et\/wp-json\/wp\/v2\/pages\/8\/revisions"}],"predecessor-version":[{"id":57,"href":"https:\/\/hosting-ai-terms.com\/et\/wp-json\/wp\/v2\/pages\/8\/revisions\/57"}],"wp:attachment":[{"href":"https:\/\/hosting-ai-terms.com\/et\/wp-json\/wp\/v2\/media?parent=8"}],"curies":[{"name":"wp","href":"https:\/\/api.w.org\/{rel}","templated":true}]}}