{"id":8,"date":"2025-11-21T19:49:43","date_gmt":"2025-11-21T19:49:43","guid":{"rendered":"https:\/\/hosting-ai-terms.com\/?page_id=8"},"modified":"2025-12-03T17:08:17","modified_gmt":"2025-12-03T17:08:17","slug":"ai-powered-wordpress-tool-terms-of-service","status":"publish","type":"page","link":"https:\/\/hosting-ai-terms.com\/es_co\/","title":{"rendered":"T\u00e9rminos de servicio de la herramienta de WordPress basada en inteligencia artificial"},"content":{"rendered":"<div class=\"wp-block-group has-global-padding is-layout-constrained wp-block-group-is-layout-constrained\"><\/p>\n<div class=\"notice-ai-translated\">\n<p><strong>Nota:<\/strong> Esta p\u00e1gina ha sido traducida del ingl\u00e9s original utilizando inteligencia artificial. <\/p>\n<p>Para ver los t\u00e9rminos originales en ingl\u00e9s,<br \/>\n<a href=\"https:\/\/hosting-ai-terms.com\/en\/\" data-no-translation-href>Haga clic aqu\u00ed<\/a>.<\/p>\n<\/div>\n<p>\n<\/div>\n\n\n\n<h3 class=\"wp-block-heading is-style-default\" style=\"margin-top:var(--wp--preset--spacing--50);font-size:clamp(0.984rem, 0.984rem + ((1vw - 0.2rem) * 0.809), 1.5rem);\"><strong>Uso y aplicaci\u00f3n de la herramienta de IA<\/strong><\/h3>\n\n\n\n<p>Esta herramienta de IA (en adelante, \u201cherramienta de IA\u201d) solo puede utilizarse para los fines previstos, es decir, para ayudar a crear o editar un sitio web autorizado. Cualquier uso o utilizaci\u00f3n no autorizada de la herramienta de IA infringir\u00e1 nuestras directrices de uso de la herramienta de IA y podr\u00e1 dar lugar a la cancelaci\u00f3n de su acceso a la funcionalidad.<\/p>\n\n\n\n<p>Por cualquier uso o utilizaci\u00f3n de la herramienta de IA que infrinja nuestras directrices, la legislaci\u00f3n aplicable o cualquier derecho de propiedad intelectual de terceros, usted, como usuario, o su empresa ser\u00e1n plenamente responsables y deber\u00e1n cubrir cualquier p\u00e9rdida en la que podamos incurrir en relaci\u00f3n con ello.<\/p>\n\n\n\n<p>La herramienta de IA genera sugerencias de c\u00f3digo o texto. Por lo tanto, es importante verificar y revisar siempre dichas sugerencias generadas antes de que usted o su empresa utilicen el resultado. Los resultados generados por la herramienta de IA se basan en modelos de IA de terceros y no asumimos ninguna responsabilidad por los resultados proporcionados por la herramienta de IA.<\/p>\n\n\n\n<h3 class=\"wp-block-heading\" style=\"margin-top:var(--wp--preset--spacing--60);font-size:clamp(0.984rem, 0.984rem + ((1vw - 0.2rem) * 0.809), 1.5rem);\"><strong>Responsabilidad civil y responsabilidad<\/strong><\/h3>\n\n\n\n<p>Nosotros, y cualquiera de nuestras filiales, renunciamos a cualquier responsabilidad por cualquier p\u00e9rdida, ya sea directa o indirecta, incidental o consecuente, que se derive del uso o la utilizaci\u00f3n de la herramienta de IA.<\/p>\n\n\n\n<p>Ni nosotros ni ninguna de nuestras filiales pagaremos ning\u00fan tipo de compensaci\u00f3n por p\u00e9rdidas o da\u00f1os, punitivos o de otro tipo, que se deriven del uso o la utilizaci\u00f3n de los Textos de IA.<\/p>\n\n\n\n<h3 class=\"wp-block-heading\" style=\"margin-top:var(--wp--preset--spacing--50);font-size:clamp(0.984rem, 0.984rem + ((1vw - 0.2rem) * 0.809), 1.5rem);\"><strong>Modelos de IA de terceros<\/strong><\/h3>\n\n\n\n<p>AI Tool utiliza varios modelos de IA de terceros de diferentes proveedores. A continuaci\u00f3n se indican los proveedores actuales, junto con sus condiciones de servicio y pol\u00edticas de privacidad. Los modelos de IA de terceros que se utilizan est\u00e1n sujetos a cambios en cualquier momento. Al utilizar AI Tools, adem\u00e1s de aceptar estos t\u00e9rminos, tambi\u00e9n aceptar\u00e1 las condiciones de servicio que se indican a continuaci\u00f3n y las pol\u00edticas de privacidad que se aplicar\u00e1n a cualquier dato que usted o su empresa introduzcan en AI Tool:<\/p>\n\n\n\n<ul class=\"wp-block-list\">\n<li>OpenAI\n<ul class=\"wp-block-list\">\n<li>T\u00e9rminos del servicio: https:\/\/openai.com\/policies\/row-terms-of-use\/<\/li>\n\n\n\n<li>Pol\u00edtica de privacidad: https:\/\/openai.com\/policies\/row-privacy-policy\/<\/li>\n<\/ul>\n<\/li>\n\n\n\n<li>Microsoft Azure\n<ul class=\"wp-block-list\">\n<li>T\u00e9rminos del servicio: https:\/\/www.microsoft.com\/en-us\/servicesagreement<\/li>\n\n\n\n<li>Pol\u00edtica de privacidad: https:\/\/www.microsoft.com\/en-us\/privacy\/privacystatement<\/li>\n<\/ul>\n<\/li>\n\n\n\n<li>Google\n<ul class=\"wp-block-list\">\n<li>T\u00e9rminos del servicio: https:\/\/policies.google.com\/terms<\/li>\n\n\n\n<li>Pol\u00edtica de privacidad: https:\/\/policies.google.com\/privacy<\/li>\n<\/ul>\n<\/li>\n\n\n\n<li>Anthropic\n<ul class=\"wp-block-list\">\n<li>T\u00e9rminos del servicio: https:\/\/www.anthropic.com\/legal\/commercial-terms<\/li>\n\n\n\n<li>Pol\u00edtica de privacidad: https:\/\/www.anthropic.com\/legal\/privacy<\/li>\n<\/ul>\n<\/li>\n\n\n\n<li>xAI\n<ul class=\"wp-block-list\">\n<li>T\u00e9rminos del servicio: https:\/\/x.ai\/legal\/terms-of-service\/<\/li>\n\n\n\n<li>Pol\u00edtica de privacidad: https:\/\/x.ai\/legal\/privacy-policy\/<\/li>\n<\/ul>\n<\/li>\n<\/ul>\n\n\n\n<h3 class=\"wp-block-heading\" style=\"margin-top:var(--wp--preset--spacing--50);font-size:clamp(0.984rem, 0.984rem + ((1vw - 0.2rem) * 0.809), 1.5rem);\"><strong>Aceptaci\u00f3n<\/strong><\/h3>\n\n\n\n<p>Estos t\u00e9rminos solo se vincular\u00e1n la primera vez que desee utilizar la herramienta de IA y, al utilizarla, usted acepta estos t\u00e9rminos. Una vez que haya aceptado los t\u00e9rminos, siempre podr\u00e1 volver a encontrarlos en este enlace.<\/p>\n\n\n\n<p>Cualquier controversia que surja de o en relaci\u00f3n con estos t\u00e9rminos se resolver\u00e1 de conformidad con los t\u00e9rminos y condiciones generales aplicables a nuestros servicios.<\/p>","protected":false},"excerpt":{"rendered":"<p>Use and application of AI Tool This AI tool (hereinafter &#8220;AI Tool&#8221;) may only be used for the intended purpose, i.e. to support creating or editing an authorized website. Any unauthorized use or utilization of AI Tool will violate our guidelines for the use of AI Tool and may result in termination of your access [&hellip;]<\/p>\n","protected":false},"author":3,"featured_media":0,"parent":0,"menu_order":0,"comment_status":"closed","ping_status":"closed","template":"","meta":{"footnotes":""},"class_list":["post-8","page","type-page","status-publish","hentry"],"_links":{"self":[{"href":"https:\/\/hosting-ai-terms.com\/es_co\/wp-json\/wp\/v2\/pages\/8","targetHints":{"allow":["GET"]}}],"collection":[{"href":"https:\/\/hosting-ai-terms.com\/es_co\/wp-json\/wp\/v2\/pages"}],"about":[{"href":"https:\/\/hosting-ai-terms.com\/es_co\/wp-json\/wp\/v2\/types\/page"}],"author":[{"embeddable":true,"href":"https:\/\/hosting-ai-terms.com\/es_co\/wp-json\/wp\/v2\/users\/3"}],"replies":[{"embeddable":true,"href":"https:\/\/hosting-ai-terms.com\/es_co\/wp-json\/wp\/v2\/comments?post=8"}],"version-history":[{"count":21,"href":"https:\/\/hosting-ai-terms.com\/es_co\/wp-json\/wp\/v2\/pages\/8\/revisions"}],"predecessor-version":[{"id":57,"href":"https:\/\/hosting-ai-terms.com\/es_co\/wp-json\/wp\/v2\/pages\/8\/revisions\/57"}],"wp:attachment":[{"href":"https:\/\/hosting-ai-terms.com\/es_co\/wp-json\/wp\/v2\/media?parent=8"}],"curies":[{"name":"wp","href":"https:\/\/api.w.org\/{rel}","templated":true}]}}