{"id":8,"date":"2025-11-21T19:49:43","date_gmt":"2025-11-21T19:49:43","guid":{"rendered":"https:\/\/hosting-ai-terms.com\/?page_id=8"},"modified":"2025-12-03T17:08:17","modified_gmt":"2025-12-03T17:08:17","slug":"ai-powered-wordpress-tool-terms-of-service","status":"publish","type":"page","link":"https:\/\/hosting-ai-terms.com\/de_ch\/","title":{"rendered":"Nutzungsbedingungen f\u00fcr das KI-gest\u00fctzte WordPress-Tool"},"content":{"rendered":"<div class=\"wp-block-group has-global-padding is-layout-constrained wp-block-group-is-layout-constrained\"><\/p>\n<div class=\"notice-ai-translated\">\n<p><strong>Anmerkung:<\/strong> Diese Seite wurde aus der englischen Originalversion mit AI \u00fcbersetzt. <\/p>\n<p>Um die englischen Originalbegriffe zu sehen,<br \/>\n<a href=\"https:\/\/hosting-ai-terms.com\/en\/\" data-no-translation-href>hier klicken<\/a>.<\/p>\n<\/div>\n<p>\n<\/div>\n\n\n\n<h3 class=\"wp-block-heading is-style-default\" style=\"margin-top:var(--wp--preset--spacing--50);font-size:clamp(0.984rem, 0.984rem + ((1vw - 0.2rem) * 0.809), 1.5rem);\"><strong>Einsatz und Anwendung des AI-Tools<\/strong><\/h3>\n\n\n\n<p>Dieses AI Tool (im Folgenden \u201cAI Tool\u201d) darf nur f\u00fcr den vorgesehenen Zweck verwendet werden, d.h. zur Unterst\u00fctzung der Erstellung oder Bearbeitung einer autorisierten Website. Jede nicht autorisierte Nutzung oder Verwendung des AI Tools verst\u00f6\u00dft gegen unsere Richtlinien f\u00fcr die Nutzung des AI Tools und kann zur Beendigung Ihres Zugriffs auf die Funktionalit\u00e4t f\u00fchren.<\/p>\n\n\n\n<p>F\u00fcr jede Nutzung oder Verwendung des AI Tools, die gegen unsere Richtlinien, geltendes Recht oder geistige Eigentumsrechte Dritter verst\u00f6\u00dft, sind Sie als Nutzer oder Ihr Unternehmen in vollem Umfang verantwortlich und haften f\u00fcr alle Verluste, die uns in diesem Zusammenhang entstehen k\u00f6nnen.<\/p>\n\n\n\n<p>AI Tool generiert Code- oder Textvorschl\u00e4ge. Es ist daher wichtig, solche generierten Vorschl\u00e4ge immer zu \u00fcberpr\u00fcfen und zu kontrollieren, bevor Sie oder Ihr Unternehmen das Ergebnis nutzen. Die vom KI-Tool generierten Ergebnisse basieren auf KI-Modellen von Drittanbietern und wir \u00fcbernehmen keine Verantwortung f\u00fcr die vom KI-Tool bereitgestellten Ergebnisse.<\/p>\n\n\n\n<h3 class=\"wp-block-heading\" style=\"margin-top:var(--wp--preset--spacing--60);font-size:clamp(0.984rem, 0.984rem + ((1vw - 0.2rem) * 0.809), 1.5rem);\"><strong>Haftung und Verantwortung<\/strong><\/h3>\n\n\n\n<p>Wir und alle unsere Partner lehnen jegliche Verantwortung und Haftung f\u00fcr direkte oder indirekte, zuf\u00e4llige oder Folgesch\u00e4den ab, die sich aus der Verwendung oder Nutzung des AI Tools ergeben.<\/p>\n\n\n\n<p>Wir und alle mit uns verbundenen Unternehmen zahlen keine Entsch\u00e4digung f\u00fcr Verluste oder Verletzungen, weder mit Strafcharakter noch anderweitig, die aus der Verwendung oder Nutzung von AI-Texten entstehen.<\/p>\n\n\n\n<h3 class=\"wp-block-heading\" style=\"margin-top:var(--wp--preset--spacing--50);font-size:clamp(0.984rem, 0.984rem + ((1vw - 0.2rem) * 0.809), 1.5rem);\"><strong>KI-Modelle von Drittanbietern<\/strong><\/h3>\n\n\n\n<p>AI Tool verwendet verschiedene AI-Modelle von Drittanbietern. Nachfolgend finden Sie die aktuellen Anbieter sowie deren Nutzungsbedingungen und Datenschutzrichtlinien. Die verwendeten AI-Modelle von Drittanbietern k\u00f6nnen sich jederzeit \u00e4ndern. Wenn Sie AI Tools verwenden, akzeptieren Sie nicht nur diese Bedingungen, sondern auch die unten aufgef\u00fchrten Nutzungsbedingungen und die unten aufgef\u00fchrten Datenschutzrichtlinien f\u00fcr alle Daten, die Sie oder Ihr Unternehmen in AI Tool eingeben:<\/p>\n\n\n\n<ul class=\"wp-block-list\">\n<li>OpenAI\n<ul class=\"wp-block-list\">\n<li>Allgemeine Gesch\u00e4ftsbedingungen: https:\/\/openai.com\/policies\/row-terms-of-use\/<\/li>\n\n\n\n<li>Datenschutzbestimmungen: https:\/\/openai.com\/policies\/row-privacy-policy\/<\/li>\n<\/ul>\n<\/li>\n\n\n\n<li>Microsoft Azure\n<ul class=\"wp-block-list\">\n<li>Allgemeine Gesch\u00e4ftsbedingungen: https:\/\/www.microsoft.com\/en-us\/servicesagreement<\/li>\n\n\n\n<li>Datenschutzbestimmungen: https:\/\/www.microsoft.com\/en-us\/privacy\/privacystatement<\/li>\n<\/ul>\n<\/li>\n\n\n\n<li>Google\n<ul class=\"wp-block-list\">\n<li>Allgemeine Gesch\u00e4ftsbedingungen: https:\/\/policies.google.com\/terms<\/li>\n\n\n\n<li>Datenschutzbestimmungen: https:\/\/policies.google.com\/privacy<\/li>\n<\/ul>\n<\/li>\n\n\n\n<li>Anthropic\n<ul class=\"wp-block-list\">\n<li>Allgemeine Gesch\u00e4ftsbedingungen: https:\/\/www.anthropic.com\/legal\/commercial-terms<\/li>\n\n\n\n<li>Datenschutzbestimmungen: https:\/\/www.anthropic.com\/legal\/privacy<\/li>\n<\/ul>\n<\/li>\n\n\n\n<li>xAI\n<ul class=\"wp-block-list\">\n<li>Allgemeine Gesch\u00e4ftsbedingungen: https:\/\/x.ai\/legal\/terms-of-service\/<\/li>\n\n\n\n<li>Datenschutzbestimmungen: https:\/\/x.ai\/legal\/privacy-policy\/<\/li>\n<\/ul>\n<\/li>\n<\/ul>\n\n\n\n<h3 class=\"wp-block-heading\" style=\"margin-top:var(--wp--preset--spacing--50);font-size:clamp(0.984rem, 0.984rem + ((1vw - 0.2rem) * 0.809), 1.5rem);\"><strong>Akzeptanz<\/strong><\/h3>\n\n\n\n<p>Diese Bedingungen werden nur dann verlinkt, wenn Sie das AI Tool zum ersten Mal nutzen oder verwenden m\u00f6chten. Durch die Nutzung des AI Tools erkl\u00e4ren Sie sich mit diesen Bedingungen einverstanden. Sobald Sie den Bedingungen zugestimmt haben, k\u00f6nnen Sie sie jederzeit \u00fcber diesen Link wiederfinden.<\/p>\n\n\n\n<p>Alle Streitigkeiten, die sich aus oder im Zusammenhang mit diesen Bedingungen ergeben, werden gem\u00e4\u00df den f\u00fcr unsere Dienstleistungen geltenden allgemeinen Gesch\u00e4ftsbedingungen beigelegt.<\/p>","protected":false},"excerpt":{"rendered":"<p>Use and application of AI Tool This AI tool (hereinafter &#8220;AI Tool&#8221;) may only be used for the intended purpose, i.e. to support creating or editing an authorized website. Any unauthorized use or utilization of AI Tool will violate our guidelines for the use of AI Tool and may result in termination of your access [&hellip;]<\/p>\n","protected":false},"author":3,"featured_media":0,"parent":0,"menu_order":0,"comment_status":"closed","ping_status":"closed","template":"","meta":{"footnotes":""},"class_list":["post-8","page","type-page","status-publish","hentry"],"_links":{"self":[{"href":"https:\/\/hosting-ai-terms.com\/de_ch\/wp-json\/wp\/v2\/pages\/8","targetHints":{"allow":["GET"]}}],"collection":[{"href":"https:\/\/hosting-ai-terms.com\/de_ch\/wp-json\/wp\/v2\/pages"}],"about":[{"href":"https:\/\/hosting-ai-terms.com\/de_ch\/wp-json\/wp\/v2\/types\/page"}],"author":[{"embeddable":true,"href":"https:\/\/hosting-ai-terms.com\/de_ch\/wp-json\/wp\/v2\/users\/3"}],"replies":[{"embeddable":true,"href":"https:\/\/hosting-ai-terms.com\/de_ch\/wp-json\/wp\/v2\/comments?post=8"}],"version-history":[{"count":21,"href":"https:\/\/hosting-ai-terms.com\/de_ch\/wp-json\/wp\/v2\/pages\/8\/revisions"}],"predecessor-version":[{"id":57,"href":"https:\/\/hosting-ai-terms.com\/de_ch\/wp-json\/wp\/v2\/pages\/8\/revisions\/57"}],"wp:attachment":[{"href":"https:\/\/hosting-ai-terms.com\/de_ch\/wp-json\/wp\/v2\/media?parent=8"}],"curies":[{"name":"wp","href":"https:\/\/api.w.org\/{rel}","templated":true}]}}