{"id":8,"date":"2025-11-21T19:49:43","date_gmt":"2025-11-21T19:49:43","guid":{"rendered":"https:\/\/hosting-ai-terms.com\/?page_id=8"},"modified":"2025-12-03T17:08:17","modified_gmt":"2025-12-03T17:08:17","slug":"ai-powered-wordpress-tool-terms-of-service","status":"publish","type":"page","link":"https:\/\/hosting-ai-terms.com\/da\/","title":{"rendered":"Vilk\u00e5r for brug af AI-drevet WordPress-v\u00e6rkt\u00f8j"},"content":{"rendered":"<div class=\"wp-block-group has-global-padding is-layout-constrained wp-block-group-is-layout-constrained\"><\/p>\n<div class=\"notice-ai-translated\">\n<p><strong>Bem\u00e6rk:<\/strong> Denne side er oversat fra den originale engelske version ved hj\u00e6lp af AI. <\/p>\n<p>For at se de originale engelske udtryk,<br \/>\n<a href=\"https:\/\/hosting-ai-terms.com\/en\/\" data-no-translation-href>klik her<\/a>.<\/p>\n<\/div>\n<p>\n<\/div>\n\n\n\n<h3 class=\"wp-block-heading is-style-default\" style=\"margin-top:var(--wp--preset--spacing--50);font-size:clamp(0.984rem, 0.984rem + ((1vw - 0.2rem) * 0.809), 1.5rem);\"><strong>Brug og anvendelse af AI-v\u00e6rkt\u00f8j<\/strong><\/h3>\n\n\n\n<p>Dette AI-v\u00e6rkt\u00f8j (herefter \u201cAI-v\u00e6rkt\u00f8j\u201d) m\u00e5 kun bruges til det tilsigtede form\u00e5l, dvs. til at underst\u00f8tte oprettelse eller redigering af et autoriseret websted. Enhver uautoriseret brug eller udnyttelse af AI-v\u00e6rkt\u00f8jet vil v\u00e6re i strid med vores retningslinjer for brug af AI-v\u00e6rkt\u00f8jet og kan resultere i, at din adgang til funktionaliteten oph\u00f8rer.<\/p>\n\n\n\n<p>For enhver brug eller udnyttelse af AI Tool, der overtr\u00e6der vores retningslinjer, g\u00e6ldende lovgivning eller tredjeparts immaterielle rettigheder, vil du som bruger eller din virksomhed blive holdt fuldt ansvarlig og forpligtet til at d\u00e6kke ethvert tab, vi m\u00e5tte p\u00e5drage os i forbindelse hermed.<\/p>\n\n\n\n<p>AI Tool genererer forslag til kode eller tekst. Det er derfor vigtigt altid at verificere og gennemg\u00e5 s\u00e5danne genererede forslag, f\u00f8r du eller din virksomhed g\u00f8r brug af resultatet. Output genereret fra AI Tool er baseret p\u00e5 tredjeparts AI-modeller, og vi p\u00e5tager os intet ansvar for det output, der leveres af AI Tool.<\/p>\n\n\n\n<h3 class=\"wp-block-heading\" style=\"margin-top:var(--wp--preset--spacing--60);font-size:clamp(0.984rem, 0.984rem + ((1vw - 0.2rem) * 0.809), 1.5rem);\"><strong>H\u00e6ftelse og ansvar<\/strong><\/h3>\n\n\n\n<p>Vi og vores tilknyttede selskaber fraskriver os ethvert ansvar for tab, hvad enten det er direkte eller indirekte, tilf\u00e6ldige eller f\u00f8lgeskader, der opst\u00e5r som f\u00f8lge af brugen eller udnyttelsen af AI Tool.<\/p>\n\n\n\n<p>Vi og vores datterselskaber betaler ikke nogen form for kompensation for tab eller skade, straf eller andet, der opst\u00e5r som f\u00f8lge af brugen eller udnyttelsen af AI Texts.<\/p>\n\n\n\n<h3 class=\"wp-block-heading\" style=\"margin-top:var(--wp--preset--spacing--50);font-size:clamp(0.984rem, 0.984rem + ((1vw - 0.2rem) * 0.809), 1.5rem);\"><strong>Tredjeparts AI-modeller<\/strong><\/h3>\n\n\n\n<p>AI Tool bruger forskellige tredjeparts AI-modeller fra forskellige udbydere. Nedenfor er de aktuelle udbydere sammen med deres servicevilk\u00e5r og privatlivspolitikker. De anvendte tredjeparts AI-modeller kan til enhver tid \u00e6ndres. N\u00e5r du bruger AI-v\u00e6rkt\u00f8jer, accepterer du ud over disse vilk\u00e5r ogs\u00e5 nedenst\u00e5ende servicevilk\u00e5r, og nedenst\u00e5ende privatlivspolitikker g\u00e6lder for alle data, som du eller din virksomhed indtaster i AI-v\u00e6rkt\u00f8jet:<\/p>\n\n\n\n<ul class=\"wp-block-list\">\n<li>OpenAI\n<ul class=\"wp-block-list\">\n<li>Servicevilk\u00e5r: https:\/\/openai.com\/policies\/row-terms-of-use\/<\/li>\n\n\n\n<li>Fortrolighedspolitik: https:\/\/openai.com\/policies\/row-privacy-policy\/<\/li>\n<\/ul>\n<\/li>\n\n\n\n<li>Microsoft Azure\n<ul class=\"wp-block-list\">\n<li>Servicevilk\u00e5r: https:\/\/www.microsoft.com\/en-us\/servicesagreement<\/li>\n\n\n\n<li>Fortrolighedspolitik: https:\/\/www.microsoft.com\/en-us\/privacy\/privacystatement<\/li>\n<\/ul>\n<\/li>\n\n\n\n<li>Google\n<ul class=\"wp-block-list\">\n<li>Servicevilk\u00e5r: https:\/\/policies.google.com\/terms<\/li>\n\n\n\n<li>Fortrolighedspolitik: https:\/\/policies.google.com\/privacy<\/li>\n<\/ul>\n<\/li>\n\n\n\n<li>Anthropic\n<ul class=\"wp-block-list\">\n<li>Servicevilk\u00e5r: https:\/\/www.anthropic.com\/legal\/commercial-terms<\/li>\n\n\n\n<li>Fortrolighedspolitik: https:\/\/www.anthropic.com\/legal\/privacy<\/li>\n<\/ul>\n<\/li>\n\n\n\n<li>xAI\n<ul class=\"wp-block-list\">\n<li>Servicevilk\u00e5r: https:\/\/x.ai\/legal\/terms-of-service\/<\/li>\n\n\n\n<li>Fortrolighedspolitik: https:\/\/x.ai\/legal\/privacy-policy\/<\/li>\n<\/ul>\n<\/li>\n<\/ul>\n\n\n\n<h3 class=\"wp-block-heading\" style=\"margin-top:var(--wp--preset--spacing--50);font-size:clamp(0.984rem, 0.984rem + ((1vw - 0.2rem) * 0.809), 1.5rem);\"><strong>Accept<\/strong><\/h3>\n\n\n\n<p>Disse vilk\u00e5r vil kun blive linket til f\u00f8rste gang, du \u00f8nsker at g\u00f8re brug af AI Tool, og ved at bruge AI Tool accepterer du disse vilk\u00e5r. N\u00e5r du har accepteret vilk\u00e5rene, vil du altid kunne finde dem igen fra dette link.<\/p>\n\n\n\n<p>Enhver tvist, der opst\u00e5r som f\u00f8lge af eller i forbindelse med disse vilk\u00e5r, skal afg\u00f8res i overensstemmelse med de generelle vilk\u00e5r og betingelser, der g\u00e6lder for vores tjenester.<\/p>","protected":false},"excerpt":{"rendered":"<p>Use and application of AI Tool This AI tool (hereinafter &#8220;AI Tool&#8221;) may only be used for the intended purpose, i.e. to support creating or editing an authorized website. Any unauthorized use or utilization of AI Tool will violate our guidelines for the use of AI Tool and may result in termination of your access [&hellip;]<\/p>\n","protected":false},"author":3,"featured_media":0,"parent":0,"menu_order":0,"comment_status":"closed","ping_status":"closed","template":"","meta":{"footnotes":""},"class_list":["post-8","page","type-page","status-publish","hentry"],"_links":{"self":[{"href":"https:\/\/hosting-ai-terms.com\/da\/wp-json\/wp\/v2\/pages\/8","targetHints":{"allow":["GET"]}}],"collection":[{"href":"https:\/\/hosting-ai-terms.com\/da\/wp-json\/wp\/v2\/pages"}],"about":[{"href":"https:\/\/hosting-ai-terms.com\/da\/wp-json\/wp\/v2\/types\/page"}],"author":[{"embeddable":true,"href":"https:\/\/hosting-ai-terms.com\/da\/wp-json\/wp\/v2\/users\/3"}],"replies":[{"embeddable":true,"href":"https:\/\/hosting-ai-terms.com\/da\/wp-json\/wp\/v2\/comments?post=8"}],"version-history":[{"count":21,"href":"https:\/\/hosting-ai-terms.com\/da\/wp-json\/wp\/v2\/pages\/8\/revisions"}],"predecessor-version":[{"id":57,"href":"https:\/\/hosting-ai-terms.com\/da\/wp-json\/wp\/v2\/pages\/8\/revisions\/57"}],"wp:attachment":[{"href":"https:\/\/hosting-ai-terms.com\/da\/wp-json\/wp\/v2\/media?parent=8"}],"curies":[{"name":"wp","href":"https:\/\/api.w.org\/{rel}","templated":true}]}}