{"id":8,"date":"2025-11-21T19:49:43","date_gmt":"2025-11-21T19:49:43","guid":{"rendered":"https:\/\/hosting-ai-terms.com\/?page_id=8"},"modified":"2025-12-03T17:08:17","modified_gmt":"2025-12-03T17:08:17","slug":"ai-powered-wordpress-tool-terms-of-service","status":"publish","type":"page","link":"https:\/\/hosting-ai-terms.com\/cs\/","title":{"rendered":"Podm\u00ednky slu\u017eby n\u00e1stroje WordPress poh\u00e1n\u011bn\u00e9ho um\u011blou inteligenc\u00ed"},"content":{"rendered":"<div class=\"wp-block-group has-global-padding is-layout-constrained wp-block-group-is-layout-constrained\"><\/p>\n<div class=\"notice-ai-translated\">\n<p><strong>Pozn\u00e1mka:<\/strong> Tato str\u00e1nka byla p\u0159elo\u017eena z p\u016fvodn\u00ed anglick\u00e9 verze pomoc\u00ed AI. <\/p>\n<p>P\u016fvodn\u00ed anglick\u00e9 term\u00edny,<br \/>\n<a href=\"https:\/\/hosting-ai-terms.com\/en\/\" data-no-translation-href>klikn\u011bte zde<\/a>.<\/p>\n<\/div>\n<p>\n<\/div>\n\n\n\n<h3 class=\"wp-block-heading is-style-default\" style=\"margin-top:var(--wp--preset--spacing--50);font-size:clamp(0.984rem, 0.984rem + ((1vw - 0.2rem) * 0.809), 1.5rem);\"><strong>Pou\u017eit\u00ed a aplikace n\u00e1stroje AI<\/strong><\/h3>\n\n\n\n<p>Tento n\u00e1stroj pro um\u011blou inteligenci (d\u00e1le jen \u201cn\u00e1stroj pro um\u011blou inteligenci\u201d) lze pou\u017e\u00edvat pouze k ur\u010den\u00e9mu \u00fa\u010delu, tj. k podpo\u0159e vytv\u00e1\u0159en\u00ed nebo \u00faprav\u011b autorizovan\u00fdch webov\u00fdch str\u00e1nek. Jak\u00e9koli neopr\u00e1vn\u011bn\u00e9 pou\u017eit\u00ed nebo vyu\u017eit\u00ed n\u00e1stroje AI Tool bude v rozporu s na\u0161imi pokyny pro pou\u017e\u00edv\u00e1n\u00ed n\u00e1stroje AI Tool a m\u016f\u017ee v\u00e9st k ukon\u010den\u00ed va\u0161eho p\u0159\u00edstupu k t\u00e9to funkci.<\/p>\n\n\n\n<p>Za jak\u00e9koli pou\u017eit\u00ed nebo vyu\u017eit\u00ed n\u00e1stroje AI Tool, kter\u00e9 poru\u0161uje na\u0161e pokyny, platn\u00e9 z\u00e1kony nebo pr\u00e1va du\u0161evn\u00edho vlastnictv\u00ed t\u0159et\u00edch stran, ponesete vy jako u\u017eivatel nebo va\u0161e spole\u010dnost plnou odpov\u011bdnost a ru\u010d\u00edte za p\u0159\u00edpadn\u00e9 ztr\u00e1ty, kter\u00e9 n\u00e1m v souvislosti s t\u00edm mohou vzniknout.<\/p>\n\n\n\n<p>N\u00e1stroj AI Tool generuje n\u00e1vrhy k\u00f3du nebo textu. Proto je d\u016fle\u017eit\u00e9 takov\u00e9 vygenerovan\u00e9 n\u00e1vrhy v\u017edy ov\u011b\u0159it a zkontrolovat, ne\u017e vy nebo va\u0161e spole\u010dnost v\u00fdsledek vyu\u017eijete. V\u00fdstupy vygenerovan\u00e9 n\u00e1strojem AI Tool jsou zalo\u017eeny na modelech AI t\u0159et\u00edch stran a za v\u00fdstupy poskytnut\u00e9 n\u00e1strojem AI Tool nep\u0159eb\u00edr\u00e1me \u017e\u00e1dnou odpov\u011bdnost.<\/p>\n\n\n\n<h3 class=\"wp-block-heading\" style=\"margin-top:var(--wp--preset--spacing--60);font-size:clamp(0.984rem, 0.984rem + ((1vw - 0.2rem) * 0.809), 1.5rem);\"><strong>Odpov\u011bdnost a ru\u010den\u00ed<\/strong><\/h3>\n\n\n\n<p>My ani \u017e\u00e1dn\u00e1 z na\u0161ich p\u0159idru\u017een\u00fdch spole\u010dnost\u00ed se z\u0159\u00edk\u00e1me jak\u00e9koli odpov\u011bdnosti za jak\u00e9koli ztr\u00e1ty, a\u0165 u\u017e p\u0159\u00edm\u00e9 nebo nep\u0159\u00edm\u00e9, n\u00e1hodn\u00e9 nebo n\u00e1sledn\u00e9, vypl\u00fdvaj\u00edc\u00ed z pou\u017e\u00edv\u00e1n\u00ed nebo vyu\u017e\u00edv\u00e1n\u00ed n\u00e1stroje AI Tool.<\/p>\n\n\n\n<p>My ani \u017e\u00e1dn\u00e1 z na\u0161ich p\u0159idru\u017een\u00fdch spole\u010dnost\u00ed neposkytujeme \u017e\u00e1dnou n\u00e1hradu za ztr\u00e1tu nebo \u00fajmu, trestn\u00ed nebo jinou, kter\u00e1 by vznikla v d\u016fsledku pou\u017e\u00edv\u00e1n\u00ed nebo vyu\u017e\u00edv\u00e1n\u00ed text\u016f AI.<\/p>\n\n\n\n<h3 class=\"wp-block-heading\" style=\"margin-top:var(--wp--preset--spacing--50);font-size:clamp(0.984rem, 0.984rem + ((1vw - 0.2rem) * 0.809), 1.5rem);\"><strong>Modely AI t\u0159et\u00edch stran<\/strong><\/h3>\n\n\n\n<p>N\u00e1stroj AI Tool pou\u017e\u00edv\u00e1 r\u016fzn\u00e9 modely AI t\u0159et\u00edch stran od r\u016fzn\u00fdch poskytovatel\u016f. N\u00ed\u017ee jsou uvedeni sou\u010dasn\u00ed poskytovatel\u00e9 spolu s jejich podm\u00ednkami slu\u017eby a z\u00e1sadami ochrany osobn\u00edch \u00fadaj\u016f. Pou\u017e\u00edvan\u00e9 modely AI t\u0159et\u00edch stran se mohou kdykoli zm\u011bnit. P\u0159i pou\u017e\u00edv\u00e1n\u00ed n\u00e1stroj\u016f AI Tool krom\u011b souhlasu s t\u011bmito podm\u00ednkami p\u0159ij\u00edm\u00e1te tak\u00e9 n\u00ed\u017ee uveden\u00e9 podm\u00ednky poskytov\u00e1n\u00ed slu\u017eeb a n\u00ed\u017ee uveden\u00e9 z\u00e1sady ochrany osobn\u00edch \u00fadaj\u016f se vztahuj\u00ed na v\u0161echny \u00fadaje, kter\u00e9 vy nebo va\u0161e spole\u010dnost zad\u00e1te do n\u00e1stroje AI Tool:<\/p>\n\n\n\n<ul class=\"wp-block-list\">\n<li>OpenAI\n<ul class=\"wp-block-list\">\n<li>Podm\u00ednky slu\u017eby: https:\/\/openai.com\/policies\/row-terms-of-use\/<\/li>\n\n\n\n<li>Z\u00e1sady ochrany osobn\u00edch \u00fadaj\u016f: https:\/\/openai.com\/policies\/row-privacy-policy\/<\/li>\n<\/ul>\n<\/li>\n\n\n\n<li>Microsoft Azure\n<ul class=\"wp-block-list\">\n<li>Podm\u00ednky slu\u017eby: https:\/\/www.microsoft.com\/en-us\/servicesagreement<\/li>\n\n\n\n<li>Z\u00e1sady ochrany osobn\u00edch \u00fadaj\u016f: https:\/\/www.microsoft.com\/en-us\/privacy\/privacystatement<\/li>\n<\/ul>\n<\/li>\n\n\n\n<li>Google\n<ul class=\"wp-block-list\">\n<li>Podm\u00ednky slu\u017eby: https:\/\/policies.google.com\/terms<\/li>\n\n\n\n<li>Z\u00e1sady ochrany osobn\u00edch \u00fadaj\u016f: https:\/\/policies.google.com\/privacy<\/li>\n<\/ul>\n<\/li>\n\n\n\n<li>Anthropic\n<ul class=\"wp-block-list\">\n<li>Podm\u00ednky slu\u017eby: https:\/\/www.anthropic.com\/legal\/commercial-terms<\/li>\n\n\n\n<li>Z\u00e1sady ochrany osobn\u00edch \u00fadaj\u016f: https:\/\/www.anthropic.com\/legal\/privacy<\/li>\n<\/ul>\n<\/li>\n\n\n\n<li>xAI\n<ul class=\"wp-block-list\">\n<li>Podm\u00ednky slu\u017eby: https:\/\/x.ai\/legal\/terms-of-service\/<\/li>\n\n\n\n<li>Z\u00e1sady ochrany osobn\u00edch \u00fadaj\u016f: https:\/\/x.ai\/legal\/privacy-policy\/<\/li>\n<\/ul>\n<\/li>\n<\/ul>\n\n\n\n<h3 class=\"wp-block-heading\" style=\"margin-top:var(--wp--preset--spacing--50);font-size:clamp(0.984rem, 0.984rem + ((1vw - 0.2rem) * 0.809), 1.5rem);\"><strong>P\u0159ijet\u00ed<\/strong><\/h3>\n\n\n\n<p>Tyto podm\u00ednky budou spojeny pouze s prvn\u00edm pou\u017eit\u00edm nebo vyu\u017eit\u00edm n\u00e1stroje AI Tool a pou\u017e\u00edv\u00e1n\u00edm n\u00e1stroje AI Tool vyjad\u0159ujete sv\u016fj souhlas s t\u011bmito podm\u00ednkami. Jakmile s podm\u00ednkami souhlas\u00edte, budete je moci v\u017edy znovu naj\u00edt na tomto odkazu.<\/p>\n\n\n\n<p>Jak\u00e9koli spory vypl\u00fdvaj\u00edc\u00ed z t\u011bchto podm\u00ednek nebo s nimi souvisej\u00edc\u00ed se \u0159e\u0161\u00ed v souladu s obecn\u00fdmi podm\u00ednkami platn\u00fdmi pro na\u0161e slu\u017eby.<\/p>","protected":false},"excerpt":{"rendered":"<p>Use and application of AI Tool This AI tool (hereinafter &#8220;AI Tool&#8221;) may only be used for the intended purpose, i.e. to support creating or editing an authorized website. Any unauthorized use or utilization of AI Tool will violate our guidelines for the use of AI Tool and may result in termination of your access [&hellip;]<\/p>\n","protected":false},"author":3,"featured_media":0,"parent":0,"menu_order":0,"comment_status":"closed","ping_status":"closed","template":"","meta":{"footnotes":""},"class_list":["post-8","page","type-page","status-publish","hentry"],"_links":{"self":[{"href":"https:\/\/hosting-ai-terms.com\/cs\/wp-json\/wp\/v2\/pages\/8","targetHints":{"allow":["GET"]}}],"collection":[{"href":"https:\/\/hosting-ai-terms.com\/cs\/wp-json\/wp\/v2\/pages"}],"about":[{"href":"https:\/\/hosting-ai-terms.com\/cs\/wp-json\/wp\/v2\/types\/page"}],"author":[{"embeddable":true,"href":"https:\/\/hosting-ai-terms.com\/cs\/wp-json\/wp\/v2\/users\/3"}],"replies":[{"embeddable":true,"href":"https:\/\/hosting-ai-terms.com\/cs\/wp-json\/wp\/v2\/comments?post=8"}],"version-history":[{"count":21,"href":"https:\/\/hosting-ai-terms.com\/cs\/wp-json\/wp\/v2\/pages\/8\/revisions"}],"predecessor-version":[{"id":57,"href":"https:\/\/hosting-ai-terms.com\/cs\/wp-json\/wp\/v2\/pages\/8\/revisions\/57"}],"wp:attachment":[{"href":"https:\/\/hosting-ai-terms.com\/cs\/wp-json\/wp\/v2\/media?parent=8"}],"curies":[{"name":"wp","href":"https:\/\/api.w.org\/{rel}","templated":true}]}}