{"id":8,"date":"2025-11-21T19:49:43","date_gmt":"2025-11-21T19:49:43","guid":{"rendered":"https:\/\/hosting-ai-terms.com\/?page_id=8"},"modified":"2025-12-03T17:08:17","modified_gmt":"2025-12-03T17:08:17","slug":"ai-powered-wordpress-tool-terms-of-service","status":"publish","type":"page","link":"https:\/\/hosting-ai-terms.com\/ca\/","title":{"rendered":"Condicions del servei de l&#039;eina WordPress basada en IA"},"content":{"rendered":"<div class=\"wp-block-group has-global-padding is-layout-constrained wp-block-group-is-layout-constrained\"><\/p>\n<div class=\"notice-ai-translated\">\n<p><strong>Nota:<\/strong> Aquesta p\u00e0gina ha estat tradu\u00efda de la versi\u00f3 original en angl\u00e8s mitjan\u00e7ant IA. <\/p>\n<p>Per veure els termes originals en angl\u00e8s,<br \/>\n<a href=\"https:\/\/hosting-ai-terms.com\/en\/\" data-no-translation-href>feu clic aqu\u00ed<\/a>.<\/p>\n<\/div>\n<p>\n<\/div>\n\n\n\n<h3 class=\"wp-block-heading is-style-default\" style=\"margin-top:var(--wp--preset--spacing--50);font-size:clamp(0.984rem, 0.984rem + ((1vw - 0.2rem) * 0.809), 1.5rem);\"><strong>\u00das i aplicaci\u00f3 d&#039;eines d&#039;IA<\/strong><\/h3>\n\n\n\n<p>Aquesta eina d&#039;IA (d&#039;ara endavant, &quot;Eina d&#039;IA&quot;) nom\u00e9s es pot utilitzar per a la finalitat prevista, \u00e9s a dir, per donar suport a la creaci\u00f3 o edici\u00f3 d&#039;un lloc web autoritzat. Qualsevol \u00fas o utilitzaci\u00f3 no autoritzada de l&#039;Eina d&#039;IA infringir\u00e0 les nostres directrius per a l&#039;\u00fas de l&#039;Eina d&#039;IA i pot resultar en la cancel\u00b7laci\u00f3 del vostre acc\u00e9s a la funcionalitat.<\/p>\n\n\n\n<p>Per qualsevol \u00fas o utilitzaci\u00f3 de l&#039;eina d&#039;IA que infringeixi les nostres directrius, la legislaci\u00f3 aplicable o qualsevol dret de propietat intel\u00b7lectual de tercers, vost\u00e8 com a usuari o la seva empresa ser\u00e0 totalment responsable i obligat a cobrir qualsevol p\u00e8rdua que puguem patir en relaci\u00f3 amb aix\u00f2.<\/p>\n\n\n\n<p>L&#039;eina d&#039;IA genera suggeriments de codi o text. Per tant, \u00e9s important verificar i revisar sempre aquests suggeriments generats abans que vosaltres o la vostra empresa en feu \u00fas. Els resultats generats per l&#039;eina d&#039;IA es basen en models d&#039;IA de tercers i no assumim cap responsabilitat pels resultats proporcionats per l&#039;eina d&#039;IA.<\/p>\n\n\n\n<h3 class=\"wp-block-heading\" style=\"margin-top:var(--wp--preset--spacing--60);font-size:clamp(0.984rem, 0.984rem + ((1vw - 0.2rem) * 0.809), 1.5rem);\"><strong>Responsabilitat i responsabilitat<\/strong><\/h3>\n\n\n\n<p>Nosaltres, i qualsevol dels nostres afiliats, renunciem a qualsevol responsabilitat per qualsevol p\u00e8rdua, ja sigui directa o indirecta, incidental o conseq\u00fcent, derivada de l&#039;\u00fas o la utilitzaci\u00f3 d&#039;AI Tool.<\/p>\n\n\n\n<p>Ni nosaltres ni cap dels nostres afiliats paguem cap mena de compensaci\u00f3 per p\u00e8rdues o lesions, punitives o d&#039;altra mena, derivades de l&#039;\u00fas o la utilitzaci\u00f3 de textos d&#039;IA.<\/p>\n\n\n\n<h3 class=\"wp-block-heading\" style=\"margin-top:var(--wp--preset--spacing--50);font-size:clamp(0.984rem, 0.984rem + ((1vw - 0.2rem) * 0.809), 1.5rem);\"><strong>Models d&#039;IA de tercers<\/strong><\/h3>\n\n\n\n<p>AI Tool utilitza diversos models d&#039;IA de tercers de diferents prove\u00efdors. A continuaci\u00f3 es mostren els prove\u00efdors actuals juntament amb els seus termes de servei i pol\u00edtiques de privadesa. Els models d&#039;IA de tercers que s&#039;utilitzen estan subjectes a canvis en qualsevol moment. Quan utilitzeu AI Tools, a m\u00e9s d&#039;acceptar aquests termes, tamb\u00e9 accepteu els termes de servei seg\u00fcents i les pol\u00edtiques de privadesa seg\u00fcents s&#039;aplicaran a qualsevol dada que vosaltres o la vostra empresa introdu\u00efu a AI Tool:<\/p>\n\n\n\n<ul class=\"wp-block-list\">\n<li>OpenAI\n<ul class=\"wp-block-list\">\n<li>Condicions del servei: https:\/\/openai.com\/policies\/row-terms-of-use\/<\/li>\n\n\n\n<li>Pol\u00edtica de privacitat: https:\/\/openai.com\/policies\/row-privacy-policy\/<\/li>\n<\/ul>\n<\/li>\n\n\n\n<li>Microsoft Azure\n<ul class=\"wp-block-list\">\n<li>Condicions del servei: https:\/\/www.microsoft.com\/en-us\/servicesagreement<\/li>\n\n\n\n<li>Pol\u00edtica de privacitat: https:\/\/www.microsoft.com\/en-us\/privacy\/privacystatement<\/li>\n<\/ul>\n<\/li>\n\n\n\n<li>Google\n<ul class=\"wp-block-list\">\n<li>Condicions del servei: https:\/\/policies.google.com\/terms<\/li>\n\n\n\n<li>Pol\u00edtica de privacitat: https:\/\/policies.google.com\/privacy<\/li>\n<\/ul>\n<\/li>\n\n\n\n<li>Anthropic\n<ul class=\"wp-block-list\">\n<li>Condicions del servei: https:\/\/www.anthropic.com\/legal\/commercial-terms<\/li>\n\n\n\n<li>Pol\u00edtica de privacitat: https:\/\/www.anthropic.com\/legal\/privacy<\/li>\n<\/ul>\n<\/li>\n\n\n\n<li>IA x\n<ul class=\"wp-block-list\">\n<li>Condicions del servei: https:\/\/x.ai\/legal\/terms-of-service\/<\/li>\n\n\n\n<li>Pol\u00edtica de privacitat: https:\/\/x.ai\/legal\/privacy-policy\/<\/li>\n<\/ul>\n<\/li>\n<\/ul>\n\n\n\n<h3 class=\"wp-block-heading\" style=\"margin-top:var(--wp--preset--spacing--50);font-size:clamp(0.984rem, 0.984rem + ((1vw - 0.2rem) * 0.809), 1.5rem);\"><strong>Acceptaci\u00f3<\/strong><\/h3>\n\n\n\n<p>Aquests termes nom\u00e9s estaran vinculats a la primera vegada que vulgueu fer \u00fas o utilitzar AI Tool i, en utilitzar AI Tool, accepteu aquests termes. Un cop h\u00e0giu acceptat els termes, sempre els podreu trobar de nou des d&#039;aquest enlla\u00e7.<\/p>\n\n\n\n<p>Qualsevol controv\u00e8rsia que sorgeixi de o en relaci\u00f3 amb aquestes condicions es resoldr\u00e0 d&#039;acord amb els termes i condicions generals aplicables als nostres serveis.<\/p>","protected":false},"excerpt":{"rendered":"<p>Use and application of AI Tool This AI tool (hereinafter &#8220;AI Tool&#8221;) may only be used for the intended purpose, i.e. to support creating or editing an authorized website. Any unauthorized use or utilization of AI Tool will violate our guidelines for the use of AI Tool and may result in termination of your access [&hellip;]<\/p>\n","protected":false},"author":3,"featured_media":0,"parent":0,"menu_order":0,"comment_status":"closed","ping_status":"closed","template":"","meta":{"footnotes":""},"class_list":["post-8","page","type-page","status-publish","hentry"],"_links":{"self":[{"href":"https:\/\/hosting-ai-terms.com\/ca\/wp-json\/wp\/v2\/pages\/8","targetHints":{"allow":["GET"]}}],"collection":[{"href":"https:\/\/hosting-ai-terms.com\/ca\/wp-json\/wp\/v2\/pages"}],"about":[{"href":"https:\/\/hosting-ai-terms.com\/ca\/wp-json\/wp\/v2\/types\/page"}],"author":[{"embeddable":true,"href":"https:\/\/hosting-ai-terms.com\/ca\/wp-json\/wp\/v2\/users\/3"}],"replies":[{"embeddable":true,"href":"https:\/\/hosting-ai-terms.com\/ca\/wp-json\/wp\/v2\/comments?post=8"}],"version-history":[{"count":21,"href":"https:\/\/hosting-ai-terms.com\/ca\/wp-json\/wp\/v2\/pages\/8\/revisions"}],"predecessor-version":[{"id":57,"href":"https:\/\/hosting-ai-terms.com\/ca\/wp-json\/wp\/v2\/pages\/8\/revisions\/57"}],"wp:attachment":[{"href":"https:\/\/hosting-ai-terms.com\/ca\/wp-json\/wp\/v2\/media?parent=8"}],"curies":[{"name":"wp","href":"https:\/\/api.w.org\/{rel}","templated":true}]}}